{"id":46212,"date":"2023-01-06T14:05:09","date_gmt":"2023-01-06T14:05:09","guid":{"rendered":"https:\/\/wydawnictwo.ug.edu.pl\/ksiegarnia-online\/uncategorized\/rocznik-gdanski-tom-lxxx-2020\/"},"modified":"2026-02-11T13:17:27","modified_gmt":"2026-02-11T13:17:27","slug":"rocznik-gdanski-tom-lxxx-2020","status":"publish","type":"product","link":"https:\/\/wydawnictwo.ug.edu.pl\/en\/ksiegarnia-online\/historia\/rocznik-gdanski-tom-lxxx-2020\/","title":{"rendered":"Rocznik Gda\u0144ski. Tom LXXX (2020)"},"content":{"rendered":"","protected":false},"excerpt":{"rendered":"<p><a href=\"https:\/\/czasopisma.bg.ug.edu.pl\/index.php\/rocznikgdanski\/issue\/archive\">Czasopismo dost\u0119pne w wersji elektronicznej<\/a>.<\/p>\n<p>\u201eRocznik Gda\u0144ski\u201d jest polskim czasopismem naukowym wydawanym od 1927 roku najpierw przez Towarzystwo Przyjaci\u00f3\u0142 Nauki i Sztuki w Gda\u0144sku, a od 1956 roku przez Gda\u0144skie Towarzystwo Naukowe.<\/p>\n<p>&nbsp;<\/p>\n","protected":false},"featured_media":23361,"template":"","meta":{"_acf_changed":false},"journal":[7068],"rodzaj":[7077],"seria":[],"product_brand":[],"product_cat":[6958],"product_tag":[7419],"class_list":{"0":"post-46212","1":"product","2":"type-product","3":"status-publish","4":"has-post-thumbnail","6":"journal-rocznik-gdanski","7":"rodzaj-czasopismo","8":"product_cat-historia","9":"product_tag-agnieszka-pawlowska-kubik","11":"first","12":"instock","13":"taxable","14":"shipping-taxable","15":"purchasable","16":"product-type-simple"},"acf":[],"_links":{"self":[{"href":"https:\/\/wydawnictwo.ug.edu.pl\/en\/wp-json\/wp\/v2\/product\/46212","targetHints":{"allow":["GET"]}}],"collection":[{"href":"https:\/\/wydawnictwo.ug.edu.pl\/en\/wp-json\/wp\/v2\/product"}],"about":[{"href":"https:\/\/wydawnictwo.ug.edu.pl\/en\/wp-json\/wp\/v2\/types\/product"}],"wp:featuredmedia":[{"embeddable":true,"href":"https:\/\/wydawnictwo.ug.edu.pl\/en\/wp-json\/wp\/v2\/media\/23361"}],"wp:attachment":[{"href":"https:\/\/wydawnictwo.ug.edu.pl\/en\/wp-json\/wp\/v2\/media?parent=46212"}],"wp:term":[{"taxonomy":"journal","embeddable":true,"href":"https:\/\/wydawnictwo.ug.edu.pl\/en\/wp-json\/wp\/v2\/journal?post=46212"},{"taxonomy":"rodzaj","embeddable":true,"href":"https:\/\/wydawnictwo.ug.edu.pl\/en\/wp-json\/wp\/v2\/rodzaj?post=46212"},{"taxonomy":"seria","embeddable":true,"href":"https:\/\/wydawnictwo.ug.edu.pl\/en\/wp-json\/wp\/v2\/seria?post=46212"},{"taxonomy":"product_brand","embeddable":true,"href":"https:\/\/wydawnictwo.ug.edu.pl\/en\/wp-json\/wp\/v2\/product_brand?post=46212"},{"taxonomy":"product_cat","embeddable":true,"href":"https:\/\/wydawnictwo.ug.edu.pl\/en\/wp-json\/wp\/v2\/product_cat?post=46212"},{"taxonomy":"product_tag","embeddable":true,"href":"https:\/\/wydawnictwo.ug.edu.pl\/en\/wp-json\/wp\/v2\/product_tag?post=46212"}],"curies":[{"name":"wp","href":"https:\/\/api.w.org\/{rel}","templated":true}]}}