{"id":46210,"date":"2023-01-13T13:41:59","date_gmt":"2023-01-13T13:41:59","guid":{"rendered":"https:\/\/wydawnictwo.ug.edu.pl\/ksiegarnia-online\/uncategorized\/problemy-wczesnej-edukacji-2022-nr-255\/"},"modified":"2026-02-11T13:17:19","modified_gmt":"2026-02-11T13:17:19","slug":"problemy-wczesnej-edukacji-2022-nr-255","status":"publish","type":"product","link":"https:\/\/wydawnictwo.ug.edu.pl\/en\/ksiegarnia-online\/pedagogika-i-psychologia\/problemy-wczesnej-edukacji-2022-nr-255\/","title":{"rendered":"Problemy Wczesnej Edukacji 2022, nr 2(55)"},"content":{"rendered":"","protected":false},"excerpt":{"rendered":"<p>\u201eProblemy Wczesnej Edukacji\/Issues in Early Education\u201d to p\u00f3\u0142rocznik, w kt\u00f3rym s\u0105 publikowane artyku\u0142y naukowe w j\u0119zykach polskim i angielskim. Tematyka czasopisma wpisuje si\u0119 w nurt bada\u0144 nad dzieckiem i dzieci\u0144stwem oraz wczesn\u0105 edukacj\u0105. Teksty maj\u0105 charakter empiryczny, prezentuj\u0105 wyniki poszukiwa\u0144 badawczych w tym obszarze tematycznym.<\/p>\n","protected":false},"featured_media":22955,"template":"","meta":{"_acf_changed":false},"journal":[7066],"rodzaj":[7077],"seria":[],"product_brand":[],"product_cat":[7007],"product_tag":[],"class_list":{"0":"post-46210","1":"product","2":"type-product","3":"status-publish","4":"has-post-thumbnail","6":"journal-problemy-wczesnej-edukacji","7":"rodzaj-czasopismo","8":"product_cat-pedagogika-i-psychologia","9":"pa_rok-wydania-2022-en","11":"first","12":"outofstock","13":"taxable","14":"shipping-taxable","15":"purchasable","16":"product-type-simple"},"acf":[],"_links":{"self":[{"href":"https:\/\/wydawnictwo.ug.edu.pl\/en\/wp-json\/wp\/v2\/product\/46210","targetHints":{"allow":["GET"]}}],"collection":[{"href":"https:\/\/wydawnictwo.ug.edu.pl\/en\/wp-json\/wp\/v2\/product"}],"about":[{"href":"https:\/\/wydawnictwo.ug.edu.pl\/en\/wp-json\/wp\/v2\/types\/product"}],"wp:featuredmedia":[{"embeddable":true,"href":"https:\/\/wydawnictwo.ug.edu.pl\/en\/wp-json\/wp\/v2\/media\/22955"}],"wp:attachment":[{"href":"https:\/\/wydawnictwo.ug.edu.pl\/en\/wp-json\/wp\/v2\/media?parent=46210"}],"wp:term":[{"taxonomy":"journal","embeddable":true,"href":"https:\/\/wydawnictwo.ug.edu.pl\/en\/wp-json\/wp\/v2\/journal?post=46210"},{"taxonomy":"rodzaj","embeddable":true,"href":"https:\/\/wydawnictwo.ug.edu.pl\/en\/wp-json\/wp\/v2\/rodzaj?post=46210"},{"taxonomy":"seria","embeddable":true,"href":"https:\/\/wydawnictwo.ug.edu.pl\/en\/wp-json\/wp\/v2\/seria?post=46210"},{"taxonomy":"product_brand","embeddable":true,"href":"https:\/\/wydawnictwo.ug.edu.pl\/en\/wp-json\/wp\/v2\/product_brand?post=46210"},{"taxonomy":"product_cat","embeddable":true,"href":"https:\/\/wydawnictwo.ug.edu.pl\/en\/wp-json\/wp\/v2\/product_cat?post=46210"},{"taxonomy":"product_tag","embeddable":true,"href":"https:\/\/wydawnictwo.ug.edu.pl\/en\/wp-json\/wp\/v2\/product_tag?post=46210"}],"curies":[{"name":"wp","href":"https:\/\/api.w.org\/{rel}","templated":true}]}}