{"id":46209,"date":"2023-01-17T09:16:32","date_gmt":"2023-01-17T09:16:32","guid":{"rendered":"https:\/\/wydawnictwo.ug.edu.pl\/ksiegarnia-online\/uncategorized\/budowanie-przewagi-konkurencyjnej-europejskiej-branzy-samochodow-elektrycznych\/"},"modified":"2026-02-11T13:17:16","modified_gmt":"2026-02-11T13:17:16","slug":"budowanie-przewagi-konkurencyjnej-europejskiej-branzy-samochodow-elektrycznych","status":"publish","type":"product","link":"https:\/\/wydawnictwo.ug.edu.pl\/en\/ksiegarnia-online\/ekonomia\/budowanie-przewagi-konkurencyjnej-europejskiej-branzy-samochodow-elektrycznych\/","title":{"rendered":"Budowanie przewagi konkurencyjnej europejskiej bran\u017cy samochod\u00f3w elektrycznych"},"content":{"rendered":"","protected":false},"excerpt":{"rendered":"<p>Transformacja transportu jest jednym z kluczowych element\u00f3w realizacji Europejskiego Zielonego \u0141adu przyj\u0119tego przez Uni\u0119 Europejsk\u0105 w 2019 roku. Tomasz Konewka wykazuje, \u017ce Europa jest w stanie stworzy\u0107 odpowiednie warunki do uzyskania przewagi konkurencyjnej w rywalizacji z innymi regionami \u015bwiata (g\u0142\u00f3wnie Chinami i USA) w zakresie produkcji samochod\u00f3w elektrycznych, m.in. poprzez konsekwentne wdra\u017canie program\u00f3w wsparcia dla bran\u017cy oraz stworzenie odpowiednich warunk\u00f3w konkurencji dla ca\u0142ego \u0142a\u0144cucha dostaw.<\/p>\n","protected":false},"featured_media":23017,"template":"","meta":{"_acf_changed":false},"journal":[],"rodzaj":[2602],"seria":[],"product_brand":[],"product_cat":[6934],"product_tag":[2235],"class_list":{"0":"post-46209","1":"product","2":"type-product","3":"status-publish","4":"has-post-thumbnail","6":"rodzaj-ksiazki","7":"product_cat-ekonomia","8":"product_tag-tomasz-konewka","9":"pa_rok-wydania-1179","11":"first","12":"instock","13":"taxable","14":"shipping-taxable","15":"purchasable","16":"product-type-simple"},"acf":[],"_links":{"self":[{"href":"https:\/\/wydawnictwo.ug.edu.pl\/en\/wp-json\/wp\/v2\/product\/46209","targetHints":{"allow":["GET"]}}],"collection":[{"href":"https:\/\/wydawnictwo.ug.edu.pl\/en\/wp-json\/wp\/v2\/product"}],"about":[{"href":"https:\/\/wydawnictwo.ug.edu.pl\/en\/wp-json\/wp\/v2\/types\/product"}],"wp:featuredmedia":[{"embeddable":true,"href":"https:\/\/wydawnictwo.ug.edu.pl\/en\/wp-json\/wp\/v2\/media\/23017"}],"wp:attachment":[{"href":"https:\/\/wydawnictwo.ug.edu.pl\/en\/wp-json\/wp\/v2\/media?parent=46209"}],"wp:term":[{"taxonomy":"journal","embeddable":true,"href":"https:\/\/wydawnictwo.ug.edu.pl\/en\/wp-json\/wp\/v2\/journal?post=46209"},{"taxonomy":"rodzaj","embeddable":true,"href":"https:\/\/wydawnictwo.ug.edu.pl\/en\/wp-json\/wp\/v2\/rodzaj?post=46209"},{"taxonomy":"seria","embeddable":true,"href":"https:\/\/wydawnictwo.ug.edu.pl\/en\/wp-json\/wp\/v2\/seria?post=46209"},{"taxonomy":"product_brand","embeddable":true,"href":"https:\/\/wydawnictwo.ug.edu.pl\/en\/wp-json\/wp\/v2\/product_brand?post=46209"},{"taxonomy":"product_cat","embeddable":true,"href":"https:\/\/wydawnictwo.ug.edu.pl\/en\/wp-json\/wp\/v2\/product_cat?post=46209"},{"taxonomy":"product_tag","embeddable":true,"href":"https:\/\/wydawnictwo.ug.edu.pl\/en\/wp-json\/wp\/v2\/product_tag?post=46209"}],"curies":[{"name":"wp","href":"https:\/\/api.w.org\/{rel}","templated":true}]}}