{"id":46208,"date":"2023-01-20T13:48:18","date_gmt":"2023-01-20T13:48:18","guid":{"rendered":"https:\/\/wydawnictwo.ug.edu.pl\/ksiegarnia-online\/uncategorized\/studia-historica-gedanensia-tom-xiii-baltic-borderlands\/"},"modified":"2026-02-11T13:17:15","modified_gmt":"2026-02-11T13:17:15","slug":"studia-historica-gedanensia-tom-xiii-baltic-borderlands","status":"publish","type":"product","link":"https:\/\/wydawnictwo.ug.edu.pl\/en\/ksiegarnia-online\/historia\/studia-historica-gedanensia-tom-xiii-baltic-borderlands\/","title":{"rendered":"Studia Historica Gedanensia. Tom XIII (2022)"},"content":{"rendered":"","protected":false},"excerpt":{"rendered":"<p>\u201eStudia Historica Gedanensia. Tom XIII (2022). Baltic Borderlands\u201d<\/p>\n<p>\u201eStudia Historica Gedanensia\u201d to rocznik humanistyczny publikuj\u0105cy teksty o tematyce historycznej. Istnieje od 2010 r. Wydaje tomy tematyczne, z przydzielonymi do ka\u017cdego redaktorami tematycznymi. W ka\u017cdym z tom\u00f3w redakcja d\u0105\u017cy, aby obecne by\u0142y artyku\u0142y obejmuj\u0105ce epok\u0119 staro\u017cytno\u015bci, przez \u015bredniowiecze, czasy nowo\u017cytne, wiek XIX i XX.<\/p>\n<p><a href=\"https:\/\/ejournals.eu\/czasopismo\/studia-historica-gedanensia\/numer\/tom-13-2022\">Pobierz e-book<\/a><\/p>\n","protected":false},"featured_media":23239,"template":"","meta":{"_acf_changed":false},"journal":[6858],"rodzaj":[6667],"seria":[],"product_brand":[],"product_cat":[229],"product_tag":[2253,2254],"class_list":{"0":"post-46208","1":"product","2":"type-product","3":"status-publish","4":"has-post-thumbnail","6":"journal-studia-historica-gedanensia","7":"rodzaj-czasopismo","8":"product_cat-historia","9":"product_tag-alexander-drost","10":"product_tag-anna-mazurkiewicz","11":"pa_rok-wydania-1179","13":"first","14":"instock","15":"taxable","16":"shipping-taxable","17":"purchasable","18":"product-type-simple"},"acf":[],"_links":{"self":[{"href":"https:\/\/wydawnictwo.ug.edu.pl\/en\/wp-json\/wp\/v2\/product\/46208","targetHints":{"allow":["GET"]}}],"collection":[{"href":"https:\/\/wydawnictwo.ug.edu.pl\/en\/wp-json\/wp\/v2\/product"}],"about":[{"href":"https:\/\/wydawnictwo.ug.edu.pl\/en\/wp-json\/wp\/v2\/types\/product"}],"wp:featuredmedia":[{"embeddable":true,"href":"https:\/\/wydawnictwo.ug.edu.pl\/en\/wp-json\/wp\/v2\/media\/23239"}],"wp:attachment":[{"href":"https:\/\/wydawnictwo.ug.edu.pl\/en\/wp-json\/wp\/v2\/media?parent=46208"}],"wp:term":[{"taxonomy":"journal","embeddable":true,"href":"https:\/\/wydawnictwo.ug.edu.pl\/en\/wp-json\/wp\/v2\/journal?post=46208"},{"taxonomy":"rodzaj","embeddable":true,"href":"https:\/\/wydawnictwo.ug.edu.pl\/en\/wp-json\/wp\/v2\/rodzaj?post=46208"},{"taxonomy":"seria","embeddable":true,"href":"https:\/\/wydawnictwo.ug.edu.pl\/en\/wp-json\/wp\/v2\/seria?post=46208"},{"taxonomy":"product_brand","embeddable":true,"href":"https:\/\/wydawnictwo.ug.edu.pl\/en\/wp-json\/wp\/v2\/product_brand?post=46208"},{"taxonomy":"product_cat","embeddable":true,"href":"https:\/\/wydawnictwo.ug.edu.pl\/en\/wp-json\/wp\/v2\/product_cat?post=46208"},{"taxonomy":"product_tag","embeddable":true,"href":"https:\/\/wydawnictwo.ug.edu.pl\/en\/wp-json\/wp\/v2\/product_tag?post=46208"}],"curies":[{"name":"wp","href":"https:\/\/api.w.org\/{rel}","templated":true}]}}