{"id":46207,"date":"2023-01-24T11:25:59","date_gmt":"2023-01-24T11:25:59","guid":{"rendered":"https:\/\/wydawnictwo.ug.edu.pl\/ksiegarnia-online\/uncategorized\/metodologia-badan-w-dydaktyce-jezykow-obcych\/"},"modified":"2026-02-11T13:17:10","modified_gmt":"2026-02-11T13:17:10","slug":"metodologia-badan-w-dydaktyce-jezykow-obcych","status":"publish","type":"product","link":"https:\/\/wydawnictwo.ug.edu.pl\/en\/ksiegarnia-online\/jezykoznawstwo\/metodologia-badan-w-dydaktyce-jezykow-obcych\/","title":{"rendered":"Metodologia bada\u0144 w dydaktyce j\u0119zyk\u00f3w obcych"},"content":{"rendered":"","protected":false},"excerpt":{"rendered":"<p>Dynamiczny rozw\u00f3j dyscypliny, jak\u0105 jest glottodydaktyka, zmieniaj\u0105ca si\u0119 rzeczywisto\u015b\u0107, nowe wyzwania edukacyjne, np.\u00a0zwi\u0105zane z\u00a0nauczaniem zdalnym, otwieraj\u0105 kolejne pytania badawcze i\u00a0problemy metodologiczne. Teksty zawarte w\u00a0tomie skupione s\u0105 na narz\u0119dziach i\u00a0procedurach badawczych, metodach oraz sposobach poznawania rzeczywisto\u015bci. W\u00a0artyku\u0142ach rozwa\u017cane s\u0105 kwestie terminologiczne, kt\u00f3re wskazuj\u0105 na konieczno\u015b\u0107 u\u015bci\u015blenia poj\u0119\u0107 i\u00a0termin\u00f3w, tak aby zbli\u017ca\u0142y nas do poznawania badanej rzeczywisto\u015bci i\u00a0prowadzi\u0142y do wykrycia nowych tez i\u00a0twierdze\u0144. Opracowania \u015bwiadcz\u0105 o\u00a0krytycznym stosunku badaczy do w\u0142asnej dyscypliny, co wspiera rozw\u00f3j dotychczasowych metod i\u00a0narz\u0119dzi badawczych oraz projektowanie nowych\u00a0procedur.<\/p>\n","protected":false},"featured_media":23395,"template":"","meta":{"_acf_changed":false},"journal":[],"rodzaj":[2602],"seria":[],"product_brand":[],"product_cat":[7310,6924],"product_tag":[299,409],"class_list":{"0":"post-46207","1":"product","2":"type-product","3":"status-publish","4":"has-post-thumbnail","6":"rodzaj-ksiazki","7":"product_cat-nauka-jezykow-obcych","8":"product_cat-jezykoznawstwo","9":"product_tag-ewa-andrzejewska","10":"product_tag-magdalena-wawrzyniak-sliwska","11":"pa_rok-wydania-1179","13":"first","14":"instock","15":"taxable","16":"shipping-taxable","17":"purchasable","18":"product-type-simple"},"acf":[],"_links":{"self":[{"href":"https:\/\/wydawnictwo.ug.edu.pl\/en\/wp-json\/wp\/v2\/product\/46207","targetHints":{"allow":["GET"]}}],"collection":[{"href":"https:\/\/wydawnictwo.ug.edu.pl\/en\/wp-json\/wp\/v2\/product"}],"about":[{"href":"https:\/\/wydawnictwo.ug.edu.pl\/en\/wp-json\/wp\/v2\/types\/product"}],"wp:featuredmedia":[{"embeddable":true,"href":"https:\/\/wydawnictwo.ug.edu.pl\/en\/wp-json\/wp\/v2\/media\/23395"}],"wp:attachment":[{"href":"https:\/\/wydawnictwo.ug.edu.pl\/en\/wp-json\/wp\/v2\/media?parent=46207"}],"wp:term":[{"taxonomy":"journal","embeddable":true,"href":"https:\/\/wydawnictwo.ug.edu.pl\/en\/wp-json\/wp\/v2\/journal?post=46207"},{"taxonomy":"rodzaj","embeddable":true,"href":"https:\/\/wydawnictwo.ug.edu.pl\/en\/wp-json\/wp\/v2\/rodzaj?post=46207"},{"taxonomy":"seria","embeddable":true,"href":"https:\/\/wydawnictwo.ug.edu.pl\/en\/wp-json\/wp\/v2\/seria?post=46207"},{"taxonomy":"product_brand","embeddable":true,"href":"https:\/\/wydawnictwo.ug.edu.pl\/en\/wp-json\/wp\/v2\/product_brand?post=46207"},{"taxonomy":"product_cat","embeddable":true,"href":"https:\/\/wydawnictwo.ug.edu.pl\/en\/wp-json\/wp\/v2\/product_cat?post=46207"},{"taxonomy":"product_tag","embeddable":true,"href":"https:\/\/wydawnictwo.ug.edu.pl\/en\/wp-json\/wp\/v2\/product_tag?post=46207"}],"curies":[{"name":"wp","href":"https:\/\/api.w.org\/{rel}","templated":true}]}}