{"id":46206,"date":"2023-01-27T12:39:31","date_gmt":"2023-01-27T12:39:31","guid":{"rendered":"https:\/\/wydawnictwo.ug.edu.pl\/ksiegarnia-online\/uncategorized\/zakupy-transgraniczne-uwarunkowania-rozwoju\/"},"modified":"2026-02-11T13:17:10","modified_gmt":"2026-02-11T13:17:10","slug":"zakupy-transgraniczne-uwarunkowania-rozwoju","status":"publish","type":"product","link":"https:\/\/wydawnictwo.ug.edu.pl\/en\/ksiegarnia-online\/ekonomia\/zakupy-transgraniczne-uwarunkowania-rozwoju\/","title":{"rendered":"Zakupy transgraniczne &#8211; uwarunkowania rozwoju"},"content":{"rendered":"","protected":false},"excerpt":{"rendered":"<p>Zakupy transgraniczne s\u0105 z\u0142o\u017conym zjawiskiem spo\u0142eczno-ekonomicznym. Z jednej strony wymagaj\u0105 od turysty zakupowego wi\u0119kszego zaanga\u017cowania: przekroczenia granicy z s\u0105siednim pa\u0144stwem, po\u015bwi\u0119cenia dodatkowego czasu na przej\u015bcie procedur granicznych, poddania si\u0119 kontroli, zapoznania z uwarunkowaniami formalno-prawniczymi i zaakceptowania ryzyk, kt\u00f3re nie s\u0105 tak silnie odczuwane podczas zakup\u00f3w w miejscu zamieszkania. Z drugiej strony wykazuj\u0105 silne zwi\u0105zki z rozrywk\u0105, przygod\u0105, a tak\u017ce budz\u0105 wi\u0119ksze emocje. Ich wyst\u0119powanie jest pozytywne dla przedsi\u0119biorstw handlowych strony goszcz\u0105cej, poniewa\u017c kreuj\u0105 dodatkowy popyt. Jednak r\u00f3wnocze\u015bnie \u201edrenuj\u0105\u201d rynek lokalny i mog\u0105 wp\u0142yn\u0105\u0107 na utrat\u0119 pewnych funkcji przez obszary zamieszkane przez turyst\u00f3w zakupowych. W niniejszej monografii znajd\u0105 Pa\u0144stwo zar\u00f3wno informacje dotycz\u0105ce teorii zakup\u00f3w transgranicznych, jak i przyk\u0142ady studi\u00f3w z ca\u0142ego \u015bwiata nad tym zjawiskiem. Szczeg\u00f3lna uwaga po\u015bwi\u0119cona jest granicom Polski, w tym z obwodem kaliningradzkim, kt\u00f3rego mieszka\u0144cy byli ankietowani na terenie trzech polskich miejscowo\u015bci w 2017 r. w ramach autorskiego badania.<\/p>\n","protected":false},"featured_media":23237,"template":"","meta":{"_acf_changed":false},"journal":[],"rodzaj":[2602],"seria":[],"product_brand":[],"product_cat":[6934],"product_tag":[2237],"class_list":{"0":"post-46206","1":"product","2":"type-product","3":"status-publish","4":"has-post-thumbnail","6":"rodzaj-ksiazki","7":"product_cat-ekonomia","8":"product_tag-joanna-czerepko","9":"pa_rok-wydania-1179","11":"first","12":"instock","13":"taxable","14":"shipping-taxable","15":"purchasable","16":"product-type-simple"},"acf":[],"_links":{"self":[{"href":"https:\/\/wydawnictwo.ug.edu.pl\/en\/wp-json\/wp\/v2\/product\/46206","targetHints":{"allow":["GET"]}}],"collection":[{"href":"https:\/\/wydawnictwo.ug.edu.pl\/en\/wp-json\/wp\/v2\/product"}],"about":[{"href":"https:\/\/wydawnictwo.ug.edu.pl\/en\/wp-json\/wp\/v2\/types\/product"}],"wp:featuredmedia":[{"embeddable":true,"href":"https:\/\/wydawnictwo.ug.edu.pl\/en\/wp-json\/wp\/v2\/media\/23237"}],"wp:attachment":[{"href":"https:\/\/wydawnictwo.ug.edu.pl\/en\/wp-json\/wp\/v2\/media?parent=46206"}],"wp:term":[{"taxonomy":"journal","embeddable":true,"href":"https:\/\/wydawnictwo.ug.edu.pl\/en\/wp-json\/wp\/v2\/journal?post=46206"},{"taxonomy":"rodzaj","embeddable":true,"href":"https:\/\/wydawnictwo.ug.edu.pl\/en\/wp-json\/wp\/v2\/rodzaj?post=46206"},{"taxonomy":"seria","embeddable":true,"href":"https:\/\/wydawnictwo.ug.edu.pl\/en\/wp-json\/wp\/v2\/seria?post=46206"},{"taxonomy":"product_brand","embeddable":true,"href":"https:\/\/wydawnictwo.ug.edu.pl\/en\/wp-json\/wp\/v2\/product_brand?post=46206"},{"taxonomy":"product_cat","embeddable":true,"href":"https:\/\/wydawnictwo.ug.edu.pl\/en\/wp-json\/wp\/v2\/product_cat?post=46206"},{"taxonomy":"product_tag","embeddable":true,"href":"https:\/\/wydawnictwo.ug.edu.pl\/en\/wp-json\/wp\/v2\/product_tag?post=46206"}],"curies":[{"name":"wp","href":"https:\/\/api.w.org\/{rel}","templated":true}]}}