{"id":46203,"date":"2023-02-07T11:58:51","date_gmt":"2023-02-07T11:58:51","guid":{"rendered":"https:\/\/wydawnictwo.ug.edu.pl\/ksiegarnia-online\/uncategorized\/23435\/"},"modified":"2026-02-11T13:17:02","modified_gmt":"2026-02-11T13:17:02","slug":"23435","status":"publish","type":"product","link":"https:\/\/wydawnictwo.ug.edu.pl\/en\/ksiegarnia-online\/literaturoznawstwo\/23435\/","title":{"rendered":"Rozproszenie. Almanach Between.Pomi\u0119dzy 2023"},"content":{"rendered":"","protected":false},"excerpt":{"rendered":"<p>Kolejny tom Almanachu <em>Between.Pomi\u0119dzy<\/em>, kt\u00f3ry oddajemy w r\u0119ce czytelnik\u00f3w, tradycyjnie ma za zadanie odzwierciedla\u0107 r\u00f3\u017cnorodno\u015b\u0107 dzia\u0142a\u0144 podejmowanych w ramach festiwalu. Publikujemy przek\u0142ady wierszy i form prozatorskich, zapis przeprowadzonych przez nas rozm\u00f3w oraz szkice naukowe dotycz\u0105ce zagadnie\u0144 wsp\u00f3\u0142czesnego teatru i literatury. Istotnym elementem funkcjonowania Between.Pomi\u0119dzy jest kreowanie przestrzeni dla rozmaitych aktywno\u015bci studenckich \u2013 w niniejszym tomie mo\u017cna znale\u017a\u0107 zar\u00f3wno opisy wybranych studenckich projekt\u00f3w dyplomowych, jak i komentarze na temat zorganizowanego we wsp\u00f3\u0142pracy z metaLAB (at) Harvard seminarium naukowego po\u015bwi\u0119conego teatrowi przysz\u0142o\u015bci. Na osobn\u0105 uwag\u0119 zas\u0142uguj\u0105 materia\u0142y dokumentuj\u0105ce przeprowadzon\u0105 w marcu 2022 r. akcj\u0119 \u201eG\u0142os wsparcia dla Ukrainy\u201d, czyli zorganizowane z inicjatywy student\u00f3w kierunk\u00f3w wiedza o teatrze oraz zarz\u0105dzanie instytucjami artystycznymi czytanie performatywne pt. <em>Deputinizacja<\/em>, po\u0142\u0105czone z rozmow\u0105 ze specjalistami oraz zbi\u00f3rk\u0105 na rzecz os\u00f3b dotkni\u0119tych wojn\u0105. Ca\u0142o\u015b\u0107 zamyka blok tekst\u00f3w o charakterze dokumentacyjnym.<\/p>\n","protected":false},"featured_media":23437,"template":"","meta":{"_acf_changed":false},"journal":[],"rodzaj":[7074,7076],"seria":[7718],"product_brand":[],"product_cat":[6936,6925],"product_tag":[7458,7461],"class_list":{"0":"post-46203","1":"product","2":"type-product","3":"status-publish","4":"has-post-thumbnail","6":"rodzaj-ksiazki","7":"rodzaj-serie-wydawnicze","8":"seria-between-pomiedzy","9":"product_cat-historia-sztuki-i-kulturoznawstwo","10":"product_cat-literaturoznawstwo","11":"product_tag-katarzyna-kreglewskakatarzyna-kreglewska","12":"product_tag-tomasz-wisniewskitomasz-wisniewski","13":"pa_rok-wydania-2023-en","15":"first","16":"instock","17":"taxable","18":"shipping-taxable","19":"purchasable","20":"product-type-simple"},"acf":[],"_links":{"self":[{"href":"https:\/\/wydawnictwo.ug.edu.pl\/en\/wp-json\/wp\/v2\/product\/46203","targetHints":{"allow":["GET"]}}],"collection":[{"href":"https:\/\/wydawnictwo.ug.edu.pl\/en\/wp-json\/wp\/v2\/product"}],"about":[{"href":"https:\/\/wydawnictwo.ug.edu.pl\/en\/wp-json\/wp\/v2\/types\/product"}],"wp:featuredmedia":[{"embeddable":true,"href":"https:\/\/wydawnictwo.ug.edu.pl\/en\/wp-json\/wp\/v2\/media\/23437"}],"wp:attachment":[{"href":"https:\/\/wydawnictwo.ug.edu.pl\/en\/wp-json\/wp\/v2\/media?parent=46203"}],"wp:term":[{"taxonomy":"journal","embeddable":true,"href":"https:\/\/wydawnictwo.ug.edu.pl\/en\/wp-json\/wp\/v2\/journal?post=46203"},{"taxonomy":"rodzaj","embeddable":true,"href":"https:\/\/wydawnictwo.ug.edu.pl\/en\/wp-json\/wp\/v2\/rodzaj?post=46203"},{"taxonomy":"seria","embeddable":true,"href":"https:\/\/wydawnictwo.ug.edu.pl\/en\/wp-json\/wp\/v2\/seria?post=46203"},{"taxonomy":"product_brand","embeddable":true,"href":"https:\/\/wydawnictwo.ug.edu.pl\/en\/wp-json\/wp\/v2\/product_brand?post=46203"},{"taxonomy":"product_cat","embeddable":true,"href":"https:\/\/wydawnictwo.ug.edu.pl\/en\/wp-json\/wp\/v2\/product_cat?post=46203"},{"taxonomy":"product_tag","embeddable":true,"href":"https:\/\/wydawnictwo.ug.edu.pl\/en\/wp-json\/wp\/v2\/product_tag?post=46203"}],"curies":[{"name":"wp","href":"https:\/\/api.w.org\/{rel}","templated":true}]}}