{"id":46198,"date":"2023-02-17T01:36:41","date_gmt":"2023-02-17T01:36:41","guid":{"rendered":"https:\/\/wydawnictwo.ug.edu.pl\/ksiegarnia-online\/uncategorized\/socjolingwistyczne-badania-w-teorii-i-praktyce-ujecie-interdyscyplinarne-tom-9-2\/"},"modified":"2026-02-11T13:15:44","modified_gmt":"2026-02-11T13:15:44","slug":"socjolingwistyczne-badania-w-teorii-i-praktyce-ujecie-interdyscyplinarne-tom-9-2","status":"publish","type":"product","link":"https:\/\/wydawnictwo.ug.edu.pl\/en\/ksiegarnia-online\/jezykoznawstwo\/socjolingwistyczne-badania-w-teorii-i-praktyce-ujecie-interdyscyplinarne-tom-9-2\/","title":{"rendered":"Socjolingwistyczne badania w teorii i praktyce. Uj\u0119cie interdyscyplinarne. Tom 9"},"content":{"rendered":"","protected":false},"excerpt":{"rendered":"<p style=\"text-align: justify;\">Dziewi\u0105ty tom serii Socjolingwistyczne badania w teorii i praktyce. Uj\u0119cie interdyscyplinarne. Publikacja zawiera pi\u0119tna\u015bcie artyku\u0142\u00f3w w j\u0119zykach polskim, angielskim oraz rosyjskim, stanowi\u0105cych efekt bada\u0144 i refleksji z obszaru socjolingwistyki, pragmalingwistyki, leksykologii, a tak\u017ce dydaktyki nauczania j\u0119zyk\u00f3w (obcych) oraz logopedii.<\/p>\n<p>&nbsp;<\/p>\n","protected":false},"featured_media":23582,"template":"","meta":{"_acf_changed":false},"journal":[],"rodzaj":[7074,7075,7076],"seria":[7709],"product_brand":[],"product_cat":[6924,6953],"product_tag":[7710,7711,7712],"class_list":{"0":"post-46198","1":"product","2":"type-product","3":"status-publish","4":"has-post-thumbnail","6":"rodzaj-ksiazki","7":"rodzaj-e-book","8":"rodzaj-serie-wydawnicze","9":"seria-socjolingwistyczne-badania-w-teorii-i-praktyce","10":"product_cat-jezykoznawstwo","11":"product_cat-socjologia","12":"product_tag-adam-jaroszadam-jarosz","13":"product_tag-joanna-mampe","14":"product_tag-jolanta-hinc-2","16":"first","17":"instock","18":"taxable","19":"shipping-taxable","20":"product-type-external"},"acf":[],"_links":{"self":[{"href":"https:\/\/wydawnictwo.ug.edu.pl\/en\/wp-json\/wp\/v2\/product\/46198","targetHints":{"allow":["GET"]}}],"collection":[{"href":"https:\/\/wydawnictwo.ug.edu.pl\/en\/wp-json\/wp\/v2\/product"}],"about":[{"href":"https:\/\/wydawnictwo.ug.edu.pl\/en\/wp-json\/wp\/v2\/types\/product"}],"wp:featuredmedia":[{"embeddable":true,"href":"https:\/\/wydawnictwo.ug.edu.pl\/en\/wp-json\/wp\/v2\/media\/23582"}],"wp:attachment":[{"href":"https:\/\/wydawnictwo.ug.edu.pl\/en\/wp-json\/wp\/v2\/media?parent=46198"}],"wp:term":[{"taxonomy":"journal","embeddable":true,"href":"https:\/\/wydawnictwo.ug.edu.pl\/en\/wp-json\/wp\/v2\/journal?post=46198"},{"taxonomy":"rodzaj","embeddable":true,"href":"https:\/\/wydawnictwo.ug.edu.pl\/en\/wp-json\/wp\/v2\/rodzaj?post=46198"},{"taxonomy":"seria","embeddable":true,"href":"https:\/\/wydawnictwo.ug.edu.pl\/en\/wp-json\/wp\/v2\/seria?post=46198"},{"taxonomy":"product_brand","embeddable":true,"href":"https:\/\/wydawnictwo.ug.edu.pl\/en\/wp-json\/wp\/v2\/product_brand?post=46198"},{"taxonomy":"product_cat","embeddable":true,"href":"https:\/\/wydawnictwo.ug.edu.pl\/en\/wp-json\/wp\/v2\/product_cat?post=46198"},{"taxonomy":"product_tag","embeddable":true,"href":"https:\/\/wydawnictwo.ug.edu.pl\/en\/wp-json\/wp\/v2\/product_tag?post=46198"}],"curies":[{"name":"wp","href":"https:\/\/api.w.org\/{rel}","templated":true}]}}