{"id":46195,"date":"2023-03-07T11:16:29","date_gmt":"2023-03-07T11:16:29","guid":{"rendered":"https:\/\/wydawnictwo.ug.edu.pl\/ksiegarnia-online\/uncategorized\/oblicza-dobrobytu-wybrane-zagadnienia-tom-v\/"},"modified":"2026-02-18T12:31:25","modified_gmt":"2026-02-18T12:31:25","slug":"oblicza-dobrobytu-wybrane-zagadnienia-tom-v","status":"publish","type":"product","link":"https:\/\/wydawnictwo.ug.edu.pl\/en\/ksiegarnia-online\/ekonomia\/oblicza-dobrobytu-wybrane-zagadnienia-tom-v\/","title":{"rendered":"Oblicza dobrobytu \u2013 wybrane zagadnienia. Tom V"},"content":{"rendered":"","protected":false},"excerpt":{"rendered":"<p>W monografii <em>Oblicza dobrobytu \u2013 wybrane zagadnienia. Tom V<\/em> przedstawiono pogl\u0105dy i wyniki bada\u0144 naukowc\u00f3w zainteresowanych problematyk\u0105 dobrobytu spo\u0142eczno-ekonomicznego, reprezentuj\u0105cych o\u015brodki naukowe w kraju i za granic\u0105 (Armenia, Azerbejd\u017can, Bangladesz, Bu\u0142garia, Jordania, Serbia). Podejmowana tematyka obejmuje szerokie spektrum zagadnie\u0144: od rozwa\u017ca\u0144 skupionych wok\u00f3\u0142 poj\u0119cia dobrobytu w perspektywie spo\u0142ecznej i ekonomicznej, poprzez om\u00f3wienie wybranych problem\u00f3w zwi\u0105zanych z rozwojem nowych technologii w kontek\u015bcie budowania dobrobytu, a\u017c do przedstawienia wynik\u00f3w bada\u0144 przeprowadzonych na gruncie nauk medycznych i nauk o zdrowiu, w tym analiz dotycz\u0105cych choroby COVID-19 i pandemii koronawirusa.<\/p>\n","protected":false},"featured_media":23762,"template":"","meta":{"_acf_changed":false},"journal":[],"rodzaj":[2602],"seria":[],"product_brand":[],"product_cat":[266],"product_tag":[2286],"class_list":{"0":"post-46195","1":"product","2":"type-product","3":"status-publish","4":"has-post-thumbnail","6":"rodzaj-ksiazki","7":"product_cat-ekonomia","8":"product_tag-krystyna-strzala-2","10":"first","11":"instock","12":"taxable","13":"shipping-taxable","14":"purchasable","15":"product-type-simple"},"acf":[],"_links":{"self":[{"href":"https:\/\/wydawnictwo.ug.edu.pl\/en\/wp-json\/wp\/v2\/product\/46195","targetHints":{"allow":["GET"]}}],"collection":[{"href":"https:\/\/wydawnictwo.ug.edu.pl\/en\/wp-json\/wp\/v2\/product"}],"about":[{"href":"https:\/\/wydawnictwo.ug.edu.pl\/en\/wp-json\/wp\/v2\/types\/product"}],"wp:featuredmedia":[{"embeddable":true,"href":"https:\/\/wydawnictwo.ug.edu.pl\/en\/wp-json\/wp\/v2\/media\/23762"}],"wp:attachment":[{"href":"https:\/\/wydawnictwo.ug.edu.pl\/en\/wp-json\/wp\/v2\/media?parent=46195"}],"wp:term":[{"taxonomy":"journal","embeddable":true,"href":"https:\/\/wydawnictwo.ug.edu.pl\/en\/wp-json\/wp\/v2\/journal?post=46195"},{"taxonomy":"rodzaj","embeddable":true,"href":"https:\/\/wydawnictwo.ug.edu.pl\/en\/wp-json\/wp\/v2\/rodzaj?post=46195"},{"taxonomy":"seria","embeddable":true,"href":"https:\/\/wydawnictwo.ug.edu.pl\/en\/wp-json\/wp\/v2\/seria?post=46195"},{"taxonomy":"product_brand","embeddable":true,"href":"https:\/\/wydawnictwo.ug.edu.pl\/en\/wp-json\/wp\/v2\/product_brand?post=46195"},{"taxonomy":"product_cat","embeddable":true,"href":"https:\/\/wydawnictwo.ug.edu.pl\/en\/wp-json\/wp\/v2\/product_cat?post=46195"},{"taxonomy":"product_tag","embeddable":true,"href":"https:\/\/wydawnictwo.ug.edu.pl\/en\/wp-json\/wp\/v2\/product_tag?post=46195"}],"curies":[{"name":"wp","href":"https:\/\/api.w.org\/{rel}","templated":true}]}}