{"id":46194,"date":"2023-03-18T08:48:39","date_gmt":"2023-03-18T08:48:39","guid":{"rendered":"https:\/\/wydawnictwo.ug.edu.pl\/ksiegarnia-online\/uncategorized\/ebook-finanse-behawioralne-mikro-malych-i-srednich-przedsiebiorstw-jak-unikac-bledow-w-biznesie-i-podejmowac-optymalne-decyzje-kopia\/"},"modified":"2026-02-11T13:15:03","modified_gmt":"2026-02-11T13:15:03","slug":"ebook-finanse-behawioralne-mikro-malych-i-srednich-przedsiebiorstw-jak-unikac-bledow-w-biznesie-i-podejmowac-optymalne-decyzje-kopia","status":"publish","type":"product","link":"https:\/\/wydawnictwo.ug.edu.pl\/en\/ksiegarnia-online\/zarzadzanie\/ebook-finanse-behawioralne-mikro-malych-i-srednich-przedsiebiorstw-jak-unikac-bledow-w-biznesie-i-podejmowac-optymalne-decyzje-kopia\/","title":{"rendered":"Finanse behawioralne mikro, ma\u0142ych i \u015brednich przedsi\u0119biorstw. Jak unika\u0107 b\u0142\u0119d\u00f3w w biznesie i podejmowa\u0107 optymalne decyzje"},"content":{"rendered":"","protected":false},"excerpt":{"rendered":"<p>Monografia obejmuje kluczowe zagadnienia z zakresu finans\u00f3w behawioralnych przedsi\u0119biorstw, takie jak: racjonalno\u015b\u0107 zachowa\u0144, heurystyki, mentalne ksi\u0119gowanie, osobowo\u015b\u0107 przedsi\u0119biorcza, nastawienie do ryzyka, motywy podejmowania dzia\u0142alno\u015bci, emocje, nadmierna pewno\u015b\u0107 siebie, efekt na\u015bladownictwa, efekt utopionych koszt\u00f3w. Jest pierwszym w Polsce zwartym, kompleksowym opracowaniem na temat wp\u0142ywu czynnik\u00f3w ekonomicznych, demograficznych, psychologicznych i spo\u0142ecznych na decyzje gospodarcze i wyniki finansowe przedsi\u0119biorstw. Zawiera przegl\u0105d \u015bwiatowych publikacji oraz wyniki wieloletnich bada\u0144 empirycznych (w tym eksperyment\u00f3w behawioralnych) przeprowadzonych na pr\u00f3bach obejmuj\u0105cych \u0142\u0105cznie ponad 11 tys. polskich przedsi\u0119biorc\u00f3w. Wyniki bada\u0144 mog\u0105 znale\u017a\u0107 szereg praktycznych zastosowa\u0144 \u2013 czytelnik dowie si\u0119, jak unika\u0107 b\u0142\u0119d\u00f3w w biznesie oraz jak podejmowa\u0107 optymalne decyzje.<\/p>\n<p><a href=\"https:\/\/wydawnictwo.ug.edu.pl\/wp-content\/uploads\/woocommerce_uploads\/2023\/03\/Szczepaniec-Finanse-behawioralne-ebook-obeotw.pdf\">Pobierz e-book<\/a><\/p>\n<p>&nbsp;<\/p>\n","protected":false},"featured_media":15853,"template":"","meta":{"_acf_changed":false},"journal":[],"rodzaj":[7074,7075],"seria":[],"product_brand":[],"product_cat":[6942],"product_tag":[7620,7357,7707],"class_list":{"0":"post-46194","1":"product","2":"type-product","3":"status-publish","4":"has-post-thumbnail","6":"rodzaj-ksiazki","7":"rodzaj-e-book","8":"product_cat-zarzadzanie","9":"product_tag-marek-szczepaniec","10":"product_tag-przemyslaw-kulawczukprzemyslaw-kulawczuk","11":"product_tag-tomasz-jurkiewicztomasz-jurkiewicz","12":"product_shipping_class-online-en","13":"pa_rok-wydania-2021-en","15":"first","16":"instock","17":"downloadable","18":"taxable","19":"shipping-taxable","20":"purchasable","21":"product-type-simple"},"acf":[],"_links":{"self":[{"href":"https:\/\/wydawnictwo.ug.edu.pl\/en\/wp-json\/wp\/v2\/product\/46194","targetHints":{"allow":["GET"]}}],"collection":[{"href":"https:\/\/wydawnictwo.ug.edu.pl\/en\/wp-json\/wp\/v2\/product"}],"about":[{"href":"https:\/\/wydawnictwo.ug.edu.pl\/en\/wp-json\/wp\/v2\/types\/product"}],"wp:featuredmedia":[{"embeddable":true,"href":"https:\/\/wydawnictwo.ug.edu.pl\/en\/wp-json\/wp\/v2\/media\/15853"}],"wp:attachment":[{"href":"https:\/\/wydawnictwo.ug.edu.pl\/en\/wp-json\/wp\/v2\/media?parent=46194"}],"wp:term":[{"taxonomy":"journal","embeddable":true,"href":"https:\/\/wydawnictwo.ug.edu.pl\/en\/wp-json\/wp\/v2\/journal?post=46194"},{"taxonomy":"rodzaj","embeddable":true,"href":"https:\/\/wydawnictwo.ug.edu.pl\/en\/wp-json\/wp\/v2\/rodzaj?post=46194"},{"taxonomy":"seria","embeddable":true,"href":"https:\/\/wydawnictwo.ug.edu.pl\/en\/wp-json\/wp\/v2\/seria?post=46194"},{"taxonomy":"product_brand","embeddable":true,"href":"https:\/\/wydawnictwo.ug.edu.pl\/en\/wp-json\/wp\/v2\/product_brand?post=46194"},{"taxonomy":"product_cat","embeddable":true,"href":"https:\/\/wydawnictwo.ug.edu.pl\/en\/wp-json\/wp\/v2\/product_cat?post=46194"},{"taxonomy":"product_tag","embeddable":true,"href":"https:\/\/wydawnictwo.ug.edu.pl\/en\/wp-json\/wp\/v2\/product_tag?post=46194"}],"curies":[{"name":"wp","href":"https:\/\/api.w.org\/{rel}","templated":true}]}}