{"id":46193,"date":"2023-03-21T13:23:40","date_gmt":"2023-03-21T13:23:40","guid":{"rendered":"https:\/\/wydawnictwo.ug.edu.pl\/ksiegarnia-online\/uncategorized\/profesor-malgorzata-czerminska-i-jej-srodowisko\/"},"modified":"2026-02-11T13:15:00","modified_gmt":"2026-02-11T13:15:00","slug":"profesor-malgorzata-czerminska-i-jej-srodowisko","status":"publish","type":"product","link":"https:\/\/wydawnictwo.ug.edu.pl\/en\/ksiegarnia-online\/historia\/profesor-malgorzata-czerminska-i-jej-srodowisko\/","title":{"rendered":"Profesor Ma\u0142gorzata Czermi\u0144ska i jej \u015brodowisko"},"content":{"rendered":"","protected":false},"excerpt":{"rendered":"<p style=\"text-align: center;\"><strong><a href=\"https:\/\/wydawnictwo.ug.edu.pl\/wp-content\/uploads\/2023\/03\/Profesor-Malgorzata-Czerminska-druk.pdf\" target=\"_blank\" rel=\"noopener\">Ksi\u0105\u017cka w formie elektronicznej<\/a><\/strong><\/p>\n<p style=\"text-align: justify;\">Pani prof. dr hab. Ma\u0142gorzata Czermi\u0144ska &#8211; literaturoznawczyni, wyk\u0142adowczyni Uniwersytetu Gda\u0144skiego, niezwykle ceniona seminarzystka, kt\u00f3ra wypromowa\u0142a ponad 200 magistr\u00f3w i 29 doktor\u00f3w. Teraz z uwagi na jej zas\u0142ugi i dorobek naukowy zostanie profesorem honorowym Uniwersytetu Gda\u0144skiego. Od 24 marca w Bibliotece UG b\u0119dzie mo\u017cna z kolei obejrze\u0107 po\u015bwi\u0119con\u0105 jej wystaw\u0119, kt\u00f3ra powsta\u0142a we<strong> wsp\u00f3\u0142pracy z Radiem MORS.<\/strong><\/p>\n<p style=\"text-align: justify;\">\u015arodowisko uczni\u00f3w Pani Profesor, skupione w du\u017cej liczbie w Instytucie Filologii Polskiej Uniwersytetu Gda\u0144skiego, przygotowywa\u0142o tak\u017ce ksi\u0105\u017ck\u0119 po\u015bwi\u0119con\u0105 swojej Mistrzyni zatytu\u0142owan\u0105 <em><strong>Profesor Ma\u0142gorzata Czermi\u0144ska i jej \u015brodowisko. Osoby \u2013 tematy \u2013 pasje<\/strong><\/em>.<\/p>\n<p style=\"text-align: justify;\">Wystawa zosta\u0142a zorganizowana przy wsp\u00f3\u0142pracy z Radiem MORS. Dziennikarze i realizatorzy nagrali wspomnienia podopiecznych profesor Czermi\u0144skiej. Materia\u0142y te dost\u0119pne s\u0105 poni\u017cej.<\/p>\n<p><strong>prof. dr hab. Jean Ward<\/strong>, Kierownik Zak\u0142adu Bada\u0144 nad Literatur\u0105 Angloj\u0119zyczn\u0105 na Uniwersytecie Gda\u0144skim<br \/>\n<audio controls=\"controls\"><source src=\"https:\/\/mors.ug.edu.pl\/sites\/default\/files\/_nodes\/news\/114525\/files\/nagranie_01.mp3\" \/><\/audio><\/p>\n<p><strong>dr hab. Maciej Michalski, <\/strong>profesor w Zak\u0142adzie Teorii Literatury i Krytyki Artystycznej Uniwersytetu Gda\u0144skiego<br \/>\n<audio controls=\"controls\"><source src=\"https:\/\/mors.ug.edu.pl\/sites\/default\/files\/_nodes\/news\/114525\/files\/nagranie_02.mp3\" \/><\/audio><\/p>\n<p><strong>dr hab. Tadeusz Sucharski<\/strong>, profesor w Zak\u0142adzie Historii i Teorii Literatury Akademii Pomorskiej<br \/>\n<audio controls=\"controls\"><source src=\"https:\/\/mors.ug.edu.pl\/sites\/default\/files\/_nodes\/news\/114525\/files\/nagranie_03.mp3\" \/><\/audio><\/p>\n<p><strong>dr. hab. Bernadetta \u017bynis<\/strong>, profesor w Zak\u0142adzie Teorii Literatury i Bada\u0144 Kulturowych Instytutu Polonistyki Akademii Pomorskiej<br \/>\n<audio controls=\"controls\"><source src=\"https:\/\/mors.ug.edu.pl\/sites\/default\/files\/_nodes\/news\/114525\/files\/nagranie_04.mp3\" \/><\/audio><\/p>\n<p><strong>dr hab. Tomasz Tomasik<\/strong>, profesor w Katedrze Filologii Polskiej Akademii Pomorskiej<br \/>\n<audio controls=\"controls\"><source src=\"https:\/\/mors.ug.edu.pl\/sites\/default\/files\/_nodes\/news\/114525\/files\/nagranie_05.mp3\" \/><\/audio><\/p>\n<p><strong>dr Agnieszka Tomasik<\/strong>, dyrektorka Zespo\u0142u Szk\u00f3\u0142 Og\u00f3lnokszta\u0142c\u0105cych w Gda\u0144sku<br \/>\n<audio controls=\"controls\"><source src=\"https:\/\/mors.ug.edu.pl\/sites\/default\/files\/_nodes\/news\/114525\/files\/nagranie_06.mp3\" \/><\/audio><\/p>\n<p><strong>dr hab. Marcin Ca\u0142becki<\/strong>, profesor w Instytucie Filologii Polskiej Uniwersytetu Gda\u0144skiego<br \/>\n<audio controls=\"controls\"><source src=\"https:\/\/mors.ug.edu.pl\/sites\/default\/files\/_nodes\/news\/114525\/files\/nagranie_07.mp3\" \/><\/audio><\/p>\n<p><strong>dr hab. Magdalena Horodecka<\/strong>, profesor w Instytucie Filologii Polskiej Uniwersytetu Gda\u0144skiego<br \/>\n<audio controls=\"controls\"><source src=\"https:\/\/mors.ug.edu.pl\/sites\/default\/files\/_nodes\/news\/114525\/files\/nagranie_08.mp3\" \/><\/audio><\/p>\n<p><strong>dr Iwona Kosowska<\/strong>, Za\u0142o\u017cyciela Pracowni J\u0119zykowej w Gda\u0144sku<br \/>\n<audio controls=\"controls\"><source src=\"https:\/\/mors.ug.edu.pl\/sites\/default\/files\/_nodes\/news\/114525\/files\/nagranie_09.mp3\" \/><\/audio><\/p>\n<p><strong>dr Katarzyna Banucha<\/strong>, Kierownik Dzia\u0142u Regionalnego Nadba\u0142tyckiego Centrum Kultury<br \/>\n<audio controls=\"controls\"><source src=\"https:\/\/mors.ug.edu.pl\/sites\/default\/files\/_nodes\/news\/114525\/files\/nagranie_10.mp3\" \/><\/audio><\/p>\n<p><strong>dr Joanna D\u0105browska-Samaszko<\/strong><br \/>\n<audio controls=\"controls\"><source src=\"https:\/\/mors.ug.edu.pl\/sites\/default\/files\/_nodes\/news\/114525\/files\/nagranie_11.mp3\" \/><\/audio><\/p>\n<p><strong>dr Andrzej Kasperek<\/strong><br \/>\n<audio controls=\"controls\"><source src=\"https:\/\/mors.ug.edu.pl\/sites\/default\/files\/_nodes\/news\/114525\/files\/nagranie_12.mp3\" \/><\/audio><\/p>\n<p><strong>dr Barbara Fride<\/strong><br \/>\n<audio controls=\"controls\"><source src=\"https:\/\/mors.ug.edu.pl\/sites\/default\/files\/_nodes\/news\/114525\/files\/nagranie_13.mp3\" \/><\/audio><br \/>\n<a href=\"https:\/\/mors.ug.edu.pl\/media\/aktualnosci\/114525\/wystawa_poswiecona_profesor_malgorzacie_czerminskiej\" target=\"_blank\" rel=\"noopener\">Link do pe\u0142nego artyku\u0142u<\/a><\/p>\n","protected":false},"featured_media":24102,"template":"","meta":{"_acf_changed":false},"journal":[],"rodzaj":[7074],"seria":[],"product_brand":[],"product_cat":[6958],"product_tag":[7705,7706],"class_list":{"0":"post-46193","1":"product","2":"type-product","3":"status-publish","4":"has-post-thumbnail","6":"rodzaj-ksiazki","7":"product_cat-historia","8":"product_tag-bartosz-dabrowski","9":"product_tag-magdalena-horodecka","11":"first","12":"instock","13":"taxable","14":"shipping-taxable","15":"purchasable","16":"product-type-simple"},"acf":[],"_links":{"self":[{"href":"https:\/\/wydawnictwo.ug.edu.pl\/en\/wp-json\/wp\/v2\/product\/46193","targetHints":{"allow":["GET"]}}],"collection":[{"href":"https:\/\/wydawnictwo.ug.edu.pl\/en\/wp-json\/wp\/v2\/product"}],"about":[{"href":"https:\/\/wydawnictwo.ug.edu.pl\/en\/wp-json\/wp\/v2\/types\/product"}],"wp:featuredmedia":[{"embeddable":true,"href":"https:\/\/wydawnictwo.ug.edu.pl\/en\/wp-json\/wp\/v2\/media\/24102"}],"wp:attachment":[{"href":"https:\/\/wydawnictwo.ug.edu.pl\/en\/wp-json\/wp\/v2\/media?parent=46193"}],"wp:term":[{"taxonomy":"journal","embeddable":true,"href":"https:\/\/wydawnictwo.ug.edu.pl\/en\/wp-json\/wp\/v2\/journal?post=46193"},{"taxonomy":"rodzaj","embeddable":true,"href":"https:\/\/wydawnictwo.ug.edu.pl\/en\/wp-json\/wp\/v2\/rodzaj?post=46193"},{"taxonomy":"seria","embeddable":true,"href":"https:\/\/wydawnictwo.ug.edu.pl\/en\/wp-json\/wp\/v2\/seria?post=46193"},{"taxonomy":"product_brand","embeddable":true,"href":"https:\/\/wydawnictwo.ug.edu.pl\/en\/wp-json\/wp\/v2\/product_brand?post=46193"},{"taxonomy":"product_cat","embeddable":true,"href":"https:\/\/wydawnictwo.ug.edu.pl\/en\/wp-json\/wp\/v2\/product_cat?post=46193"},{"taxonomy":"product_tag","embeddable":true,"href":"https:\/\/wydawnictwo.ug.edu.pl\/en\/wp-json\/wp\/v2\/product_tag?post=46193"}],"curies":[{"name":"wp","href":"https:\/\/api.w.org\/{rel}","templated":true}]}}