{"id":46186,"date":"2023-04-09T15:07:02","date_gmt":"2023-04-09T15:07:02","guid":{"rendered":"https:\/\/wydawnictwo.ug.edu.pl\/ksiegarnia-online\/uncategorized\/porta-aurea-21\/"},"modified":"2026-02-11T13:14:40","modified_gmt":"2026-02-11T13:14:40","slug":"porta-aurea-21","status":"publish","type":"product","link":"https:\/\/wydawnictwo.ug.edu.pl\/en\/ksiegarnia-online\/historia-sztuki-i-kulturoznawstwo\/porta-aurea-21\/","title":{"rendered":"Porta Aurea 21"},"content":{"rendered":"","protected":false},"excerpt":{"rendered":"<p>Tom tematyczny: Pieni\u0105dze i sztuka. Gda\u0144skie mieszcza\u0144stwo XVI wieku jako fundatorzy dzie\u0142 sztuki oraz po\u015bredniczy w transferze wiedzy i d\u00f3br kultury.<\/p>\n<p>Czasopismo to jest tworzone z my\u015bl\u0105 o czytelnikach zainteresowanych histori\u0105 sztuki i architektury, a tematycznie koncentruje si\u0119 na zagadnieniach artystycznych basenu Morza Ba\u0142tyckiego. Profilowanie to nie jest jednak wy\u0142\u0105czne, g\u0142\u00f3wny trzon ka\u017cdego tomu stanowi\u0105 artyku\u0142y po\u015bwi\u0119cone sztuce Gda\u0144ska, czy szerzej Tr\u00f3jmiasta, Pomorza, p\u00f3\u0142nocnych Niemiec, kraj\u00f3w ba\u0142tyckich i Skandynawii.<\/p>\n<p>Czasopismo\u00a0<a href=\"https:\/\/czasopisma.bg.ug.edu.pl\/index.php\/portaaurea\/index\">w wersji elektronicznej<\/a>.<\/p>\n","protected":false},"featured_media":29002,"template":"","meta":{"_acf_changed":false},"journal":[7065],"rodzaj":[7074,7077],"seria":[],"product_brand":[],"product_cat":[6936],"product_tag":[7696],"class_list":{"0":"post-46186","1":"product","2":"type-product","3":"status-publish","4":"has-post-thumbnail","6":"journal-porta-aurea","7":"rodzaj-ksiazki","8":"rodzaj-czasopismo","9":"product_cat-historia-sztuki-i-kulturoznawstwo","10":"product_tag-aleksandra-lipinska","12":"first","13":"instock","14":"taxable","15":"shipping-taxable","16":"purchasable","17":"product-type-simple"},"acf":[],"_links":{"self":[{"href":"https:\/\/wydawnictwo.ug.edu.pl\/en\/wp-json\/wp\/v2\/product\/46186","targetHints":{"allow":["GET"]}}],"collection":[{"href":"https:\/\/wydawnictwo.ug.edu.pl\/en\/wp-json\/wp\/v2\/product"}],"about":[{"href":"https:\/\/wydawnictwo.ug.edu.pl\/en\/wp-json\/wp\/v2\/types\/product"}],"wp:featuredmedia":[{"embeddable":true,"href":"https:\/\/wydawnictwo.ug.edu.pl\/en\/wp-json\/wp\/v2\/media\/29002"}],"wp:attachment":[{"href":"https:\/\/wydawnictwo.ug.edu.pl\/en\/wp-json\/wp\/v2\/media?parent=46186"}],"wp:term":[{"taxonomy":"journal","embeddable":true,"href":"https:\/\/wydawnictwo.ug.edu.pl\/en\/wp-json\/wp\/v2\/journal?post=46186"},{"taxonomy":"rodzaj","embeddable":true,"href":"https:\/\/wydawnictwo.ug.edu.pl\/en\/wp-json\/wp\/v2\/rodzaj?post=46186"},{"taxonomy":"seria","embeddable":true,"href":"https:\/\/wydawnictwo.ug.edu.pl\/en\/wp-json\/wp\/v2\/seria?post=46186"},{"taxonomy":"product_brand","embeddable":true,"href":"https:\/\/wydawnictwo.ug.edu.pl\/en\/wp-json\/wp\/v2\/product_brand?post=46186"},{"taxonomy":"product_cat","embeddable":true,"href":"https:\/\/wydawnictwo.ug.edu.pl\/en\/wp-json\/wp\/v2\/product_cat?post=46186"},{"taxonomy":"product_tag","embeddable":true,"href":"https:\/\/wydawnictwo.ug.edu.pl\/en\/wp-json\/wp\/v2\/product_tag?post=46186"}],"curies":[{"name":"wp","href":"https:\/\/api.w.org\/{rel}","templated":true}]}}