{"id":46185,"date":"2023-04-17T16:55:18","date_gmt":"2023-04-17T16:55:18","guid":{"rendered":"https:\/\/wydawnictwo.ug.edu.pl\/ksiegarnia-online\/uncategorized\/cnoty-sedziowskie-refleksie-prawnicze\/"},"modified":"2026-02-11T13:14:35","modified_gmt":"2026-02-11T13:14:35","slug":"cnoty-sedziowskie-refleksie-prawnicze","status":"publish","type":"product","link":"https:\/\/wydawnictwo.ug.edu.pl\/en\/ksiegarnia-online\/prawo-i-administracja\/cnoty-sedziowskie-refleksie-prawnicze\/","title":{"rendered":"Cnoty s\u0119dziowskie. Refleksje prawnicze"},"content":{"rendered":"","protected":false},"excerpt":{"rendered":"<p style=\"text-align: justify;\">Charakter moralny i stopie\u0144 doskona\u0142o\u015bci intelektualnej s\u0119dzi\u00f3w ma istotne znaczenie dla jako\u015bci prawa i pa\u0144stwa, a przedstawiciele tradycyjnych doktryn prawniczych nie doceniaj\u0105 znaczenia tego faktu. Powy\u017csze za\u0142o\u017cenie le\u017cy u podstaw tej ksi\u0105\u017cki oraz projektu naukowego, kt\u00f3rego jest ona cz\u0119\u015bci\u0105. W konsekwencji w centrum rozwa\u017ca\u0144 autor\u00f3w poszczeg\u00f3lnych rozdzia\u0142\u00f3w znajduje si\u0119 poj\u0119cie cn\u00f3t moralnych i intelektualnych. Poprzez spos\u00f3b orzekania i pe\u0142nienia swej s\u0142u\u017cby s\u0119dziowie na co dzie\u0144 kszta\u0142tuj\u0105 \u201e\u017cywe prawo\u201d takie, jakim ono staje si\u0119 w powszechnym odbiorze obywateli i innych interesariuszy wymiaru sprawiedliwo\u015bci. Autorzy tej ksi\u0105\u017cki nie maj\u0105 co do tego faktu w\u0105tpliwo\u015bci, zwracaj\u0105c uwag\u0119 na szerokie spektrum aspekt\u00f3w wykonywania zawodu s\u0119dziego, kt\u00f3re umyka kategoriom oceny czysto prawnej lub wy\u0142\u0105cznie etyczno-zawodowej. By\u0107 dobrym s\u0119dzi\u0105 znaczy wi\u0119cej ni\u017c post\u0119powa\u0107 legalnie oraz nie przekracza\u0107 skodyfikowanych i zastanych norm etycznych.<\/p>\n<p style=\"text-align: right;\"><em>Tytu\u0142em wst\u0119pu: jurysprudencja cn\u00f3t<\/em><\/p>\n","protected":false},"featured_media":24592,"template":"","meta":{"_acf_changed":false},"journal":[],"rodzaj":[7074],"seria":[],"product_brand":[],"product_cat":[6932],"product_tag":[7441],"class_list":{"0":"post-46185","1":"product","2":"type-product","3":"status-publish","4":"has-post-thumbnail","6":"rodzaj-ksiazki","7":"product_cat-prawo-i-administracja","8":"product_tag-tomasz-widlaktomasz-widlak","10":"first","11":"instock","12":"taxable","13":"shipping-taxable","14":"purchasable","15":"product-type-simple"},"acf":[],"_links":{"self":[{"href":"https:\/\/wydawnictwo.ug.edu.pl\/en\/wp-json\/wp\/v2\/product\/46185","targetHints":{"allow":["GET"]}}],"collection":[{"href":"https:\/\/wydawnictwo.ug.edu.pl\/en\/wp-json\/wp\/v2\/product"}],"about":[{"href":"https:\/\/wydawnictwo.ug.edu.pl\/en\/wp-json\/wp\/v2\/types\/product"}],"wp:featuredmedia":[{"embeddable":true,"href":"https:\/\/wydawnictwo.ug.edu.pl\/en\/wp-json\/wp\/v2\/media\/24592"}],"wp:attachment":[{"href":"https:\/\/wydawnictwo.ug.edu.pl\/en\/wp-json\/wp\/v2\/media?parent=46185"}],"wp:term":[{"taxonomy":"journal","embeddable":true,"href":"https:\/\/wydawnictwo.ug.edu.pl\/en\/wp-json\/wp\/v2\/journal?post=46185"},{"taxonomy":"rodzaj","embeddable":true,"href":"https:\/\/wydawnictwo.ug.edu.pl\/en\/wp-json\/wp\/v2\/rodzaj?post=46185"},{"taxonomy":"seria","embeddable":true,"href":"https:\/\/wydawnictwo.ug.edu.pl\/en\/wp-json\/wp\/v2\/seria?post=46185"},{"taxonomy":"product_brand","embeddable":true,"href":"https:\/\/wydawnictwo.ug.edu.pl\/en\/wp-json\/wp\/v2\/product_brand?post=46185"},{"taxonomy":"product_cat","embeddable":true,"href":"https:\/\/wydawnictwo.ug.edu.pl\/en\/wp-json\/wp\/v2\/product_cat?post=46185"},{"taxonomy":"product_tag","embeddable":true,"href":"https:\/\/wydawnictwo.ug.edu.pl\/en\/wp-json\/wp\/v2\/product_tag?post=46185"}],"curies":[{"name":"wp","href":"https:\/\/api.w.org\/{rel}","templated":true}]}}