{"id":46183,"date":"2023-05-16T08:44:50","date_gmt":"2023-05-16T08:44:50","guid":{"rendered":"https:\/\/wydawnictwo.ug.edu.pl\/ksiegarnia-online\/uncategorized\/24529\/"},"modified":"2026-02-11T13:14:27","modified_gmt":"2026-02-11T13:14:27","slug":"24529","status":"publish","type":"product","link":"https:\/\/wydawnictwo.ug.edu.pl\/en\/ksiegarnia-online\/geografia-i-oceanografia\/24529\/","title":{"rendered":"Fizykochemiczne badania w\u00f3d naturalnych. Przewodnik do \u0107wicze\u0144 laboratoryjnych"},"content":{"rendered":"","protected":false},"excerpt":{"rendered":"<p>Niniejszy podr\u0119cznik do \u0107wicze\u0144 laboratoryjnych skierowany jest do student\u00f3w studi\u00f3w przyrodniczych, zajmuj\u0105cych si\u0119 badaniami wody, w tym do student\u00f3w studi\u00f3w I stopnia na kierunkach: Oceanografia, Ochrona \u015arodowiska, Gospodarka Wodna i Ochrona Zasob\u00f3w W\u00f3d oraz Akwakultura. Tre\u015bci podr\u0119cznika obejmuj\u0105 oznaczanie podstawowych parametr\u00f3w fizykochemicznych w wodach naturalnych, tj. pomiary i analizy przede wszystkim tych popularnych w chemii \u015brodowiska parametr\u00f3w, kt\u00f3re decyduj\u0105 o w\u0142a\u015bciwo\u015bciach w\u00f3d, stanowi\u0105 t\u0142o \u015brodowiskowe do p\u00f3\u017aniejszego omawiania wynik\u00f3w bardziej skomplikowanych analiz chemicznych b\u0105d\u017a s\u0105 pomocne w dyskusji o procesach fizycznych, chemicznych i biologicznych zachodz\u0105cych w \u015brodowisku wodnym.<\/p>\n<p>&nbsp;<\/p>\n","protected":false},"featured_media":24533,"template":"","meta":{"_acf_changed":false},"journal":[],"rodzaj":[7330],"seria":[],"product_brand":[],"product_cat":[7029],"product_tag":[7695],"class_list":{"0":"post-46183","1":"product","2":"type-product","3":"status-publish","4":"has-post-thumbnail","6":"rodzaj-schoolbook","7":"product_cat-geografia-i-oceanografia","8":"product_tag-aleksandra-brodecka-goluch","10":"first","11":"instock","12":"taxable","13":"shipping-taxable","14":"purchasable","15":"product-type-simple"},"acf":[],"_links":{"self":[{"href":"https:\/\/wydawnictwo.ug.edu.pl\/en\/wp-json\/wp\/v2\/product\/46183","targetHints":{"allow":["GET"]}}],"collection":[{"href":"https:\/\/wydawnictwo.ug.edu.pl\/en\/wp-json\/wp\/v2\/product"}],"about":[{"href":"https:\/\/wydawnictwo.ug.edu.pl\/en\/wp-json\/wp\/v2\/types\/product"}],"wp:featuredmedia":[{"embeddable":true,"href":"https:\/\/wydawnictwo.ug.edu.pl\/en\/wp-json\/wp\/v2\/media\/24533"}],"wp:attachment":[{"href":"https:\/\/wydawnictwo.ug.edu.pl\/en\/wp-json\/wp\/v2\/media?parent=46183"}],"wp:term":[{"taxonomy":"journal","embeddable":true,"href":"https:\/\/wydawnictwo.ug.edu.pl\/en\/wp-json\/wp\/v2\/journal?post=46183"},{"taxonomy":"rodzaj","embeddable":true,"href":"https:\/\/wydawnictwo.ug.edu.pl\/en\/wp-json\/wp\/v2\/rodzaj?post=46183"},{"taxonomy":"seria","embeddable":true,"href":"https:\/\/wydawnictwo.ug.edu.pl\/en\/wp-json\/wp\/v2\/seria?post=46183"},{"taxonomy":"product_brand","embeddable":true,"href":"https:\/\/wydawnictwo.ug.edu.pl\/en\/wp-json\/wp\/v2\/product_brand?post=46183"},{"taxonomy":"product_cat","embeddable":true,"href":"https:\/\/wydawnictwo.ug.edu.pl\/en\/wp-json\/wp\/v2\/product_cat?post=46183"},{"taxonomy":"product_tag","embeddable":true,"href":"https:\/\/wydawnictwo.ug.edu.pl\/en\/wp-json\/wp\/v2\/product_tag?post=46183"}],"curies":[{"name":"wp","href":"https:\/\/api.w.org\/{rel}","templated":true}]}}