{"id":46179,"date":"2022-03-16T11:27:34","date_gmt":"2022-03-16T11:27:34","guid":{"rendered":"https:\/\/wydawnictwo.ug.edu.pl\/ksiegarnia-online\/uncategorized\/amendes-sepulcrales-dans-les-epitaphes-de-lepoque-de-lempire-romain\/"},"modified":"2026-02-11T13:35:33","modified_gmt":"2026-02-11T13:35:33","slug":"amendes-sepulcrales-dans-les-epitaphes-de-lepoque-de-lempire-romain","status":"publish","type":"product","link":"https:\/\/wydawnictwo.ug.edu.pl\/en\/ksiegarnia-online\/historia\/amendes-sepulcrales-dans-les-epitaphes-de-lepoque-de-lempire-romain\/","title":{"rendered":"Amendes s\u00e9pulcrales dans les \u00e9pitaphes de l&#8217;\u00e9poque de l&#8217;Empire Romain"},"content":{"rendered":"","protected":false},"excerpt":{"rendered":"<p>La conviction sur l\u2019existence de l\u2019au-del\u00e0, r\u00e9pandue dans les civilisations anciennes, est \u00e0 la base de divers cultes des morts. L\u2019enterrement et la cr\u00e9mation du corps des morts furent ins\u00e9r\u00e9s \u00e0 l\u2019office religieux, ce dernier sanctionn\u00e9 souvent par les exi-gences de la loi. Ius sepulchri de Rome, reconnaissant les lieux d\u2019enterrement des morts comme res religiosa, dote les s\u00e9pulcres d\u2019une saintet\u00e9. Le Romain prend soin des cimeti\u00e8res, geste qui contient en soi, sans doute, le d\u00e9sir de voir ses successeurs v\u00e9n\u00e9rer ensuite son propre s\u00e9pulcre1. Les rites fun\u00e8bres varient selon les couches par-ticuli\u00e8res de la soci\u00e9t\u00e9 romaine. Les uns ne creusent qu\u2019une fosse modeste, autres font b\u00e2tir des monuments somptueux en croyant assurer ainsi \u00e0 eux-m\u00eames et \u00e0 leur famille une existence meilleure dans l\u2019au-del\u00e0. Les possibilit\u00e9s financi\u00e8res d\u00e9terminent \u00e9galement dans une large mesure le rang des fun\u00e9railles et les c\u00e9r\u00e9monies r\u00e9sultant des exigences du culte s\u00e9pulcral.<\/p>\n<p>La pratique de tous les jours montre pourtant que les ius sepulchri ne peuvent pas toujours garantir une protection efficace aux monuments fun\u00e9raires \u00e9l\u00e9v\u00e9s dans les cimeti\u00e8res romains. Ainsi, dans les sources, \u00e0 c\u00f4t\u00e9 des renseignements sur les c\u00e9r\u00e9mo-nies fun\u00e8bres, on retrouve souvent des informations sur la n\u00e9gligence de ce culte ou sur la profanation des cimeti\u00e8res m\u00eame. Des preuves les plus nombreuses se retrouvent dans les \u00e9pitaphes latines et grecques. Selon ces sources, la profanation des tombes (la viola-tion de s\u00e9pulture) appara\u00eet comme un d\u00e9lit connu de toutes les civilisations antiques. Les droits fun\u00e9raires antiques interdisent formellement la vente, le don ou la destruc-tion de monuments fun\u00e9raires, l\u2019enl\u00e8vement de corps des morts ou d\u2019urnes contenant des cendres, ils punissent s\u00e9v\u00e8rement les coupables du pillage de tombes ainsi que les voleurs de st\u00e8les et de monuments fun\u00e9raires. Pourtant, ni les anath\u00e8mes ni le droit s\u00e9v\u00e8re ne parviennent \u00e0 d\u00e9tourner des voleurs de cimeti\u00e8res. Aussi bien des tombes priv\u00e9es que des tombeaux des rois sont profan\u00e9s. Quant aux somptueux tombeaux des rois (les pyramides d\u2019\u00c9gypte), les malfaiteurs y viennent attir\u00e9s par le luxe qui accom-pagne l\u2019enterrement d\u2019un monarque mort. Rien ne peut en emp\u00eacher: ni le creusement des tombes dans le rocher et le masquage astucieux de leurs entr\u00e9es, ni l\u2019organisation des enterrements en secret, ni les meurtres commis sur les ouvriers engag\u00e9s pour la construction du tombeau. Comme nous en instruisent les fouilles arch\u00e9ologiques, il fut impossible de garder secret le lieu d\u2019enterrement du corps d\u2019un monarque.<\/p>\n","protected":false},"featured_media":17947,"template":"","meta":{"_acf_changed":false},"journal":[],"rodzaj":[7074],"seria":[],"product_brand":[],"product_cat":[6958],"product_tag":[7693],"class_list":{"0":"post-46179","1":"product","2":"type-product","3":"status-publish","4":"has-post-thumbnail","6":"rodzaj-ksiazki","7":"product_cat-historia","8":"product_tag-jan-ilukjan-iluk","9":"pa_rok-wydania-2013-en","11":"first","12":"instock","13":"taxable","14":"shipping-taxable","15":"purchasable","16":"product-type-simple"},"acf":[],"_links":{"self":[{"href":"https:\/\/wydawnictwo.ug.edu.pl\/en\/wp-json\/wp\/v2\/product\/46179","targetHints":{"allow":["GET"]}}],"collection":[{"href":"https:\/\/wydawnictwo.ug.edu.pl\/en\/wp-json\/wp\/v2\/product"}],"about":[{"href":"https:\/\/wydawnictwo.ug.edu.pl\/en\/wp-json\/wp\/v2\/types\/product"}],"wp:featuredmedia":[{"embeddable":true,"href":"https:\/\/wydawnictwo.ug.edu.pl\/en\/wp-json\/wp\/v2\/media\/17947"}],"wp:attachment":[{"href":"https:\/\/wydawnictwo.ug.edu.pl\/en\/wp-json\/wp\/v2\/media?parent=46179"}],"wp:term":[{"taxonomy":"journal","embeddable":true,"href":"https:\/\/wydawnictwo.ug.edu.pl\/en\/wp-json\/wp\/v2\/journal?post=46179"},{"taxonomy":"rodzaj","embeddable":true,"href":"https:\/\/wydawnictwo.ug.edu.pl\/en\/wp-json\/wp\/v2\/rodzaj?post=46179"},{"taxonomy":"seria","embeddable":true,"href":"https:\/\/wydawnictwo.ug.edu.pl\/en\/wp-json\/wp\/v2\/seria?post=46179"},{"taxonomy":"product_brand","embeddable":true,"href":"https:\/\/wydawnictwo.ug.edu.pl\/en\/wp-json\/wp\/v2\/product_brand?post=46179"},{"taxonomy":"product_cat","embeddable":true,"href":"https:\/\/wydawnictwo.ug.edu.pl\/en\/wp-json\/wp\/v2\/product_cat?post=46179"},{"taxonomy":"product_tag","embeddable":true,"href":"https:\/\/wydawnictwo.ug.edu.pl\/en\/wp-json\/wp\/v2\/product_tag?post=46179"}],"curies":[{"name":"wp","href":"https:\/\/api.w.org\/{rel}","templated":true}]}}