{"id":46174,"date":"2022-03-31T09:49:16","date_gmt":"2022-03-31T09:49:16","guid":{"rendered":"https:\/\/wydawnictwo.ug.edu.pl\/ksiegarnia-online\/uncategorized\/projektowanie-dzialalnosci-podmiotow-leczniczych\/"},"modified":"2026-02-11T13:34:07","modified_gmt":"2026-02-11T13:34:07","slug":"projektowanie-dzialalnosci-podmiotow-leczniczych","status":"publish","type":"product","link":"https:\/\/wydawnictwo.ug.edu.pl\/en\/ksiegarnia-online\/zarzadzanie\/projektowanie-dzialalnosci-podmiotow-leczniczych\/","title":{"rendered":"Projektowanie dzia\u0142alno\u015bci podmiot\u00f3w leczniczych"},"content":{"rendered":"","protected":false},"excerpt":{"rendered":"<p><strong><a href=\"https:\/\/wydawnictwo.ug.edu.pl\/wp-content\/uploads\/2023\/12\/wasniewski-proj_dzial_podm_logo.pdf\">Dost\u0119p do elektronicznej wersji ksi\u0105\u017cki.<\/a><\/strong><\/p>\n<p>Na ca\u0142ym \u015bwiecie mo\u017cemy m\u00f3wi\u0107 o problemach z wydolno\u015bci\u0105 systemu ochrony zdrowia zwi\u0105zanych z nag\u0142ym wzrostem liczby os\u00f3b wymagaj\u0105cych hospitalizacji i specjalistycznej aparatury medycznej. Z jednej strony rozwi\u0105zanie problem\u00f3w o takim nat\u0119\u017ceniu i zasi\u0119gu nie jest mo\u017cliwe nawet w skali kraju \u2013 wymaga dzia\u0142a\u0144 mi\u0119dzynarodowych, z drugiej jednak strony widoczny jest w Polsce (by\u0107 mo\u017ce w innych krajach te\u017c) brak pomys\u0142u na systemowe rozwi\u0105zania. Autorzy publikacji wychodz\u0105 jednak z za\u0142o\u017cenia, \u017ce system jest tak sprawny, jak sprawne jest jego najs\u0142absze ogniwo. I tu dochodzimy do celu powstania niniejszej publikacji. Autorzy na podstawie obserwacji, analizy literatury i w\u0142asnego do\u015bwiadczenia jako konsultant\u00f3w i mened\u017cer\u00f3w podmiot\u00f3w leczniczych wskazuj\u0105, i\u017c najs\u0142abszym ogniwem w systemie ochrony zdrowia w Polsce s\u0105 samodzielne publiczne podmioty lecznicze. I to nie dlatego, \u017ce nie potrafi\u0105 leczy\u0107, ale dlatego, \u017ce nie pozwala si\u0119 im tego robi\u0107. I nieprawd\u0105 jest, \u017ce nie pozwala im si\u0119 leczy\u0107 ze wzgl\u0119du na ograniczenia bud\u017cetu. Pieni\u0119dzy zawsze b\u0119dzie za ma\u0142o. Hamulcem w skutecznym dzia\u0142aniu jest w du\u017cej mierze dramatycznie niski poziom zarz\u0105dzania podmiotami leczniczymi \u2013 od planowania dzia\u0142alno\u015bci poprzez spos\u00f3b organizacji dzia\u0142alno\u015bci a\u017c do kontroli tych podmiot\u00f3w. Autorzy w niniejszej publikacji skupiaj\u0105 si\u0119 na obszarze organizowania tej\u017ce dzia\u0142alno\u015bci jako kluczowym aspekcie podnoszenia efektywno\u015bci (skuteczno\u015bci i ekonomiczno\u015bci) dzia\u0142alno\u015bci podmiot\u00f3w leczniczych.<a href=\"https:\/\/wydawnictwo.ug.edu.pl\/wp-content\/uploads\/2022\/03\/proj_dzial_podm.pdf\">Dost\u0119p do elektronicznej wersji ksi\u0105\u017cki.<\/a><\/p>\n<p><strong>Ksi\u0105\u017cka finansowana w ramach Programu ProUG.<\/strong><\/p>\n","protected":false},"featured_media":18002,"template":"","meta":{"_acf_changed":false},"journal":[],"rodzaj":[7074],"seria":[],"product_brand":[],"product_cat":[6942],"product_tag":[7672,7673,7687],"class_list":{"0":"post-46174","1":"product","2":"type-product","3":"status-publish","4":"has-post-thumbnail","6":"rodzaj-ksiazki","7":"product_cat-zarzadzanie","8":"product_tag-jaroslaw-wasniewski","9":"product_tag-jedrzej-strumillo","10":"product_tag-roza-szawlowska","12":"first","13":"instock","14":"taxable","15":"shipping-taxable","16":"product-type-simple"},"acf":[],"_links":{"self":[{"href":"https:\/\/wydawnictwo.ug.edu.pl\/en\/wp-json\/wp\/v2\/product\/46174","targetHints":{"allow":["GET"]}}],"collection":[{"href":"https:\/\/wydawnictwo.ug.edu.pl\/en\/wp-json\/wp\/v2\/product"}],"about":[{"href":"https:\/\/wydawnictwo.ug.edu.pl\/en\/wp-json\/wp\/v2\/types\/product"}],"wp:featuredmedia":[{"embeddable":true,"href":"https:\/\/wydawnictwo.ug.edu.pl\/en\/wp-json\/wp\/v2\/media\/18002"}],"wp:attachment":[{"href":"https:\/\/wydawnictwo.ug.edu.pl\/en\/wp-json\/wp\/v2\/media?parent=46174"}],"wp:term":[{"taxonomy":"journal","embeddable":true,"href":"https:\/\/wydawnictwo.ug.edu.pl\/en\/wp-json\/wp\/v2\/journal?post=46174"},{"taxonomy":"rodzaj","embeddable":true,"href":"https:\/\/wydawnictwo.ug.edu.pl\/en\/wp-json\/wp\/v2\/rodzaj?post=46174"},{"taxonomy":"seria","embeddable":true,"href":"https:\/\/wydawnictwo.ug.edu.pl\/en\/wp-json\/wp\/v2\/seria?post=46174"},{"taxonomy":"product_brand","embeddable":true,"href":"https:\/\/wydawnictwo.ug.edu.pl\/en\/wp-json\/wp\/v2\/product_brand?post=46174"},{"taxonomy":"product_cat","embeddable":true,"href":"https:\/\/wydawnictwo.ug.edu.pl\/en\/wp-json\/wp\/v2\/product_cat?post=46174"},{"taxonomy":"product_tag","embeddable":true,"href":"https:\/\/wydawnictwo.ug.edu.pl\/en\/wp-json\/wp\/v2\/product_tag?post=46174"}],"curies":[{"name":"wp","href":"https:\/\/api.w.org\/{rel}","templated":true}]}}