{"id":46173,"date":"2022-04-06T08:59:29","date_gmt":"2022-04-06T08:59:29","guid":{"rendered":"https:\/\/wydawnictwo.ug.edu.pl\/ksiegarnia-online\/uncategorized\/cywilizacja-motywacji-czy-motywacja-cywilizacji\/"},"modified":"2026-02-11T13:34:03","modified_gmt":"2026-02-11T13:34:03","slug":"cywilizacja-motywacji-czy-motywacja-cywilizacji","status":"publish","type":"product","link":"https:\/\/wydawnictwo.ug.edu.pl\/en\/ksiegarnia-online\/jezykoznawstwo\/cywilizacja-motywacji-czy-motywacja-cywilizacji\/","title":{"rendered":"Cywilizacja motywacji czy motywacja cywilizacji?"},"content":{"rendered":"","protected":false},"excerpt":{"rendered":"<p>Monografia autorstwa Anny Hau w oczywisty spos\u00f3b przeczy szerz\u0105cym si\u0119 przepowiedniom o rych\u0142ym zmierzchu\u00a0glottodydaktyki jako\u00a0dyscypliny naukowej. Prawd\u0105 jest, \u017ce liczba specjalist\u00f3w decyduj\u0105cych si\u0119 na uprawianie tej dziedziny wiedzy lingwistycznej ostatnimi czasy wyra\u017anie zmala\u0142a, ale grup\u0119 \u201eczystych\u201d dydaktyk\u00f3w coraz cz\u0119\u015bciej wspomagaj\u0105 zdeklarowani j\u0119zykoznawcy. Specjali\u015bcie z zakresu \u015bci\u015ble pojmowanej teorii i praktyki nauczania j\u0119zyk\u00f3w obcych b\u0119d\u0105 jednak niezb\u0119dni, dop\u00f3ki ludzie zechc\u0105 j\u0119zyki owe poznawa\u0107, opanowywa\u0107 i stosowa\u0107 w \u017cyciu codziennym. A epok\u0119, w kt\u00f3rej wszyscy mieszka\u0144cy Ziemi b\u0119d\u0105 si\u0119 pos\u0142ugiwa\u0107 jednym j\u0119zykiem, trudno by\u0142oby sobie nawet wyobrazi\u0107&#8230;<\/p>\n<p>Inspiracj\u0119 do naukowych rozwa\u017ca\u0144 i \u2014 w konsekwencji \u2014 podj\u0119tej analizy stanowi pytanie o \u017ar\u00f3d\u0142a motywacji w nauce j\u0119zyk\u00f3w obcych. Analiza pozwoli\u0142a \u2014 jak s\u0142usznie konstatuje Autorka \u2014 przyjrze\u0107 si\u0119 wybranemu fragmentowi rzeczywisto\u015bci z nieco szerszej, bo kulturowo-cywilizacyjnej perspektywy.<\/p>\n<p style=\"text-align: right;\"><em>Z recenzji dr hab. Haliny Chodurskiej, em. prof. UP<\/em><\/p>\n","protected":false},"featured_media":18319,"template":"","meta":{"_acf_changed":false},"journal":[],"rodzaj":[7074],"seria":[],"product_brand":[],"product_cat":[6924],"product_tag":[7686],"class_list":{"0":"post-46173","1":"product","2":"type-product","3":"status-publish","4":"has-post-thumbnail","6":"rodzaj-ksiazki","7":"product_cat-jezykoznawstwo","8":"product_tag-anna-hauanna-hau","9":"pa_rok-wydania-2022-en","11":"first","12":"instock","13":"taxable","14":"shipping-taxable","15":"purchasable","16":"product-type-simple"},"acf":[],"_links":{"self":[{"href":"https:\/\/wydawnictwo.ug.edu.pl\/en\/wp-json\/wp\/v2\/product\/46173","targetHints":{"allow":["GET"]}}],"collection":[{"href":"https:\/\/wydawnictwo.ug.edu.pl\/en\/wp-json\/wp\/v2\/product"}],"about":[{"href":"https:\/\/wydawnictwo.ug.edu.pl\/en\/wp-json\/wp\/v2\/types\/product"}],"wp:featuredmedia":[{"embeddable":true,"href":"https:\/\/wydawnictwo.ug.edu.pl\/en\/wp-json\/wp\/v2\/media\/18319"}],"wp:attachment":[{"href":"https:\/\/wydawnictwo.ug.edu.pl\/en\/wp-json\/wp\/v2\/media?parent=46173"}],"wp:term":[{"taxonomy":"journal","embeddable":true,"href":"https:\/\/wydawnictwo.ug.edu.pl\/en\/wp-json\/wp\/v2\/journal?post=46173"},{"taxonomy":"rodzaj","embeddable":true,"href":"https:\/\/wydawnictwo.ug.edu.pl\/en\/wp-json\/wp\/v2\/rodzaj?post=46173"},{"taxonomy":"seria","embeddable":true,"href":"https:\/\/wydawnictwo.ug.edu.pl\/en\/wp-json\/wp\/v2\/seria?post=46173"},{"taxonomy":"product_brand","embeddable":true,"href":"https:\/\/wydawnictwo.ug.edu.pl\/en\/wp-json\/wp\/v2\/product_brand?post=46173"},{"taxonomy":"product_cat","embeddable":true,"href":"https:\/\/wydawnictwo.ug.edu.pl\/en\/wp-json\/wp\/v2\/product_cat?post=46173"},{"taxonomy":"product_tag","embeddable":true,"href":"https:\/\/wydawnictwo.ug.edu.pl\/en\/wp-json\/wp\/v2\/product_tag?post=46173"}],"curies":[{"name":"wp","href":"https:\/\/api.w.org\/{rel}","templated":true}]}}