{"id":46171,"date":"2022-04-06T09:16:56","date_gmt":"2022-04-06T09:16:56","guid":{"rendered":"https:\/\/wydawnictwo.ug.edu.pl\/ksiegarnia-online\/uncategorized\/postcovidowa-dominacja-mediow\/"},"modified":"2026-02-11T13:33:56","modified_gmt":"2026-02-11T13:33:56","slug":"postcovidowa-dominacja-mediow","status":"publish","type":"product","link":"https:\/\/wydawnictwo.ug.edu.pl\/en\/ksiegarnia-online\/zarzadzanie\/postcovidowa-dominacja-mediow\/","title":{"rendered":"Postcovidowa dominacja medi\u00f3w"},"content":{"rendered":"","protected":false},"excerpt":{"rendered":"<p>Rola medi\u00f3w w\u00a0czasie pandemii COVID-19 (od ang. Coronavirus Disease 2019), choroby, kt\u00f3ra zosta\u0142a zidentyfikowana w\u00a0Chinach jesieni\u0105 2019\u00a0r., wzros\u0142a do niewyobra\u017calnych rozmiar\u00f3w. W\u00a0okresach nasilenia liczby zaka\u017ce\u0144 lockdown (ang.\u00a0zamkni\u0119cie) by\u0142 niemal ca\u0142kowity, a\u00a0na ulicach du\u017cych miast na ca\u0142ym \u015bwiecie, zwykle zat\u0142oczonych, prawie nie by\u0142o ludzi ani samochod\u00f3w. Ka\u017cdy mia\u0142 prawo przemieszcza\u0107 si\u0119 jedynie w\u00a0uzasadnionych przypadkach, np.\u00a0w\u00a0celu kupienia \u017cywno\u015bci w\u00a0najbli\u017cszych sklepach spo\u017cywczych, a\u00a0ca\u0142a aktywno\u015b\u0107 ludzka przenios\u0142a si\u0119 do Internetu. W\u00a0sieci toczy\u0142o si\u0119 o\u017cywione \u017cycie: zawodowe, szkolne, naukowe, towarzyskie, sportowe, kulturalne itp.<\/p>\n<p>\u017badne\u00a0\u2013 nawet najbardziej nowoczesne\u00a0\u2013 spo\u0142ecze\u0144stwo nie by\u0142o przygotowane na tego rodzaju sytuacj\u0119 zar\u00f3wno technologicznie, jak i\u00a0mentalnie. Przed\u0142u\u017caj\u0105cy si\u0119 okres zamkni\u0119cia generowa\u0142 l\u0119k i\u00a0frustracj\u0119.<\/p>\n<p>Czy obecnie, po takich trudnych do\u015bwiadczeniach, jeste\u015bmy gotowi do pe\u0142nego funkcjonowania w cyberprzestrzeni? Co tracimy, a co zyskujemy, przenosz\u0105c aktywno\u015bci do sieci? Na te pytania i wiele innych staraj\u0105 si\u0119 odpowiedzie\u0107 autorzy tekst\u00f3w zamieszczonych w tej ksi\u0105\u017cce.<\/p>\n","protected":false},"featured_media":18331,"template":"","meta":{"_acf_changed":false},"journal":[],"rodzaj":[7074],"seria":[],"product_brand":[],"product_cat":[6942],"product_tag":[7481],"class_list":{"0":"post-46171","1":"product","2":"type-product","3":"status-publish","4":"has-post-thumbnail","6":"rodzaj-ksiazki","7":"product_cat-zarzadzanie","8":"product_tag-grazyna-penkowska","9":"pa_rok-wydania-2022-en","11":"first","12":"instock","13":"taxable","14":"shipping-taxable","15":"purchasable","16":"product-type-simple"},"acf":[],"_links":{"self":[{"href":"https:\/\/wydawnictwo.ug.edu.pl\/en\/wp-json\/wp\/v2\/product\/46171","targetHints":{"allow":["GET"]}}],"collection":[{"href":"https:\/\/wydawnictwo.ug.edu.pl\/en\/wp-json\/wp\/v2\/product"}],"about":[{"href":"https:\/\/wydawnictwo.ug.edu.pl\/en\/wp-json\/wp\/v2\/types\/product"}],"wp:featuredmedia":[{"embeddable":true,"href":"https:\/\/wydawnictwo.ug.edu.pl\/en\/wp-json\/wp\/v2\/media\/18331"}],"wp:attachment":[{"href":"https:\/\/wydawnictwo.ug.edu.pl\/en\/wp-json\/wp\/v2\/media?parent=46171"}],"wp:term":[{"taxonomy":"journal","embeddable":true,"href":"https:\/\/wydawnictwo.ug.edu.pl\/en\/wp-json\/wp\/v2\/journal?post=46171"},{"taxonomy":"rodzaj","embeddable":true,"href":"https:\/\/wydawnictwo.ug.edu.pl\/en\/wp-json\/wp\/v2\/rodzaj?post=46171"},{"taxonomy":"seria","embeddable":true,"href":"https:\/\/wydawnictwo.ug.edu.pl\/en\/wp-json\/wp\/v2\/seria?post=46171"},{"taxonomy":"product_brand","embeddable":true,"href":"https:\/\/wydawnictwo.ug.edu.pl\/en\/wp-json\/wp\/v2\/product_brand?post=46171"},{"taxonomy":"product_cat","embeddable":true,"href":"https:\/\/wydawnictwo.ug.edu.pl\/en\/wp-json\/wp\/v2\/product_cat?post=46171"},{"taxonomy":"product_tag","embeddable":true,"href":"https:\/\/wydawnictwo.ug.edu.pl\/en\/wp-json\/wp\/v2\/product_tag?post=46171"}],"curies":[{"name":"wp","href":"https:\/\/api.w.org\/{rel}","templated":true}]}}