{"id":46170,"date":"2022-04-08T10:16:29","date_gmt":"2022-04-08T10:16:29","guid":{"rendered":"https:\/\/wydawnictwo.ug.edu.pl\/ksiegarnia-online\/uncategorized\/perswazja-jezykowa-w-roznych-dyskursach-tom-7\/"},"modified":"2026-02-11T13:33:53","modified_gmt":"2026-02-11T13:33:53","slug":"perswazja-jezykowa-w-roznych-dyskursach-tom-7","status":"publish","type":"product","link":"https:\/\/wydawnictwo.ug.edu.pl\/en\/ksiegarnia-online\/jezykoznawstwo\/perswazja-jezykowa-w-roznych-dyskursach-tom-7\/","title":{"rendered":"Perswazja j\u0119zykowa w r\u00f3\u017cnych dyskursach. Tom 7"},"content":{"rendered":"","protected":false},"excerpt":{"rendered":"<p>Teksty zebrane w si\u00f3dmym tomie z cyklu <em>Perswazja j\u0119zykowa w r\u00f3\u017cnych dyskursach<\/em> stanowi\u0105 dorobek III Mi\u0119dzynarodowej Konferencji Naukowej \u201eMowa. Cz\u0142owiek. \u015awiat. Perswazja j\u0119zykowa w r\u00f3\u017cnych dyskursach\u201d.<\/p>\n<p>W dobie kryzys\u00f3w politycznych i wstrz\u0105s\u00f3w spo\u0142ecznych, kardynalnych zmian w codziennym funkcjonowaniu socium, w tym te\u017c ze wzgl\u0119du na polityk\u0119 izolacyjn\u0105 w warunkach pandemii, studiowanie mechanizm\u00f3w perswazji j\u0119zykowej w dyskursie publicznym zyskuje szczeg\u00f3lne znaczenie. Zgodnie z trafn\u0105 my\u015bl\u0105 Roberta Mayera sztuka wywierania wp\u0142ywu polega na odczytywaniu ludzkich potrzeb \u2013 komunikacyjnych, spo\u0142eczno-politycznych, integracyjnych, edukacyjnych, psychologicznych, u\u015bwiadamianiu ludziom tych potrzeb i zaspokajaniu ich. Aktualna sytuacja socjokulturowa tworzy sprzyjaj\u0105ce warunki do kszta\u0142towania przez platformy polityczne, media, Internet czy nowoczesne narz\u0119dzia dydaktyczne postaw mentalnych w\u015br\u00f3d szerokiego kr\u0119gu odbiorc\u00f3w poprzez u\u017cycie wypowiedzi sugestywnej.<\/p>\n<p>Komunikacja perswazyjna to zjawisko zwi\u0105zane z interakcyjnym charakterem j\u0119zyka, rz\u0105dz\u0105ce si\u0119 pewnymi zasadami, kt\u00f3rego opis wymaga r\u00f3wnie\u017c szczeg\u00f3\u0142owych bada\u0144 kulturowych i uwzgl\u0119dnienie wielowymiarowego (politycznego, historycznego, kulturowego, psychologicznego) kontekstu wypowiedzi, gdy\u017c j\u0119zyk z jednej strony jest narz\u0119dziem porozumiewania si\u0119 ludzi, a z drugiej za\u015b jest reprezentatywny wobec rzeczywisto\u015bci, b\u0119d\u0105c systemem znak\u00f3w symbolicznych odzwierciedlaj\u0105cych t\u0119 rzeczywisto\u015b\u0107. Znak jest tworzony intencjonalnie, w celu wywo\u0142ania okre\u015blonego zachowania, uczucia lub emocji. W zwi\u0105zku z powy\u017cszym zjawisko perswazji stanowi niezwykle szeroki obszar komunikacji, w kt\u00f3rym okre\u015blenie granic i klasyfikacja r\u00f3\u017cnych dzia\u0142a\u0144 perswazyjnych nale\u017cy do najtrudniejszych zada\u0144 w badaniach procesu komunikacji j\u0119zykowej.<\/p>\n<p>Zamieszczone w niniejszej monografii teksty s\u0105 wynikiem przemy\u015ble\u0144 i do\u015bwiadcze\u0144 naukowych przedstawicieli r\u00f3\u017cnych dziedzin i szk\u00f3\u0142 badawczych, kt\u00f3rzy pochylili si\u0119 nad analiz\u0105 pragmatykonu wieloaspektowego zjawiska oddzia\u0142ywania j\u0119zykowego. Na ca\u0142o\u015b\u0107 publikacji sk\u0142ada si\u0119 kilkadziesi\u0105t podrozdzia\u0142\u00f3w po\u015bwi\u0119conych \u2013 w odmiennej perspektywie \u2013 szczeg\u00f3\u0142owym zagadnieniom z kr\u0119gu tytu\u0142owej perswazji.<\/p>\n","protected":false},"featured_media":18354,"template":"","meta":{"_acf_changed":false},"journal":[],"rodzaj":[7074],"seria":[],"product_brand":[],"product_cat":[6924],"product_tag":[7470],"class_list":{"0":"post-46170","1":"product","2":"type-product","3":"status-publish","4":"has-post-thumbnail","6":"rodzaj-ksiazki","7":"product_cat-jezykoznawstwo","8":"product_tag-aleksandra-klimkiewicz","9":"pa_rok-wydania-2022-en","11":"first","12":"instock","13":"taxable","14":"shipping-taxable","15":"purchasable","16":"product-type-simple"},"acf":[],"_links":{"self":[{"href":"https:\/\/wydawnictwo.ug.edu.pl\/en\/wp-json\/wp\/v2\/product\/46170","targetHints":{"allow":["GET"]}}],"collection":[{"href":"https:\/\/wydawnictwo.ug.edu.pl\/en\/wp-json\/wp\/v2\/product"}],"about":[{"href":"https:\/\/wydawnictwo.ug.edu.pl\/en\/wp-json\/wp\/v2\/types\/product"}],"wp:featuredmedia":[{"embeddable":true,"href":"https:\/\/wydawnictwo.ug.edu.pl\/en\/wp-json\/wp\/v2\/media\/18354"}],"wp:attachment":[{"href":"https:\/\/wydawnictwo.ug.edu.pl\/en\/wp-json\/wp\/v2\/media?parent=46170"}],"wp:term":[{"taxonomy":"journal","embeddable":true,"href":"https:\/\/wydawnictwo.ug.edu.pl\/en\/wp-json\/wp\/v2\/journal?post=46170"},{"taxonomy":"rodzaj","embeddable":true,"href":"https:\/\/wydawnictwo.ug.edu.pl\/en\/wp-json\/wp\/v2\/rodzaj?post=46170"},{"taxonomy":"seria","embeddable":true,"href":"https:\/\/wydawnictwo.ug.edu.pl\/en\/wp-json\/wp\/v2\/seria?post=46170"},{"taxonomy":"product_brand","embeddable":true,"href":"https:\/\/wydawnictwo.ug.edu.pl\/en\/wp-json\/wp\/v2\/product_brand?post=46170"},{"taxonomy":"product_cat","embeddable":true,"href":"https:\/\/wydawnictwo.ug.edu.pl\/en\/wp-json\/wp\/v2\/product_cat?post=46170"},{"taxonomy":"product_tag","embeddable":true,"href":"https:\/\/wydawnictwo.ug.edu.pl\/en\/wp-json\/wp\/v2\/product_tag?post=46170"}],"curies":[{"name":"wp","href":"https:\/\/api.w.org\/{rel}","templated":true}]}}