{"id":46169,"date":"2022-04-11T12:09:39","date_gmt":"2022-04-11T12:09:39","guid":{"rendered":"https:\/\/wydawnictwo.ug.edu.pl\/ksiegarnia-online\/uncategorized\/polski-bez-barier\/"},"modified":"2022-04-11T12:09:39","modified_gmt":"2022-04-11T12:09:39","slug":"polski-bez-barier","status":"publish","type":"product","link":"https:\/\/wydawnictwo.ug.edu.pl\/en\/ksiegarnia-online\/jezykoznawstwo\/polski-bez-barier\/","title":{"rendered":"Polski bez barier"},"content":{"rendered":"","protected":false},"excerpt":{"rendered":"<p>Dr hab. Zofia Pomirska, j\u0119zykoznawca, dydaktyk, adiunkt w Zak\u0142adzie Polonistyki Stosowanej Instytutu Filologii Polskiej Uniwersytetu Gda\u0144skiego, autorka program\u00f3w i podr\u0119cznik\u00f3w szkolnych do j\u0119zyka polskiego oraz publikacji z zakresu dydaktyki j\u0119zyka polskiego, wsp\u00f3\u0142pracownik o\u015brodk\u00f3w doskonalenia nauczycieli, specjalista zarz\u0105dzania projektami.<\/p>\n<p>Ksi\u0105\u017cka Zofii Pomirskiej jest z pewno\u015bci\u0105 wa\u017cn\u0105 pozycj\u0105 zar\u00f3wno dla praktyk\u00f3w, jak i lingwodydaktyk\u00f3w, dotyczy bowiem problem\u00f3w, z kt\u00f3rymi polska szko\u0142a mierzy si\u0119 od lat. Ci\u0105gle szuka si\u0119 odpowiedzi na pytania, czym s\u0105 specyficzne trudno\u015bci w uczeniu si\u0119, kim jest ucze\u0144 o specjalnych wymaganiach edukacyjnych, jak te wymagania definiowa\u0107, jak realizowa\u0107 i wreszcie, jak ocenia\u0107 t\u0119 realizacj\u0119. Szczeg\u00f3lnie du\u017co w\u0105tpliwo\u015bci, uprzedze\u0144 i mit\u00f3w naros\u0142o wok\u00f3\u0142 specyficznych trudno\u015bci w uczeniu si\u0119 czytania i pisania. Dysleksja w powszechnym odbiorze cz\u0119sto kojarzy si\u0119 nie tyle z problemami uczni\u00f3w ni\u0105 dotkni\u0119tych oraz szukaniem \u015brodk\u00f3w zaradczych, ile z ch\u0119ci\u0105 wykorzystania tego zjawiska (niejednokrotnie uwa\u017canego za fikcyjne) do nieuczciwego wobec innych uczni\u00f3w obni\u017cania wymaga\u0144. Tym bardziej cenne jest ci\u0105g\u0142e badanie i obja\u015bnianie specyfiki tego typu trudno\u015bci oraz poszukiwanie skutecznych rozwi\u0105za\u0144 dydaktycznych.<\/p>\n<p>W tym zakresie przedstawiona do recenzji ksi\u0105\u017cka otwiera kolejne perspektywy tak badawcze, jak i praktyczne, wskazuje mianowicie na potrzeb\u0119 inkluzji. Zjawisko w\u0142\u0105czania w powszechny system o\u015bwiaty wszystkich uczni\u00f3w, nie tylko niepe\u0142nosprawnych, ale tak\u017ce os\u00f3b ze specjalnymi potrzebami edukacyjnymi (dodajmy, \u017ce r\u00f3wnie\u017c dzieci z r\u00f3\u017cnorodnymi do\u015bwiadczeniami migracyjnymi) ma w za\u0142o\u017ceniu skutecznie przeciwdzia\u0142a\u0107 wykluczeniu spo\u0142ecznemu. Takie podej\u015bcie wymaga przebudowania my\u015blenia o szkole jako instytucji. Autorka podkre\u015bla, \u017ce ma by\u0107 ona \u201eszko\u0142\u0105 dla wszystkich\u201d, w my\u015bl zasady, \u017ce \u201eto nie ucze\u0144 ma dostosowa\u0107 si\u0119 do wymaga\u0144 szko\u0142y, a szko\u0142a do potrzeb ucznia\u201d.<\/p>\n<p style=\"text-align: right;\"><em><span style=\"font-weight: 400;\">Z recenzji dr hab. Agnieszki Rypel, prof. UKW<\/span><\/em><\/p>\n","protected":false},"featured_media":18499,"template":"","meta":{"_acf_changed":false},"journal":[],"rodzaj":[7074],"seria":[],"product_brand":[],"product_cat":[6924],"product_tag":[7590],"class_list":{"0":"post-46169","1":"product","2":"type-product","3":"status-publish","4":"has-post-thumbnail","6":"rodzaj-ksiazki","7":"product_cat-jezykoznawstwo","8":"product_tag-zofia-pomirska","9":"pa_rok-wydania-2022-en","11":"first","12":"instock","13":"taxable","14":"shipping-taxable","15":"purchasable","16":"product-type-simple"},"acf":[],"_links":{"self":[{"href":"https:\/\/wydawnictwo.ug.edu.pl\/en\/wp-json\/wp\/v2\/product\/46169","targetHints":{"allow":["GET"]}}],"collection":[{"href":"https:\/\/wydawnictwo.ug.edu.pl\/en\/wp-json\/wp\/v2\/product"}],"about":[{"href":"https:\/\/wydawnictwo.ug.edu.pl\/en\/wp-json\/wp\/v2\/types\/product"}],"wp:featuredmedia":[{"embeddable":true,"href":"https:\/\/wydawnictwo.ug.edu.pl\/en\/wp-json\/wp\/v2\/media\/18499"}],"wp:attachment":[{"href":"https:\/\/wydawnictwo.ug.edu.pl\/en\/wp-json\/wp\/v2\/media?parent=46169"}],"wp:term":[{"taxonomy":"journal","embeddable":true,"href":"https:\/\/wydawnictwo.ug.edu.pl\/en\/wp-json\/wp\/v2\/journal?post=46169"},{"taxonomy":"rodzaj","embeddable":true,"href":"https:\/\/wydawnictwo.ug.edu.pl\/en\/wp-json\/wp\/v2\/rodzaj?post=46169"},{"taxonomy":"seria","embeddable":true,"href":"https:\/\/wydawnictwo.ug.edu.pl\/en\/wp-json\/wp\/v2\/seria?post=46169"},{"taxonomy":"product_brand","embeddable":true,"href":"https:\/\/wydawnictwo.ug.edu.pl\/en\/wp-json\/wp\/v2\/product_brand?post=46169"},{"taxonomy":"product_cat","embeddable":true,"href":"https:\/\/wydawnictwo.ug.edu.pl\/en\/wp-json\/wp\/v2\/product_cat?post=46169"},{"taxonomy":"product_tag","embeddable":true,"href":"https:\/\/wydawnictwo.ug.edu.pl\/en\/wp-json\/wp\/v2\/product_tag?post=46169"}],"curies":[{"name":"wp","href":"https:\/\/api.w.org\/{rel}","templated":true}]}}