{"id":46167,"date":"2022-04-26T07:22:04","date_gmt":"2022-04-26T07:22:04","guid":{"rendered":"https:\/\/wydawnictwo.ug.edu.pl\/ksiegarnia-online\/uncategorized\/wsrod-najblizszych-z-korespondencji-rodzinnej-antoniny-z-milkowskich-gawronskiej\/"},"modified":"2026-02-11T13:33:44","modified_gmt":"2026-02-11T13:33:44","slug":"wsrod-najblizszych-z-korespondencji-rodzinnej-antoniny-z-milkowskich-gawronskiej","status":"publish","type":"product","link":"https:\/\/wydawnictwo.ug.edu.pl\/en\/ksiegarnia-online\/historia\/wsrod-najblizszych-z-korespondencji-rodzinnej-antoniny-z-milkowskich-gawronskiej\/","title":{"rendered":"W\u015br\u00f3d najbli\u017cszych. Z korespondencji rodzinnej Antoniny z Mi\u0142kowskich Gawro\u0144skiej"},"content":{"rendered":"","protected":false},"excerpt":{"rendered":"<p>Antonina Gawro\u0144ska (1862\u20141944) by\u0142a c\u00f3rk\u0105 pisarza i znanego w\u015br\u00f3d polskiej emigracji dzia\u0142acza politycznego Zygmunta Mi\u0142kowskiego. Wyrasta\u0142a w \u015brodowisku polskiej inteligencji, kt\u00f3ra za cel stawia\u0142a sobie ci\u0105g\u0142e przypominanie o sprawie polskiej spo\u0142ecze\u0144stwom i w\u0142adzom pa\u0144stw europejskich. Po wyj\u015bciu za m\u0105\u017c przenios\u0142a si\u0119 do Galicji i tam pr\u00f3bowa\u0142a nawi\u0105za\u0107 nowe znajomo\u015bci z lud\u017ami kultury, literatury i miejscowej prasy. By\u0142a kobiet\u0105 wykszta\u0142con\u0105, znaj\u0105c\u0105 kilka j\u0119zyk\u00f3w, ale przede wszystkim skupion\u0105 na edukacji swych dzieci [&#8230;].<\/p>\n<p>Dobrze si\u0119 sta\u0142o, \u017ce prof. Eugeniusz Koko postanowi\u0142 si\u0119gn\u0105\u0107 po listy tej tak interesuj\u0105cej postaci, bo pokazuj\u0105 one \u00f3wczesny \u015bwiat oczami kobiety bardzo zapracowanej, typowej matki Polki nie poddaj\u0105cej si\u0119 w \u017cadnej sytuacji. A by\u0142o to \u017cycie nie wolne od ci\u0105g\u0142ych trosk, pe\u0142ne zabieg\u00f3w o zdobycie \u015brodk\u00f3w na utrzymanie rodziny.<\/p>\n<p><em>Z recenzji prof. dr hab. Urszuli Jakubowskiej<\/em><\/p>\n<p>&nbsp;<\/p>\n","protected":false},"featured_media":18970,"template":"","meta":{"_acf_changed":false},"journal":[],"rodzaj":[],"seria":[],"product_brand":[],"product_cat":[229],"product_tag":[765],"class_list":{"0":"post-46167","1":"product","2":"type-product","3":"status-publish","4":"has-post-thumbnail","6":"product_cat-historia","7":"product_tag-eugeniusz-koko","8":"pa_rok-wydania-1179","10":"first","11":"instock","12":"taxable","13":"shipping-taxable","14":"purchasable","15":"product-type-simple"},"acf":[],"_links":{"self":[{"href":"https:\/\/wydawnictwo.ug.edu.pl\/en\/wp-json\/wp\/v2\/product\/46167","targetHints":{"allow":["GET"]}}],"collection":[{"href":"https:\/\/wydawnictwo.ug.edu.pl\/en\/wp-json\/wp\/v2\/product"}],"about":[{"href":"https:\/\/wydawnictwo.ug.edu.pl\/en\/wp-json\/wp\/v2\/types\/product"}],"wp:featuredmedia":[{"embeddable":true,"href":"https:\/\/wydawnictwo.ug.edu.pl\/en\/wp-json\/wp\/v2\/media\/18970"}],"wp:attachment":[{"href":"https:\/\/wydawnictwo.ug.edu.pl\/en\/wp-json\/wp\/v2\/media?parent=46167"}],"wp:term":[{"taxonomy":"journal","embeddable":true,"href":"https:\/\/wydawnictwo.ug.edu.pl\/en\/wp-json\/wp\/v2\/journal?post=46167"},{"taxonomy":"rodzaj","embeddable":true,"href":"https:\/\/wydawnictwo.ug.edu.pl\/en\/wp-json\/wp\/v2\/rodzaj?post=46167"},{"taxonomy":"seria","embeddable":true,"href":"https:\/\/wydawnictwo.ug.edu.pl\/en\/wp-json\/wp\/v2\/seria?post=46167"},{"taxonomy":"product_brand","embeddable":true,"href":"https:\/\/wydawnictwo.ug.edu.pl\/en\/wp-json\/wp\/v2\/product_brand?post=46167"},{"taxonomy":"product_cat","embeddable":true,"href":"https:\/\/wydawnictwo.ug.edu.pl\/en\/wp-json\/wp\/v2\/product_cat?post=46167"},{"taxonomy":"product_tag","embeddable":true,"href":"https:\/\/wydawnictwo.ug.edu.pl\/en\/wp-json\/wp\/v2\/product_tag?post=46167"}],"curies":[{"name":"wp","href":"https:\/\/api.w.org\/{rel}","templated":true}]}}