{"id":46163,"date":"2022-05-11T07:21:31","date_gmt":"2022-05-11T07:21:31","guid":{"rendered":"https:\/\/wydawnictwo.ug.edu.pl\/ksiegarnia-online\/uncategorized\/swiat-zamow\/"},"modified":"2026-02-11T13:33:39","modified_gmt":"2026-02-11T13:33:39","slug":"swiat-zamow","status":"publish","type":"product","link":"https:\/\/wydawnictwo.ug.edu.pl\/en\/ksiegarnia-online\/jezykoznawstwo\/swiat-zamow\/","title":{"rendered":"\u015awiat zam\u00f3w \u015bwiatem ro\u015blin na pograniczu wschodniej i zachodniej S\u0142owia\u0144szczyzny"},"content":{"rendered":"","protected":false},"excerpt":{"rendered":"<p>Niniejsza ksi\u0105\u017cka stanowi kontynuacj\u0119 merytoryczn\u0105 opublikowanej wcze\u015bniej publikacji <em>\u015awiat ro\u015blin \u015bwiatem ludzi na pograniczu wschodniej i<\/em> <em>zachodniej S\u0142owia\u0144szczyzny<\/em>. Podstaw\u0105 hase\u0142 i samego zbioru nazewniczego w nowym s\u0142owniku jest (podobnie jak w cz\u0119\u015bci pierwszej) praca Elizy Orzeszkowej <em>Ludzie i<\/em> <em>kwiaty nad Niemnem<\/em> oraz s\u0142owniczek Zo\u015bki Wieras. Informacje o lecznictwie oficjalnym czerpano z r\u00f3\u017cnych \u017ar\u00f3de\u0142 farmakopei polskiej i wschodnios\u0142owia\u0144skiej, a zastosowanie ludowe ro\u015blin odtwarzano na podstawie opracowa\u0144 kulturoznawczych, \u017ar\u00f3de\u0142 folklorystycznych i zbior\u00f3w zam\u00f3w. W prezentowanej tu cz\u0119\u015bci uzupe\u0142niono has\u0142a dotycz\u0105ce wielu nazw ro\u015blin (zar\u00f3wno ze \u017ar\u00f3de\u0142 polskich, jak i rosyjskich oraz bia\u0142oruskich). Poprawiono niekt\u00f3re b\u0142\u0119dy w nazewnictwie lub zmieniono przypisanie tre\u015bci do konkretnego desygnatu ro\u015blinnego, a tak\u017ce usuni\u0119to b\u0142\u0119dy innego typu oraz wprowadzono nowe pozycje literatury wykorzystanej w gromadzeniu materia\u0142u. Integraln\u0105 cz\u0119\u015bci\u0105 publikacji s\u0105 r\u00f3wnie\u017c zdj\u0119cia ro\u015blin udost\u0119pnione pod linkiem i kodem QR.<\/p>\n<p><strong><a href=\"https:\/\/wydawnictwo.ug.edu.pl\/wp-content\/uploads\/2022\/05\/swiat-zamow.zip\">Zdj\u0119cia do ksi\u0105\u017cki.<\/a><\/strong><\/p>\n","protected":false},"featured_media":19217,"template":"","meta":{"_acf_changed":false},"journal":[],"rodzaj":[7074],"seria":[],"product_brand":[],"product_cat":[6924],"product_tag":[7681],"class_list":{"0":"post-46163","1":"product","2":"type-product","3":"status-publish","4":"has-post-thumbnail","6":"rodzaj-ksiazki","7":"product_cat-jezykoznawstwo","8":"product_tag-krystyna-szczesniak","9":"pa_rok-wydania-2022-en","11":"first","12":"instock","13":"taxable","14":"shipping-taxable","15":"purchasable","16":"product-type-simple"},"acf":[],"_links":{"self":[{"href":"https:\/\/wydawnictwo.ug.edu.pl\/en\/wp-json\/wp\/v2\/product\/46163","targetHints":{"allow":["GET"]}}],"collection":[{"href":"https:\/\/wydawnictwo.ug.edu.pl\/en\/wp-json\/wp\/v2\/product"}],"about":[{"href":"https:\/\/wydawnictwo.ug.edu.pl\/en\/wp-json\/wp\/v2\/types\/product"}],"wp:featuredmedia":[{"embeddable":true,"href":"https:\/\/wydawnictwo.ug.edu.pl\/en\/wp-json\/wp\/v2\/media\/19217"}],"wp:attachment":[{"href":"https:\/\/wydawnictwo.ug.edu.pl\/en\/wp-json\/wp\/v2\/media?parent=46163"}],"wp:term":[{"taxonomy":"journal","embeddable":true,"href":"https:\/\/wydawnictwo.ug.edu.pl\/en\/wp-json\/wp\/v2\/journal?post=46163"},{"taxonomy":"rodzaj","embeddable":true,"href":"https:\/\/wydawnictwo.ug.edu.pl\/en\/wp-json\/wp\/v2\/rodzaj?post=46163"},{"taxonomy":"seria","embeddable":true,"href":"https:\/\/wydawnictwo.ug.edu.pl\/en\/wp-json\/wp\/v2\/seria?post=46163"},{"taxonomy":"product_brand","embeddable":true,"href":"https:\/\/wydawnictwo.ug.edu.pl\/en\/wp-json\/wp\/v2\/product_brand?post=46163"},{"taxonomy":"product_cat","embeddable":true,"href":"https:\/\/wydawnictwo.ug.edu.pl\/en\/wp-json\/wp\/v2\/product_cat?post=46163"},{"taxonomy":"product_tag","embeddable":true,"href":"https:\/\/wydawnictwo.ug.edu.pl\/en\/wp-json\/wp\/v2\/product_tag?post=46163"}],"curies":[{"name":"wp","href":"https:\/\/api.w.org\/{rel}","templated":true}]}}