{"id":46162,"date":"2022-05-12T09:38:57","date_gmt":"2022-05-12T09:38:57","guid":{"rendered":"https:\/\/wydawnictwo.ug.edu.pl\/ksiegarnia-online\/uncategorized\/umowy-kredytu-obciazonego-ryzykiem-walutowym\/"},"modified":"2026-02-11T13:33:27","modified_gmt":"2026-02-11T13:33:27","slug":"umowy-kredytu-obciazonego-ryzykiem-walutowym","status":"publish","type":"product","link":"https:\/\/wydawnictwo.ug.edu.pl\/en\/ksiegarnia-online\/prawo-i-administracja\/umowy-kredytu-obciazonego-ryzykiem-walutowym\/","title":{"rendered":"Umowy kredytu obci\u0105\u017conego ryzykiem walutowym"},"content":{"rendered":"","protected":false},"excerpt":{"rendered":"<p>Celem niniejszej publikacji jest przedstawienie kluczowych zagadnie\u0144 prawnych zwi\u0105zanych z umowami kredytu obci\u0105\u017conego ryzykiem walutowym w \u015bwietle orzecznictwa Trybuna\u0142u Sprawiedliwo\u015bci UE oraz S\u0105du Najwy\u017cszego. Chocia\u017c poza pewnymi wyj\u0105tkami orzeczenia te s\u0105 wi\u0105\u017c\u0105ce tylko w indywidualnych sprawach b\u0119d\u0105cych przedmiotem rozstrzygni\u0119\u0107, ich wp\u0142yw na orzecznictwo s\u0105d\u00f3w powszechnych jest niew\u0105tpliwy. Liczba wydanych orzecze\u0144 oraz szeroki zakres rozpatrywanych zagadnie\u0144 prawnych s\u0105 w ocenie Autora wystarczaj\u0105ce do przeprowadzenia analizy kluczowych problem\u00f3w zwi\u0105zanych z tytu\u0142owymi umowami. Skupiaj\u0105 si\u0119 w nich jak w soczewce zagadnienia prawne, o rozwi\u0105zania kt\u00f3rych zwr\u00f3ci\u0142y si\u0119 lub ewentualnie kt\u00f3re zastosowa\u0142y s\u0105dy powszechne.<\/p>\n","protected":false},"featured_media":19235,"template":"","meta":{"_acf_changed":false},"journal":[],"rodzaj":[7074],"seria":[],"product_brand":[],"product_cat":[6932],"product_tag":[7680],"class_list":{"0":"post-46162","1":"product","2":"type-product","3":"status-publish","4":"has-post-thumbnail","6":"rodzaj-ksiazki","7":"product_cat-prawo-i-administracja","8":"product_tag-damian-cyman","9":"pa_rok-wydania-2022-en","11":"first","12":"instock","13":"taxable","14":"shipping-taxable","15":"purchasable","16":"product-type-simple"},"acf":[],"_links":{"self":[{"href":"https:\/\/wydawnictwo.ug.edu.pl\/en\/wp-json\/wp\/v2\/product\/46162","targetHints":{"allow":["GET"]}}],"collection":[{"href":"https:\/\/wydawnictwo.ug.edu.pl\/en\/wp-json\/wp\/v2\/product"}],"about":[{"href":"https:\/\/wydawnictwo.ug.edu.pl\/en\/wp-json\/wp\/v2\/types\/product"}],"wp:featuredmedia":[{"embeddable":true,"href":"https:\/\/wydawnictwo.ug.edu.pl\/en\/wp-json\/wp\/v2\/media\/19235"}],"wp:attachment":[{"href":"https:\/\/wydawnictwo.ug.edu.pl\/en\/wp-json\/wp\/v2\/media?parent=46162"}],"wp:term":[{"taxonomy":"journal","embeddable":true,"href":"https:\/\/wydawnictwo.ug.edu.pl\/en\/wp-json\/wp\/v2\/journal?post=46162"},{"taxonomy":"rodzaj","embeddable":true,"href":"https:\/\/wydawnictwo.ug.edu.pl\/en\/wp-json\/wp\/v2\/rodzaj?post=46162"},{"taxonomy":"seria","embeddable":true,"href":"https:\/\/wydawnictwo.ug.edu.pl\/en\/wp-json\/wp\/v2\/seria?post=46162"},{"taxonomy":"product_brand","embeddable":true,"href":"https:\/\/wydawnictwo.ug.edu.pl\/en\/wp-json\/wp\/v2\/product_brand?post=46162"},{"taxonomy":"product_cat","embeddable":true,"href":"https:\/\/wydawnictwo.ug.edu.pl\/en\/wp-json\/wp\/v2\/product_cat?post=46162"},{"taxonomy":"product_tag","embeddable":true,"href":"https:\/\/wydawnictwo.ug.edu.pl\/en\/wp-json\/wp\/v2\/product_tag?post=46162"}],"curies":[{"name":"wp","href":"https:\/\/api.w.org\/{rel}","templated":true}]}}