{"id":46159,"date":"2022-08-29T08:48:20","date_gmt":"2022-08-29T08:48:20","guid":{"rendered":"https:\/\/wydawnictwo.ug.edu.pl\/ksiegarnia-online\/uncategorized\/ibage-2020-2021-no-39-competitiveness-and-economic-development-macroeconomic-and-microeconomic-aspects-and-challenges\/"},"modified":"2026-02-18T11:37:52","modified_gmt":"2026-02-18T11:37:52","slug":"ibage-2020-2021-no-39-competitiveness-and-economic-development-macroeconomic-and-microeconomic-aspects-and-challenges","status":"publish","type":"product","link":"https:\/\/wydawnictwo.ug.edu.pl\/en\/ksiegarnia-online\/ekonomia\/ibage-2020-2021-no-39-competitiveness-and-economic-development-macroeconomic-and-microeconomic-aspects-and-challenges\/","title":{"rendered":"IBAGE 2020\/2021, nr 39. Competitiveness and economic development \u2013 macroeconomic aspects and challenges"},"content":{"rendered":"","protected":false},"excerpt":{"rendered":"<p>Czasopismo \u201eInternational Business and Global Economy\u201d po\u015bwi\u0119cone jest problemom wsp\u00f3\u0142czesnej gospodarki \u015bwiatowej. Prezentowana tematyka obejmuje zagadnienia dotycz\u0105ce rozwoju rynku mi\u0119dzynarodowego, organizacji i zarz\u0105dzania procesami gospodarczymi oraz funkcjonowania rynk\u00f3w finansowych.<\/p>\n","protected":false},"featured_media":20638,"template":"","meta":{"_acf_changed":false},"journal":[7133],"rodzaj":[7077],"seria":[],"product_brand":[],"product_cat":[6934],"product_tag":[7488,7677,7487],"class_list":{"0":"post-46159","1":"product","2":"type-product","3":"status-publish","4":"has-post-thumbnail","6":"journal-international-business-and-global-economy","7":"rodzaj-czasopismo","8":"product_cat-ekonomia","9":"product_tag-dariusz-tloczynski","10":"product_tag-joanna-bednarzjoanna-bednarz","11":"product_tag-sylwia-pangsy-kaniasylwia-pangsy-kania","12":"pa_rok-wydania-2020-en","13":"pa_rok-wydania-2021-en","15":"first","16":"instock","17":"taxable","18":"shipping-taxable","19":"purchasable","20":"product-type-external"},"acf":[],"_links":{"self":[{"href":"https:\/\/wydawnictwo.ug.edu.pl\/en\/wp-json\/wp\/v2\/product\/46159","targetHints":{"allow":["GET"]}}],"collection":[{"href":"https:\/\/wydawnictwo.ug.edu.pl\/en\/wp-json\/wp\/v2\/product"}],"about":[{"href":"https:\/\/wydawnictwo.ug.edu.pl\/en\/wp-json\/wp\/v2\/types\/product"}],"wp:featuredmedia":[{"embeddable":true,"href":"https:\/\/wydawnictwo.ug.edu.pl\/en\/wp-json\/wp\/v2\/media\/20638"}],"wp:attachment":[{"href":"https:\/\/wydawnictwo.ug.edu.pl\/en\/wp-json\/wp\/v2\/media?parent=46159"}],"wp:term":[{"taxonomy":"journal","embeddable":true,"href":"https:\/\/wydawnictwo.ug.edu.pl\/en\/wp-json\/wp\/v2\/journal?post=46159"},{"taxonomy":"rodzaj","embeddable":true,"href":"https:\/\/wydawnictwo.ug.edu.pl\/en\/wp-json\/wp\/v2\/rodzaj?post=46159"},{"taxonomy":"seria","embeddable":true,"href":"https:\/\/wydawnictwo.ug.edu.pl\/en\/wp-json\/wp\/v2\/seria?post=46159"},{"taxonomy":"product_brand","embeddable":true,"href":"https:\/\/wydawnictwo.ug.edu.pl\/en\/wp-json\/wp\/v2\/product_brand?post=46159"},{"taxonomy":"product_cat","embeddable":true,"href":"https:\/\/wydawnictwo.ug.edu.pl\/en\/wp-json\/wp\/v2\/product_cat?post=46159"},{"taxonomy":"product_tag","embeddable":true,"href":"https:\/\/wydawnictwo.ug.edu.pl\/en\/wp-json\/wp\/v2\/product_tag?post=46159"}],"curies":[{"name":"wp","href":"https:\/\/api.w.org\/{rel}","templated":true}]}}