{"id":46158,"date":"2022-08-30T08:21:56","date_gmt":"2022-08-30T08:21:56","guid":{"rendered":"https:\/\/wydawnictwo.ug.edu.pl\/ksiegarnia-online\/uncategorized\/wehikulem-przez-wieki\/"},"modified":"2026-02-17T14:51:28","modified_gmt":"2026-02-17T14:51:28","slug":"wehikulem-przez-wieki","status":"publish","type":"product","link":"https:\/\/wydawnictwo.ug.edu.pl\/en\/ksiegarnia-online\/historia\/wehikulem-przez-wieki\/","title":{"rendered":"Wehiku\u0142em przez wieki"},"content":{"rendered":"","protected":false},"excerpt":{"rendered":"<p>VI tom serii \u201eGda\u0144skich Tek Turystyczno-Krajoznawczych\u201d to zbi\u00f3r bada\u0144 nad \u015brodkami lokomocji i transportu, dawn\u0105 logistyk\u0105 podr\u00f3\u017cy oraz \u017ar\u00f3d\u0142ami niebezpiecze\u0144stw, jakie czeka\u0142y na uczestnik\u00f3w woja\u017cy, pocz\u0105wszy\u00a0<span class=\"hiddenGrammarError\">od<\/span> \u015bredniowiecza a\u017c do czas\u00f3w wsp\u00f3\u0142czesnych. Autorzy odkrywaj\u0105 kulisy organizacji i przebiegu podr\u00f3\u017cy, odkrywaj\u0105c gdzie i w jakim celu odbywano podr\u00f3\u017ce, a tak\u017ce z jak\u0105 pr\u0119dko\u015bci\u0105 pokonywano wyznaczone trasy.<\/p>\n<p>Ksi\u0105\u017cka ukaza\u0142a si\u0119 w serii wydawniczej Gda\u0144skie Teki Turystyczno-Krajoznawcze.<\/p>\n","protected":false},"featured_media":20628,"template":"","meta":{"_acf_changed":false},"journal":[],"rodzaj":[7074,7076],"seria":[7081],"product_brand":[],"product_cat":[6958],"product_tag":[7546,7421],"class_list":{"0":"post-46158","1":"product","2":"type-product","3":"status-publish","4":"has-post-thumbnail","6":"rodzaj-ksiazki","7":"rodzaj-serie-wydawnicze","8":"seria-gdanskie-teki-turystyczno-krajoznawcze","9":"product_cat-historia","10":"product_tag-anna-lysiak-latkowska-2","11":"product_tag-iwona-janickaiwona-janicka","13":"first","14":"instock","15":"taxable","16":"shipping-taxable","17":"purchasable","18":"product-type-simple"},"acf":[],"_links":{"self":[{"href":"https:\/\/wydawnictwo.ug.edu.pl\/en\/wp-json\/wp\/v2\/product\/46158","targetHints":{"allow":["GET"]}}],"collection":[{"href":"https:\/\/wydawnictwo.ug.edu.pl\/en\/wp-json\/wp\/v2\/product"}],"about":[{"href":"https:\/\/wydawnictwo.ug.edu.pl\/en\/wp-json\/wp\/v2\/types\/product"}],"wp:featuredmedia":[{"embeddable":true,"href":"https:\/\/wydawnictwo.ug.edu.pl\/en\/wp-json\/wp\/v2\/media\/20628"}],"wp:attachment":[{"href":"https:\/\/wydawnictwo.ug.edu.pl\/en\/wp-json\/wp\/v2\/media?parent=46158"}],"wp:term":[{"taxonomy":"journal","embeddable":true,"href":"https:\/\/wydawnictwo.ug.edu.pl\/en\/wp-json\/wp\/v2\/journal?post=46158"},{"taxonomy":"rodzaj","embeddable":true,"href":"https:\/\/wydawnictwo.ug.edu.pl\/en\/wp-json\/wp\/v2\/rodzaj?post=46158"},{"taxonomy":"seria","embeddable":true,"href":"https:\/\/wydawnictwo.ug.edu.pl\/en\/wp-json\/wp\/v2\/seria?post=46158"},{"taxonomy":"product_brand","embeddable":true,"href":"https:\/\/wydawnictwo.ug.edu.pl\/en\/wp-json\/wp\/v2\/product_brand?post=46158"},{"taxonomy":"product_cat","embeddable":true,"href":"https:\/\/wydawnictwo.ug.edu.pl\/en\/wp-json\/wp\/v2\/product_cat?post=46158"},{"taxonomy":"product_tag","embeddable":true,"href":"https:\/\/wydawnictwo.ug.edu.pl\/en\/wp-json\/wp\/v2\/product_tag?post=46158"}],"curies":[{"name":"wp","href":"https:\/\/api.w.org\/{rel}","templated":true}]}}