{"id":46157,"date":"2022-08-30T09:24:25","date_gmt":"2022-08-30T09:24:25","guid":{"rendered":"https:\/\/wydawnictwo.ug.edu.pl\/ksiegarnia-online\/uncategorized\/ibage-2020-2021-nr-40-competitiveness-and-economic-development-microeconomic-aspects-and-challenges\/"},"modified":"2026-02-18T11:37:39","modified_gmt":"2026-02-18T11:37:39","slug":"ibage-2020-2021-nr-40-competitiveness-and-economic-development-microeconomic-aspects-and-challenges","status":"publish","type":"product","link":"https:\/\/wydawnictwo.ug.edu.pl\/en\/ksiegarnia-online\/ekonomia\/ibage-2020-2021-nr-40-competitiveness-and-economic-development-microeconomic-aspects-and-challenges\/","title":{"rendered":"IBAGE 2021, nr 40. Competitiveness and economic development &#8211; microeconomic aspects and challenges"},"content":{"rendered":"","protected":false},"excerpt":{"rendered":"<p>Czasopismo \u201eInternational Business and Global Economy\u201d po\u015bwi\u0119cone jest problemom wsp\u00f3\u0142czesnej gospodarki \u015bwiatowej. Prezentowana tematyka obejmuje zagadnienia dotycz\u0105ce rozwoju rynku mi\u0119dzynarodowego, organizacji i zarz\u0105dzania procesami gospodarczymi oraz funkcjonowania rynk\u00f3w finansowych.<\/p>\n","protected":false},"featured_media":20644,"template":"","meta":{"_acf_changed":false},"journal":[7133],"rodzaj":[7077],"seria":[],"product_brand":[],"product_cat":[6934],"product_tag":[7488,7677,7487],"class_list":{"0":"post-46157","1":"product","2":"type-product","3":"status-publish","4":"has-post-thumbnail","6":"journal-international-business-and-global-economy","7":"rodzaj-czasopismo","8":"product_cat-ekonomia","9":"product_tag-dariusz-tloczynski","10":"product_tag-joanna-bednarzjoanna-bednarz","11":"product_tag-sylwia-pangsy-kaniasylwia-pangsy-kania","12":"pa_rok-wydania-2021-en","14":"first","15":"instock","16":"taxable","17":"shipping-taxable","18":"purchasable","19":"product-type-external"},"acf":[],"_links":{"self":[{"href":"https:\/\/wydawnictwo.ug.edu.pl\/en\/wp-json\/wp\/v2\/product\/46157","targetHints":{"allow":["GET"]}}],"collection":[{"href":"https:\/\/wydawnictwo.ug.edu.pl\/en\/wp-json\/wp\/v2\/product"}],"about":[{"href":"https:\/\/wydawnictwo.ug.edu.pl\/en\/wp-json\/wp\/v2\/types\/product"}],"wp:featuredmedia":[{"embeddable":true,"href":"https:\/\/wydawnictwo.ug.edu.pl\/en\/wp-json\/wp\/v2\/media\/20644"}],"wp:attachment":[{"href":"https:\/\/wydawnictwo.ug.edu.pl\/en\/wp-json\/wp\/v2\/media?parent=46157"}],"wp:term":[{"taxonomy":"journal","embeddable":true,"href":"https:\/\/wydawnictwo.ug.edu.pl\/en\/wp-json\/wp\/v2\/journal?post=46157"},{"taxonomy":"rodzaj","embeddable":true,"href":"https:\/\/wydawnictwo.ug.edu.pl\/en\/wp-json\/wp\/v2\/rodzaj?post=46157"},{"taxonomy":"seria","embeddable":true,"href":"https:\/\/wydawnictwo.ug.edu.pl\/en\/wp-json\/wp\/v2\/seria?post=46157"},{"taxonomy":"product_brand","embeddable":true,"href":"https:\/\/wydawnictwo.ug.edu.pl\/en\/wp-json\/wp\/v2\/product_brand?post=46157"},{"taxonomy":"product_cat","embeddable":true,"href":"https:\/\/wydawnictwo.ug.edu.pl\/en\/wp-json\/wp\/v2\/product_cat?post=46157"},{"taxonomy":"product_tag","embeddable":true,"href":"https:\/\/wydawnictwo.ug.edu.pl\/en\/wp-json\/wp\/v2\/product_tag?post=46157"}],"curies":[{"name":"wp","href":"https:\/\/api.w.org\/{rel}","templated":true}]}}