{"id":46156,"date":"2022-09-05T10:27:58","date_gmt":"2022-09-05T10:27:58","guid":{"rendered":"https:\/\/wydawnictwo.ug.edu.pl\/ksiegarnia-online\/uncategorized\/media-biznes-kultura-nr-1-12-2022\/"},"modified":"2026-02-11T13:23:28","modified_gmt":"2026-02-11T13:23:28","slug":"media-biznes-kultura-nr-1-12-2022","status":"publish","type":"product","link":"https:\/\/wydawnictwo.ug.edu.pl\/en\/ksiegarnia-online\/medioznawstwo\/media-biznes-kultura-nr-1-12-2022\/","title":{"rendered":"Media Biznes Kultura nr 1 (12)\/2022"},"content":{"rendered":"","protected":false},"excerpt":{"rendered":"<p>MEDIA BIZNES KULTURA to czasopismo naukowe o profilu medioznawczym wydawane przez Instytut Medi\u00f3w, Dziennikarstwa i Komunikacji Spo\u0142ecznej Uniwersytetu Gda\u0144skiego we wsp\u00f3\u0142pracy z Komisj\u0105 Etyki Komunikacji PAU. Tytu\u0142 czasopisma jest nawi\u0105zaniem do nazwy mi\u0119dzynarodowej konferencji naukowej, cyklicznie organizowanej przez gda\u0144skie \u015brodowisko dziennikarskie zapraszaj\u0105ce do interdyscyplinarnego dyskursu na temat medi\u00f3w naukowc\u00f3w z kraju i zagranicy. Umieszczane tu artyku\u0142y sytuuj\u0105 si\u0119 w obszarze nauk o komunikacji spo\u0142ecznej i mediach. Formu\u0142a czasopisma jest dwuj\u0119zyczna. Teksty publikowane s\u0105 w j\u0119zyku polskim i j\u0119zyku angielskim.<\/p>\n<p>&nbsp;<\/p>\n","protected":false},"featured_media":21034,"template":"","meta":{"_acf_changed":false},"journal":[7063],"rodzaj":[7077],"seria":[],"product_brand":[],"product_cat":[6941],"product_tag":[],"class_list":{"0":"post-46156","1":"product","2":"type-product","3":"status-publish","4":"has-post-thumbnail","6":"journal-media-biznes-kultura","7":"rodzaj-czasopismo","8":"product_cat-medioznawstwo","10":"first","11":"instock","12":"taxable","13":"shipping-taxable","14":"product-type-external"},"acf":[],"_links":{"self":[{"href":"https:\/\/wydawnictwo.ug.edu.pl\/en\/wp-json\/wp\/v2\/product\/46156","targetHints":{"allow":["GET"]}}],"collection":[{"href":"https:\/\/wydawnictwo.ug.edu.pl\/en\/wp-json\/wp\/v2\/product"}],"about":[{"href":"https:\/\/wydawnictwo.ug.edu.pl\/en\/wp-json\/wp\/v2\/types\/product"}],"wp:featuredmedia":[{"embeddable":true,"href":"https:\/\/wydawnictwo.ug.edu.pl\/en\/wp-json\/wp\/v2\/media\/21034"}],"wp:attachment":[{"href":"https:\/\/wydawnictwo.ug.edu.pl\/en\/wp-json\/wp\/v2\/media?parent=46156"}],"wp:term":[{"taxonomy":"journal","embeddable":true,"href":"https:\/\/wydawnictwo.ug.edu.pl\/en\/wp-json\/wp\/v2\/journal?post=46156"},{"taxonomy":"rodzaj","embeddable":true,"href":"https:\/\/wydawnictwo.ug.edu.pl\/en\/wp-json\/wp\/v2\/rodzaj?post=46156"},{"taxonomy":"seria","embeddable":true,"href":"https:\/\/wydawnictwo.ug.edu.pl\/en\/wp-json\/wp\/v2\/seria?post=46156"},{"taxonomy":"product_brand","embeddable":true,"href":"https:\/\/wydawnictwo.ug.edu.pl\/en\/wp-json\/wp\/v2\/product_brand?post=46156"},{"taxonomy":"product_cat","embeddable":true,"href":"https:\/\/wydawnictwo.ug.edu.pl\/en\/wp-json\/wp\/v2\/product_cat?post=46156"},{"taxonomy":"product_tag","embeddable":true,"href":"https:\/\/wydawnictwo.ug.edu.pl\/en\/wp-json\/wp\/v2\/product_tag?post=46156"}],"curies":[{"name":"wp","href":"https:\/\/api.w.org\/{rel}","templated":true}]}}