{"id":46155,"date":"2022-09-13T06:44:36","date_gmt":"2022-09-13T06:44:36","guid":{"rendered":"https:\/\/wydawnictwo.ug.edu.pl\/ksiegarnia-online\/uncategorized\/teoria-perspektywy-aspekty-behawioralne-i-modelowanie-preferencji\/"},"modified":"2026-02-11T13:23:23","modified_gmt":"2026-02-11T13:23:23","slug":"teoria-perspektywy-aspekty-behawioralne-i-modelowanie-preferencji","status":"publish","type":"product","link":"https:\/\/wydawnictwo.ug.edu.pl\/en\/ksiegarnia-online\/ekonomia\/teoria-perspektywy-aspekty-behawioralne-i-modelowanie-preferencji\/","title":{"rendered":"Teoria perspektywy. Aspekty behawioralne i modelowanie preferencji"},"content":{"rendered":"","protected":false},"excerpt":{"rendered":"<p>Uwa\u017cam recenzowan\u0105 ksi\u0105\u017ck\u0119 za potrzebn\u0105 i warto\u015bciow\u0105. Ze wzgl\u0119du na struktur\u0119 i tre\u015b\u0107 mo\u017ce ona liczy\u0107 na zainteresowanie czytelnik\u00f3w. Pierwsza cz\u0119\u015b\u0107 ksi\u0105\u017cki zawiera om\u00f3wienie stanu bada\u0144 dotycz\u0105cych teorii perspektywy, \u015bwiadcz\u0105ce o ogromnej, tytanicznej pracy badawczej, kt\u00f3rej celem by\u0142o uporz\u0105dkowanie wielo\u015bci podej\u015b\u0107 kojarzonych z teori\u0105 perspektywy lub b\u0119d\u0105cych jej wariantami. Poznanie meandr\u00f3w ewolucji teorii perspektywy u\u015bwiadamia, \u017ce ka\u017cdy z badaczy mo\u017ce inaczej definiowa\u0107 podstawowe za\u0142o\u017cenia tej teorii. Cz\u0119\u015b\u0107 pierwsza mo\u017ce zatem s\u0142u\u017cy\u0107 tak\u017ce studentom jako podstawa teoretyczna. W drugiej cz\u0119\u015bci ksi\u0105\u017cki Autorka zaprezentowa\u0142a oryginalne badanie empiryczne, w kt\u00f3rym: a) uczestnicy otrzymuj\u0105 informacj\u0119 zwrotn\u0105 o wygranych, b) system wyp\u0142at obejmuje zar\u00f3wno mo\u017cliwo\u015b\u0107 uzyskania zysku, jak i straty w loterii, co powoduje, \u017ce przedstawione badanie empiryczne lepiej odnosi si\u0119 do teorii perspektywy ni\u017c inne tego rodzaju studia. Przedstawion\u0105 monografi\u0119 cechuj\u0105 wysokie walory naukowe, dzi\u0119ki czemu stanowi ona wa\u017cny wk\u0142ad w rozw\u00f3j bada\u0144 nad wyborem w warunkach ryzyka i teori\u0105 perspektywy.<\/p>\n<p style=\"text-align: right;\"><em>Z recenzji dr. hab. Tomasza Kopczewskiego<\/em><\/p>\n","protected":false},"featured_media":21062,"template":"","meta":{"_acf_changed":false},"journal":[],"rodzaj":[2602],"seria":[],"product_brand":[],"product_cat":[266],"product_tag":[],"class_list":{"0":"post-46155","1":"product","2":"type-product","3":"status-publish","4":"has-post-thumbnail","6":"rodzaj-ksiazki","7":"product_cat-ekonomia","8":"pa_rok-wydania-1179","10":"first","11":"instock","12":"taxable","13":"shipping-taxable","14":"product-type-simple"},"acf":[],"_links":{"self":[{"href":"https:\/\/wydawnictwo.ug.edu.pl\/en\/wp-json\/wp\/v2\/product\/46155","targetHints":{"allow":["GET"]}}],"collection":[{"href":"https:\/\/wydawnictwo.ug.edu.pl\/en\/wp-json\/wp\/v2\/product"}],"about":[{"href":"https:\/\/wydawnictwo.ug.edu.pl\/en\/wp-json\/wp\/v2\/types\/product"}],"wp:featuredmedia":[{"embeddable":true,"href":"https:\/\/wydawnictwo.ug.edu.pl\/en\/wp-json\/wp\/v2\/media\/21062"}],"wp:attachment":[{"href":"https:\/\/wydawnictwo.ug.edu.pl\/en\/wp-json\/wp\/v2\/media?parent=46155"}],"wp:term":[{"taxonomy":"journal","embeddable":true,"href":"https:\/\/wydawnictwo.ug.edu.pl\/en\/wp-json\/wp\/v2\/journal?post=46155"},{"taxonomy":"rodzaj","embeddable":true,"href":"https:\/\/wydawnictwo.ug.edu.pl\/en\/wp-json\/wp\/v2\/rodzaj?post=46155"},{"taxonomy":"seria","embeddable":true,"href":"https:\/\/wydawnictwo.ug.edu.pl\/en\/wp-json\/wp\/v2\/seria?post=46155"},{"taxonomy":"product_brand","embeddable":true,"href":"https:\/\/wydawnictwo.ug.edu.pl\/en\/wp-json\/wp\/v2\/product_brand?post=46155"},{"taxonomy":"product_cat","embeddable":true,"href":"https:\/\/wydawnictwo.ug.edu.pl\/en\/wp-json\/wp\/v2\/product_cat?post=46155"},{"taxonomy":"product_tag","embeddable":true,"href":"https:\/\/wydawnictwo.ug.edu.pl\/en\/wp-json\/wp\/v2\/product_tag?post=46155"}],"curies":[{"name":"wp","href":"https:\/\/api.w.org\/{rel}","templated":true}]}}