{"id":46154,"date":"2022-09-20T10:14:27","date_gmt":"2022-09-20T10:14:27","guid":{"rendered":"https:\/\/wydawnictwo.ug.edu.pl\/ksiegarnia-online\/uncategorized\/obiekty-metody-interpretacje-tom-2-dyskurs-medialny\/"},"modified":"2026-02-11T13:23:14","modified_gmt":"2026-02-11T13:23:14","slug":"obiekty-metody-interpretacje-tom-2-dyskurs-medialny","status":"publish","type":"product","link":"https:\/\/wydawnictwo.ug.edu.pl\/en\/ksiegarnia-online\/jezykoznawstwo\/obiekty-metody-interpretacje-tom-2-dyskurs-medialny\/","title":{"rendered":"Obiekty, metody, interpretacje. Tom 2. Dyskurs medialny"},"content":{"rendered":"","protected":false},"excerpt":{"rendered":"<p>Pomys\u0142 tej ksi\u0105\u017cki zrodzi\u0142 si\u0119 w trakcie wsp\u00f3\u0142pracy wyk\u0142adowc\u00f3w i student\u00f3w z r\u00f3\u017cnych kraj\u00f3w w ramach programu Erasmus+.\u00a0 Wyk\u0142ady, spotkania, rozmowy, kontakt wyk\u0142adowc\u00f3w-specjalist\u00f3w ze studentami udowodni\u0142y szeroki zakres wsp\u00f3\u0142czesnej lingwistyki: r\u00f3\u017cnorodno\u015b\u0107 obiekt\u00f3w badawczych, niejednorodno\u015b\u0107 bazy metodologicznej, oryginalno\u015b\u0107 podej\u015b\u0107 sk\u0142adaj\u0105 si\u0119 na poliparadygmatyzm nauki o j\u0119zyku.<\/p>\n<p>Ksi\u0105\u017cka ukaza\u0142a si\u0119 w serii wydawniczej Oblicza lingwistyki XXI wieku.<\/p>\n","protected":false},"featured_media":16444,"template":"","meta":{"_acf_changed":false},"journal":[],"rodzaj":[7074,7076],"seria":[7664],"product_brand":[],"product_cat":[6924,6926],"product_tag":[],"class_list":{"0":"post-46154","1":"product","2":"type-product","3":"status-publish","4":"has-post-thumbnail","6":"rodzaj-ksiazki","7":"rodzaj-serie-wydawnicze","8":"seria-oblicza-lingwistyki-xxi-wieku","9":"product_cat-jezykoznawstwo","10":"product_cat-przekladoznawstwo","12":"first","13":"outofstock","14":"taxable","15":"shipping-taxable","16":"purchasable","17":"product-type-simple"},"acf":[],"_links":{"self":[{"href":"https:\/\/wydawnictwo.ug.edu.pl\/en\/wp-json\/wp\/v2\/product\/46154","targetHints":{"allow":["GET"]}}],"collection":[{"href":"https:\/\/wydawnictwo.ug.edu.pl\/en\/wp-json\/wp\/v2\/product"}],"about":[{"href":"https:\/\/wydawnictwo.ug.edu.pl\/en\/wp-json\/wp\/v2\/types\/product"}],"wp:featuredmedia":[{"embeddable":true,"href":"https:\/\/wydawnictwo.ug.edu.pl\/en\/wp-json\/wp\/v2\/media\/16444"}],"wp:attachment":[{"href":"https:\/\/wydawnictwo.ug.edu.pl\/en\/wp-json\/wp\/v2\/media?parent=46154"}],"wp:term":[{"taxonomy":"journal","embeddable":true,"href":"https:\/\/wydawnictwo.ug.edu.pl\/en\/wp-json\/wp\/v2\/journal?post=46154"},{"taxonomy":"rodzaj","embeddable":true,"href":"https:\/\/wydawnictwo.ug.edu.pl\/en\/wp-json\/wp\/v2\/rodzaj?post=46154"},{"taxonomy":"seria","embeddable":true,"href":"https:\/\/wydawnictwo.ug.edu.pl\/en\/wp-json\/wp\/v2\/seria?post=46154"},{"taxonomy":"product_brand","embeddable":true,"href":"https:\/\/wydawnictwo.ug.edu.pl\/en\/wp-json\/wp\/v2\/product_brand?post=46154"},{"taxonomy":"product_cat","embeddable":true,"href":"https:\/\/wydawnictwo.ug.edu.pl\/en\/wp-json\/wp\/v2\/product_cat?post=46154"},{"taxonomy":"product_tag","embeddable":true,"href":"https:\/\/wydawnictwo.ug.edu.pl\/en\/wp-json\/wp\/v2\/product_tag?post=46154"}],"curies":[{"name":"wp","href":"https:\/\/api.w.org\/{rel}","templated":true}]}}