{"id":46153,"date":"2022-09-22T10:43:54","date_gmt":"2022-09-22T10:43:54","guid":{"rendered":"https:\/\/wydawnictwo.ug.edu.pl\/ksiegarnia-online\/uncategorized\/100-lat-gdanskiego-towarzystwa-naukowego-kontynuatora-tradycji-towarzystwa-przyjaciol-nauki-i-sztuki-w-gdansku\/"},"modified":"2026-02-11T13:22:06","modified_gmt":"2026-02-11T13:22:06","slug":"100-lat-gdanskiego-towarzystwa-naukowego-kontynuatora-tradycji-towarzystwa-przyjaciol-nauki-i-sztuki-w-gdansku","status":"publish","type":"product","link":"https:\/\/wydawnictwo.ug.edu.pl\/en\/ksiegarnia-online\/historia\/100-lat-gdanskiego-towarzystwa-naukowego-kontynuatora-tradycji-towarzystwa-przyjaciol-nauki-i-sztuki-w-gdansku\/","title":{"rendered":"100 lat Gda\u0144skiego Towarzystwa Naukowego kontynuatora tradycji Towarzystwa Przyjaci\u00f3\u0142 Nauki i Sztuki w Gda\u0144sku"},"content":{"rendered":"","protected":false},"excerpt":{"rendered":"<p>W 2022 roku przypadaj\u0105 wa\u017cne dla nauki gda\u0144skiej rocznice. Szczeg\u00f3lne znaczenie ma 100. rocznica powstania Towarzystwa Przyjaci\u00f3\u0142 Nauki i Sztuki w II Wolnym Mie\u015bcie Gda\u0144sku. Id\u0105c wstecz, w roku 2022 mija 280 lat od za\u0142o\u017cenia Societas Physicae ficperimentalis w Gda\u0144sku, a w roku 2020 min\u0119\u0142o 300 lat od zaistnienia pierwszego w I Rzeczypospolitej i dziesi\u0105tego w kr\u0119gu kultury europejskiej towarzystwa: Societas Litteraria cuius symbolum virtutis et scientiarum incrementa, kt\u00f3rego obszar zainteresowa\u0144 obejmowa\u0142 nauki przyrodnicze. Powsta\u0142e w 1956 roku Gda\u0144skie Towarzystwo Naukowe czuje si\u0119 spadkobierc\u0105 tradycji gda\u0144skich towarzystw naukowych, a nade wszystko spu\u015bcizny powsta\u0142ego w 1922 roku Towarzystwa Przyjaci\u00f3\u0142 Nauki i Sztuki. Niniejsze opracowanie dedykowane jest historii, dzia\u0142alno\u015bci i osi\u0105gni\u0119ciom towarzystw naukowych dzia\u0142aj\u0105cych w Gda\u0144sku w minionych trzech wiekach. Ukazuje znaczenie towarzystw dla miasta i Rzeczypospolitej w r\u00f3\u017cnych dziejowych uwarunkowaniach. Zarysowuje perspektywy uczestnictwa w \u017cyciu naukowym i spo\u0142ecznym \u015bwi\u0119tuj\u0105cego 100-lecie Gda\u0144skiego Towarzystwa Naukowego.<\/p>\n","protected":false},"featured_media":21261,"template":"","meta":{"_acf_changed":false},"journal":[],"rodzaj":[],"seria":[],"product_brand":[],"product_cat":[6958],"product_tag":[7442],"class_list":{"0":"post-46153","1":"product","2":"type-product","3":"status-publish","4":"has-post-thumbnail","6":"product_cat-historia","7":"product_tag-jerzy-blazejowskijerzy-blazejowski","8":"pa_rok-wydania-2022-en","10":"first","11":"instock","12":"taxable","13":"shipping-taxable","14":"purchasable","15":"product-type-simple"},"acf":[],"_links":{"self":[{"href":"https:\/\/wydawnictwo.ug.edu.pl\/en\/wp-json\/wp\/v2\/product\/46153","targetHints":{"allow":["GET"]}}],"collection":[{"href":"https:\/\/wydawnictwo.ug.edu.pl\/en\/wp-json\/wp\/v2\/product"}],"about":[{"href":"https:\/\/wydawnictwo.ug.edu.pl\/en\/wp-json\/wp\/v2\/types\/product"}],"wp:featuredmedia":[{"embeddable":true,"href":"https:\/\/wydawnictwo.ug.edu.pl\/en\/wp-json\/wp\/v2\/media\/21261"}],"wp:attachment":[{"href":"https:\/\/wydawnictwo.ug.edu.pl\/en\/wp-json\/wp\/v2\/media?parent=46153"}],"wp:term":[{"taxonomy":"journal","embeddable":true,"href":"https:\/\/wydawnictwo.ug.edu.pl\/en\/wp-json\/wp\/v2\/journal?post=46153"},{"taxonomy":"rodzaj","embeddable":true,"href":"https:\/\/wydawnictwo.ug.edu.pl\/en\/wp-json\/wp\/v2\/rodzaj?post=46153"},{"taxonomy":"seria","embeddable":true,"href":"https:\/\/wydawnictwo.ug.edu.pl\/en\/wp-json\/wp\/v2\/seria?post=46153"},{"taxonomy":"product_brand","embeddable":true,"href":"https:\/\/wydawnictwo.ug.edu.pl\/en\/wp-json\/wp\/v2\/product_brand?post=46153"},{"taxonomy":"product_cat","embeddable":true,"href":"https:\/\/wydawnictwo.ug.edu.pl\/en\/wp-json\/wp\/v2\/product_cat?post=46153"},{"taxonomy":"product_tag","embeddable":true,"href":"https:\/\/wydawnictwo.ug.edu.pl\/en\/wp-json\/wp\/v2\/product_tag?post=46153"}],"curies":[{"name":"wp","href":"https:\/\/api.w.org\/{rel}","templated":true}]}}