{"id":46152,"date":"2022-09-29T11:45:33","date_gmt":"2022-09-29T11:45:33","guid":{"rendered":"https:\/\/wydawnictwo.ug.edu.pl\/ksiegarnia-online\/uncategorized\/uwarunkowania-digitalizacji-uslug-zdrowotnych\/"},"modified":"2026-02-11T13:22:03","modified_gmt":"2026-02-11T13:22:03","slug":"uwarunkowania-digitalizacji-uslug-zdrowotnych","status":"publish","type":"product","link":"https:\/\/wydawnictwo.ug.edu.pl\/en\/ksiegarnia-online\/zarzadzanie\/uwarunkowania-digitalizacji-uslug-zdrowotnych\/","title":{"rendered":"Uwarunkowania digitalizacji us\u0142ug zdrowotnych"},"content":{"rendered":"","protected":false},"excerpt":{"rendered":"<p><strong><a href=\"https:\/\/wydawnictwo.ug.edu.pl\/wp-content\/uploads\/2023\/12\/wasniewski-Jaroslaw-Strumillo-Jedrzej-Uwarunkowania-digitalizacji-uslug-zdrowotnych-caly-tekstlogo.pdf\">Dost\u0119p do ksi\u0105\u017cki w wersji elektronicznej.<\/a><\/strong><\/p>\n<p>Post\u0119p cywilizacyjny oparty na rozwi\u0105zaniach informatycznych dotyczy ka\u017cdej dziedziny \u017cycia. Szczeg\u00f3lnie wa\u017cny i przydatny jest w obszarze opieki zdrowotnej. Rozwi\u0105zania te przyczyniaj\u0105 si\u0119, co prawda, w r\u00f3\u017cnym tempie w r\u00f3\u017cnych rejonach \u015bwiata do\u00a0 coraz bardziej efektywnego wykorzystania zasob\u00f3w potrzebnych w procesie poprawy zdrowia publicznego. Ze wzgl\u0119du na czynniki obiektywne, przede wszystkim wyd\u0142u\u017caj\u0105cy si\u0119 wiek \u017cycia cz\u0142owieka oraz przechodz\u0105ce przez \u015bwiat epidemie i pandemie borykamy si\u0119 z problemami, ten niedob\u00f3r dotyczy g\u0142\u00f3wnie zasob\u00f3w ludzkich, w mniejszym stopniu finansowych i rzeczowych, cho\u0107 optymalizuj\u0105c wykorzystanie informacji medycznych, przyspieszamy decyzje i minimalizujemy koszty ich wypracowania. Polska nie tylko pod\u0105\u017ca za tymi trendami, ale r\u00f3wnie\u017c buduje swoje rozwi\u0105zania. Nale\u017cy mie\u0107 nadziej\u0119, \u017ce b\u0119d\u0105 to rozwi\u0105zania kompatybilne z zachowaniem wymog\u00f3w bezpiecze\u0144stwa. Digitalizacja rozwi\u0105za\u0144 w zakresie systemu ochrony zdrowia opr\u00f3cz swej warstwy pragmatycznej podnosi jednocze\u015bnie komfort \u017cycia wszystkich obywateli. Co prawda, jeste\u015bmy jeszcze do\u015b\u0107 daleko od tego, aby m\u00f3wi\u0107 o systemowym uj\u0119ciu rozwi\u0105za\u0144 cyfrowych w postaci sztucznej inteligencji, ale niew\u0105tpliwie w tym kierunku zmierzamy jako ludzko\u015b\u0107.<\/p>\n<p>Ksi\u0105\u017cka ta zawiera tre\u015bci wprowadzaj\u0105ce w zagadnienia digitalizacji wzajemnie si\u0119 dope\u0142niaj\u0105ce \u2013 od kwestii najbardziej og\u00f3lnych poprzez prezentacj\u0119 system\u00f3w i narz\u0119dzi informatycznych wykorzystywanych w ochronie zdrowia po charakterystyk\u0119 systemu ochrony zdrowia z jego determinantami. Opisane zosta\u0142y mechanizmy funkcjonowania ochrony zdrowia. Osnow\u0105 jest zdrowie, szczeg\u00f3lnie ze szczeg\u00f3lnym uwzgl\u0119dnieniem koncepcji Healthcare 4.0. Przedstawiono te\u017c systemy i narz\u0119dzia IT uwzgl\u0119dniaj\u0105ce ich konfiguracj\u0119, g\u0142\u00f3wnie polskiego systemu ochrony zdrowia. Na koniec zaprezentowano w postaci <em>case study<\/em> zagadnienia dotycz\u0105ce promocji zdrowia i logistyki.<\/p>\n<p><strong>Ksi\u0105\u017cka zosta\u0142a sfinansowana w ramach Programu ProUG.<\/strong><\/p>\n","protected":false},"featured_media":21406,"template":"","meta":{"_acf_changed":false},"journal":[],"rodzaj":[2602],"seria":[],"product_brand":[],"product_cat":[6942],"product_tag":[733,734],"class_list":{"0":"post-46152","1":"product","2":"type-product","3":"status-publish","4":"has-post-thumbnail","6":"rodzaj-ksiazki","7":"product_cat-zarzadzanie","8":"product_tag-jaroslaw-wasniewski","9":"product_tag-jedrzej-strumillo","10":"pa_rok-wydania-1179","12":"first","13":"instock","14":"taxable","15":"shipping-taxable","16":"purchasable","17":"product-type-simple"},"acf":[],"_links":{"self":[{"href":"https:\/\/wydawnictwo.ug.edu.pl\/en\/wp-json\/wp\/v2\/product\/46152","targetHints":{"allow":["GET"]}}],"collection":[{"href":"https:\/\/wydawnictwo.ug.edu.pl\/en\/wp-json\/wp\/v2\/product"}],"about":[{"href":"https:\/\/wydawnictwo.ug.edu.pl\/en\/wp-json\/wp\/v2\/types\/product"}],"wp:featuredmedia":[{"embeddable":true,"href":"https:\/\/wydawnictwo.ug.edu.pl\/en\/wp-json\/wp\/v2\/media\/21406"}],"wp:attachment":[{"href":"https:\/\/wydawnictwo.ug.edu.pl\/en\/wp-json\/wp\/v2\/media?parent=46152"}],"wp:term":[{"taxonomy":"journal","embeddable":true,"href":"https:\/\/wydawnictwo.ug.edu.pl\/en\/wp-json\/wp\/v2\/journal?post=46152"},{"taxonomy":"rodzaj","embeddable":true,"href":"https:\/\/wydawnictwo.ug.edu.pl\/en\/wp-json\/wp\/v2\/rodzaj?post=46152"},{"taxonomy":"seria","embeddable":true,"href":"https:\/\/wydawnictwo.ug.edu.pl\/en\/wp-json\/wp\/v2\/seria?post=46152"},{"taxonomy":"product_brand","embeddable":true,"href":"https:\/\/wydawnictwo.ug.edu.pl\/en\/wp-json\/wp\/v2\/product_brand?post=46152"},{"taxonomy":"product_cat","embeddable":true,"href":"https:\/\/wydawnictwo.ug.edu.pl\/en\/wp-json\/wp\/v2\/product_cat?post=46152"},{"taxonomy":"product_tag","embeddable":true,"href":"https:\/\/wydawnictwo.ug.edu.pl\/en\/wp-json\/wp\/v2\/product_tag?post=46152"}],"curies":[{"name":"wp","href":"https:\/\/api.w.org\/{rel}","templated":true}]}}