{"id":46151,"date":"2022-09-29T11:56:22","date_gmt":"2022-09-29T11:56:22","guid":{"rendered":"https:\/\/wydawnictwo.ug.edu.pl\/ksiegarnia-online\/uncategorized\/sea-eu-by-the-sea-nadmorskie-uniwersytety-sea-eu-w-malarstwie-anety-oniszczuk-jastrzabek\/"},"modified":"2026-02-11T13:22:01","modified_gmt":"2026-02-11T13:22:01","slug":"sea-eu-by-the-sea-nadmorskie-uniwersytety-sea-eu-w-malarstwie-anety-oniszczuk-jastrzabek","status":"publish","type":"product","link":"https:\/\/wydawnictwo.ug.edu.pl\/en\/ksiegarnia-online\/varia\/sea-eu-by-the-sea-nadmorskie-uniwersytety-sea-eu-w-malarstwie-anety-oniszczuk-jastrzabek\/","title":{"rendered":"SEA EU by the Sea. Nadmorskie uniwersytety SEA EU w malarstwie Anety Oniszczuk-Jastrz\u0105bek"},"content":{"rendered":"","protected":false},"excerpt":{"rendered":"<p>Od pocz\u0105tku istnienia Uniwersytetu Gda\u0144skiego jego dewiz\u0105 by\u0142a \u0142aci\u0144ska formu\u0142a: <em>In mari via tua<\/em>. Ona \u015bwiadczy\u0142a o wyj\u0105tkowo\u015bci naszej uczelni w\u00f3wczas, gdy Uniwersytet Gda\u0144ski si\u0119 tworzy\u0142. Dzi\u015b miar\u0105 tej wyj\u0105tkowo\u015bci jest tak\u017ce Program Europejskiego Uniwersytetu Nadmorskiego SEA EU, kt\u00f3ry w spos\u00f3b szczeg\u00f3lny po\u0142\u0105czy\u0142 Uniwersytet Gda\u0144ski z o\u015bmioma uczelniami z Chorwacji, Francji, Hiszpanii, Malty, Niemiec, Norwegii, Portugalii i W\u0142och. Wizerunki miast, w kt\u00f3rych znajduj\u0105 si\u0119 nasze partnerskie uniwersytety, oczarowuj\u0105 swoj\u0105 impresyjn\u0105 form\u0105 i plastyczno\u015bci\u0105. Obrazy Anety Oniszczuk-Jastrz\u0105bek uzmys\u0142awiaj\u0105 nam wszystkim, jak wiele pasji pozanaukowych realizuj\u0105 nasi akademicy, co czyni uniwersytet miejscem niezwyk\u0142ym. Zdarza si\u0119, \u017ce szcz\u0119\u015bliwie te pasje w pewnych sytuacjach przenosz\u0105 si\u0119 tak\u017ce na grunt uniwersytecki, sztuka staje si\u0119 form\u0105 dialogu lub rodzajem opowie\u015bci o tym, jak odbieramy i postrzegamy zadania realizowane w pracy zawodowej. Z tego po\u0142\u0105czenia mog\u0105 wynikn\u0105\u0107 zupe\u0142nie nie &#8211; oczekiwane, zaskakuj\u0105ce swoim oddzia\u0142ywaniem, wielowymiarowo\u015bci\u0105 i pi\u0119knem projekty, jak w przypadku SEA EU by the Sea, w pe\u0142ni autorskiego projektu Anety Oniszczuk-Jastrz\u0105bek.<\/p>\n<p>From the very beginnings of the University of Gda\u0144sk, its motto has been <em>In mari via tua<\/em>. It bears witness to one of the unique qualities of our university when it was first established. Today the Programme of the European University of the Seas SEA EU is also one of the measures of our uniqueness. It brings together in a unique way the University of Gda\u0144sk and eight universities in Croatia, France, Spain, Malta, Germany, Norway, Portugal, and Italy. Images of the cities where our partner universities are located enchant us with their impressionist form and exceptional plasticity. Besides their high artistic value, these pictures make visible to us all how many interests besides their academic and scientific specializations are followed by those who work at the University. This makes our University an exceptional place. It happens that those passions in some fortunate circumstances involve the University, and art becomes a form of dialogue or an ac &#8211; count of how we respond to and see the tasks we accomplish in our professional work. From this combination, quite unexpected projects can come about, surprising in their effects, in their many dimensions, and in their beauty. This is the case with SEA EU by the Sea by Aneta Oniszczuk-Jastrz\u0105bek.<\/p>\n<p><em>Piotr Stepnowski<\/em><\/p>\n","protected":false},"featured_media":21468,"template":"","meta":{"_acf_changed":false},"journal":[],"rodzaj":[7074],"seria":[],"product_brand":[],"product_cat":[6948],"product_tag":[7417,7671,7583],"class_list":{"0":"post-46151","1":"product","2":"type-product","3":"status-publish","4":"has-post-thumbnail","6":"rodzaj-ksiazki","7":"product_cat-varia","8":"product_tag-joanna-kamienjoanna-kamien","9":"product_tag-marta-szaszkiewicz","10":"product_tag-piotr-stepnowskipiotr-stepnowski","12":"first","13":"outofstock","14":"taxable","15":"shipping-taxable","16":"purchasable","17":"product-type-simple"},"acf":[],"_links":{"self":[{"href":"https:\/\/wydawnictwo.ug.edu.pl\/en\/wp-json\/wp\/v2\/product\/46151","targetHints":{"allow":["GET"]}}],"collection":[{"href":"https:\/\/wydawnictwo.ug.edu.pl\/en\/wp-json\/wp\/v2\/product"}],"about":[{"href":"https:\/\/wydawnictwo.ug.edu.pl\/en\/wp-json\/wp\/v2\/types\/product"}],"wp:featuredmedia":[{"embeddable":true,"href":"https:\/\/wydawnictwo.ug.edu.pl\/en\/wp-json\/wp\/v2\/media\/21468"}],"wp:attachment":[{"href":"https:\/\/wydawnictwo.ug.edu.pl\/en\/wp-json\/wp\/v2\/media?parent=46151"}],"wp:term":[{"taxonomy":"journal","embeddable":true,"href":"https:\/\/wydawnictwo.ug.edu.pl\/en\/wp-json\/wp\/v2\/journal?post=46151"},{"taxonomy":"rodzaj","embeddable":true,"href":"https:\/\/wydawnictwo.ug.edu.pl\/en\/wp-json\/wp\/v2\/rodzaj?post=46151"},{"taxonomy":"seria","embeddable":true,"href":"https:\/\/wydawnictwo.ug.edu.pl\/en\/wp-json\/wp\/v2\/seria?post=46151"},{"taxonomy":"product_brand","embeddable":true,"href":"https:\/\/wydawnictwo.ug.edu.pl\/en\/wp-json\/wp\/v2\/product_brand?post=46151"},{"taxonomy":"product_cat","embeddable":true,"href":"https:\/\/wydawnictwo.ug.edu.pl\/en\/wp-json\/wp\/v2\/product_cat?post=46151"},{"taxonomy":"product_tag","embeddable":true,"href":"https:\/\/wydawnictwo.ug.edu.pl\/en\/wp-json\/wp\/v2\/product_tag?post=46151"}],"curies":[{"name":"wp","href":"https:\/\/api.w.org\/{rel}","templated":true}]}}