{"id":46148,"date":"2022-10-08T12:22:53","date_gmt":"2022-10-08T12:22:53","guid":{"rendered":"https:\/\/wydawnictwo.ug.edu.pl\/ksiegarnia-online\/uncategorized\/pomerania-prussia-polonia-rozprawy-ofiarowane-prof-wieslawowi-dlugokeckiemu\/"},"modified":"2026-02-11T13:21:51","modified_gmt":"2026-02-11T13:21:51","slug":"pomerania-prussia-polonia-rozprawy-ofiarowane-prof-wieslawowi-dlugokeckiemu","status":"publish","type":"product","link":"https:\/\/wydawnictwo.ug.edu.pl\/en\/ksiegarnia-online\/historia\/pomerania-prussia-polonia-rozprawy-ofiarowane-prof-wieslawowi-dlugokeckiemu\/","title":{"rendered":"Pomerania \u2013 Prussia \u2013 Polonia. Rozprawy ofiarowane prof. Wies\u0142awowi D\u0142ugok\u0119ckiemu"},"content":{"rendered":"","protected":false},"excerpt":{"rendered":"<p>Ksi\u0119ga Jubileuszowa prof. Wies\u0142awa D\u0142ugok\u0119ckiego zawiera 39 studi\u00f3w, przygotowanych przez jego uczni\u00f3w i wsp\u00f3\u0142pracownik\u00f3w. Poszczeg\u00f3lne opracowania dotycz\u0105 r\u00f3\u017cnych zagadnie\u0144 z zakresu \u015bredniowiecznych i nowo\u017cytnych dziej\u00f3w Pomorza, Prus Krzy\u017cackich i Kr\u00f3lewskich oraz Polski. Prezentuj\u0105 one najnowsze badania nad histori\u0105 miast, histori\u0105 spo\u0142eczno-gospodarcz\u0105 i histori\u0105 Ko\u015bcio\u0142a, w tym przede wszystkim dziejami w\u0142adztwa zakonu krzy\u017cackiego w Prusach.<\/p>\n","protected":false},"featured_media":21491,"template":"","meta":{"_acf_changed":false},"journal":[],"rodzaj":[7074],"seria":[],"product_brand":[],"product_cat":[6958],"product_tag":[7525],"class_list":{"0":"post-46148","1":"product","2":"type-product","3":"status-publish","4":"has-post-thumbnail","6":"rodzaj-ksiazki","7":"product_cat-historia","8":"product_tag-rafal-kubickirafal-kubicki","9":"pa_rok-wydania-2022-en","11":"first","12":"outofstock","13":"taxable","14":"shipping-taxable","15":"purchasable","16":"product-type-simple"},"acf":[],"_links":{"self":[{"href":"https:\/\/wydawnictwo.ug.edu.pl\/en\/wp-json\/wp\/v2\/product\/46148","targetHints":{"allow":["GET"]}}],"collection":[{"href":"https:\/\/wydawnictwo.ug.edu.pl\/en\/wp-json\/wp\/v2\/product"}],"about":[{"href":"https:\/\/wydawnictwo.ug.edu.pl\/en\/wp-json\/wp\/v2\/types\/product"}],"wp:featuredmedia":[{"embeddable":true,"href":"https:\/\/wydawnictwo.ug.edu.pl\/en\/wp-json\/wp\/v2\/media\/21491"}],"wp:attachment":[{"href":"https:\/\/wydawnictwo.ug.edu.pl\/en\/wp-json\/wp\/v2\/media?parent=46148"}],"wp:term":[{"taxonomy":"journal","embeddable":true,"href":"https:\/\/wydawnictwo.ug.edu.pl\/en\/wp-json\/wp\/v2\/journal?post=46148"},{"taxonomy":"rodzaj","embeddable":true,"href":"https:\/\/wydawnictwo.ug.edu.pl\/en\/wp-json\/wp\/v2\/rodzaj?post=46148"},{"taxonomy":"seria","embeddable":true,"href":"https:\/\/wydawnictwo.ug.edu.pl\/en\/wp-json\/wp\/v2\/seria?post=46148"},{"taxonomy":"product_brand","embeddable":true,"href":"https:\/\/wydawnictwo.ug.edu.pl\/en\/wp-json\/wp\/v2\/product_brand?post=46148"},{"taxonomy":"product_cat","embeddable":true,"href":"https:\/\/wydawnictwo.ug.edu.pl\/en\/wp-json\/wp\/v2\/product_cat?post=46148"},{"taxonomy":"product_tag","embeddable":true,"href":"https:\/\/wydawnictwo.ug.edu.pl\/en\/wp-json\/wp\/v2\/product_tag?post=46148"}],"curies":[{"name":"wp","href":"https:\/\/api.w.org\/{rel}","templated":true}]}}