{"id":46146,"date":"2022-10-14T09:56:55","date_gmt":"2022-10-14T09:56:55","guid":{"rendered":"https:\/\/wydawnictwo.ug.edu.pl\/ksiegarnia-online\/uncategorized\/rozprawa-z-decyzja-o-warunkach-zabudowy\/"},"modified":"2026-02-11T13:21:46","modified_gmt":"2026-02-11T13:21:46","slug":"rozprawa-z-decyzja-o-warunkach-zabudowy","status":"publish","type":"product","link":"https:\/\/wydawnictwo.ug.edu.pl\/en\/ksiegarnia-online\/prawo-i-administracja\/rozprawa-z-decyzja-o-warunkach-zabudowy\/","title":{"rendered":"Rozprawa z decyzj\u0105 o warunkach zabudowy"},"content":{"rendered":"","protected":false},"excerpt":{"rendered":"<p>Towarzysz\u0105ca uczestnikom procesu inwestycyjno-budowlanego popularna WZ-ka stanowi od blisko 30-tu lat \u017cywy przedmiot dyskusji wielu \u015brodowisk, w tym r\u00f3wnie\u017c \u015brodowiska prawniczego. Donios\u0142o\u015b\u0107 problemu i zasadno\u015b\u0107 wymiany pogl\u0105d\u00f3w na temat prawnych aspekt\u00f3w decyzji o warunkach zabudowy potwierdzaj\u0105 dotychczasowe opracowania zar\u00f3wno naukowe jak i stricte praktyczne oraz orzecznictwo s\u0105dowe. Niniejsza publikacja stanowi istotny g\u0142os w tej dyskusji. Prezentuje bowiem szeroki wachlarz stanowisk przedstawicieli doktryny prawa i praktyki prawniczej, specjalizuj\u0105cych si\u0119 w problematyce gospodarki przestrzennej. \u201eRozprawa z decyzj\u0105 o warunkach zabudowy\u201d stanowi \u017ar\u00f3d\u0142o informacji na temat prawnego charakteru tytu\u0142owej decyzji oraz szeregu teoretycznych i praktycznych problem\u00f3w, kt\u00f3re wynikaj\u0105 z jej konstrukcji, funkcji oraz zastosowania.<\/p>\n","protected":false},"featured_media":21797,"template":"","meta":{"_acf_changed":false},"journal":[],"rodzaj":[7074],"seria":[],"product_brand":[],"product_cat":[6932],"product_tag":[7610],"class_list":{"0":"post-46146","1":"product","2":"type-product","3":"status-publish","4":"has-post-thumbnail","6":"rodzaj-ksiazki","7":"product_cat-prawo-i-administracja","8":"product_tag-tomasz-bakowski","9":"pa_rok-wydania-2022-en","11":"first","12":"instock","13":"taxable","14":"shipping-taxable","15":"purchasable","16":"product-type-simple"},"acf":[],"_links":{"self":[{"href":"https:\/\/wydawnictwo.ug.edu.pl\/en\/wp-json\/wp\/v2\/product\/46146","targetHints":{"allow":["GET"]}}],"collection":[{"href":"https:\/\/wydawnictwo.ug.edu.pl\/en\/wp-json\/wp\/v2\/product"}],"about":[{"href":"https:\/\/wydawnictwo.ug.edu.pl\/en\/wp-json\/wp\/v2\/types\/product"}],"wp:featuredmedia":[{"embeddable":true,"href":"https:\/\/wydawnictwo.ug.edu.pl\/en\/wp-json\/wp\/v2\/media\/21797"}],"wp:attachment":[{"href":"https:\/\/wydawnictwo.ug.edu.pl\/en\/wp-json\/wp\/v2\/media?parent=46146"}],"wp:term":[{"taxonomy":"journal","embeddable":true,"href":"https:\/\/wydawnictwo.ug.edu.pl\/en\/wp-json\/wp\/v2\/journal?post=46146"},{"taxonomy":"rodzaj","embeddable":true,"href":"https:\/\/wydawnictwo.ug.edu.pl\/en\/wp-json\/wp\/v2\/rodzaj?post=46146"},{"taxonomy":"seria","embeddable":true,"href":"https:\/\/wydawnictwo.ug.edu.pl\/en\/wp-json\/wp\/v2\/seria?post=46146"},{"taxonomy":"product_brand","embeddable":true,"href":"https:\/\/wydawnictwo.ug.edu.pl\/en\/wp-json\/wp\/v2\/product_brand?post=46146"},{"taxonomy":"product_cat","embeddable":true,"href":"https:\/\/wydawnictwo.ug.edu.pl\/en\/wp-json\/wp\/v2\/product_cat?post=46146"},{"taxonomy":"product_tag","embeddable":true,"href":"https:\/\/wydawnictwo.ug.edu.pl\/en\/wp-json\/wp\/v2\/product_tag?post=46146"}],"curies":[{"name":"wp","href":"https:\/\/api.w.org\/{rel}","templated":true}]}}