{"id":46141,"date":"2022-10-29T07:55:04","date_gmt":"2022-10-29T07:55:04","guid":{"rendered":"https:\/\/wydawnictwo.ug.edu.pl\/ksiegarnia-online\/uncategorized\/rocznik-gdanski-tom-lxxxi-2021\/"},"modified":"2026-02-11T13:20:45","modified_gmt":"2026-02-11T13:20:45","slug":"rocznik-gdanski-tom-lxxxi-2021","status":"publish","type":"product","link":"https:\/\/wydawnictwo.ug.edu.pl\/en\/ksiegarnia-online\/historia\/rocznik-gdanski-tom-lxxxi-2021\/","title":{"rendered":"Rocznik Gda\u0144ski. Tom LXXXI (2021)"},"content":{"rendered":"","protected":false},"excerpt":{"rendered":"<p><a href=\"https:\/\/ejournals.eu\/czasopismo\/rocznik-gdanski\/numer\/lxxxi-81\">Czasopismo dost\u0119pne w wersji elektronicznej<\/a>.<\/p>\n<p>\u201eRocznik Gda\u0144ski\u201d jest polskim czasopismem naukowym wydawanym od 1927 roku najpierw przez Towarzystwo Przyjaci\u00f3\u0142 Nauki i Sztuki w Gda\u0144sku, a od 1956 roku przez Gda\u0144skie Towarzystwo Naukowe. Tom LXXXI wydany w 2022 roku przypada na 100-lecie powstania Towarzystwa Przyjaci\u00f3\u0142 Nauki i Sztuki w Gda\u0144ski i zosta\u0142 po\u015bwi\u0119cony dzia\u0142alno\u015bci towarzystw naukowych w Gda\u0144sku, biografii gda\u0144skich uczonych i os\u00f3b zwi\u0105zanych z dzia\u0142alno\u015bci\u0105 spo\u0142eczn\u0105 w Wolnym Miastu Gda\u0144sku.<\/p>\n","protected":false},"featured_media":21481,"template":"","meta":{"_acf_changed":false},"journal":[7068],"rodzaj":[7074,7077],"seria":[],"product_brand":[],"product_cat":[6958],"product_tag":[7393],"class_list":{"0":"post-46141","1":"product","2":"type-product","3":"status-publish","4":"has-post-thumbnail","6":"journal-rocznik-gdanski","7":"rodzaj-ksiazki","8":"rodzaj-czasopismo","9":"product_cat-historia","10":"product_tag-beata-mozejko","11":"pa_rok-wydania-2021-en","13":"first","14":"instock","15":"taxable","16":"shipping-taxable","17":"purchasable","18":"product-type-simple"},"acf":[],"_links":{"self":[{"href":"https:\/\/wydawnictwo.ug.edu.pl\/en\/wp-json\/wp\/v2\/product\/46141","targetHints":{"allow":["GET"]}}],"collection":[{"href":"https:\/\/wydawnictwo.ug.edu.pl\/en\/wp-json\/wp\/v2\/product"}],"about":[{"href":"https:\/\/wydawnictwo.ug.edu.pl\/en\/wp-json\/wp\/v2\/types\/product"}],"wp:featuredmedia":[{"embeddable":true,"href":"https:\/\/wydawnictwo.ug.edu.pl\/en\/wp-json\/wp\/v2\/media\/21481"}],"wp:attachment":[{"href":"https:\/\/wydawnictwo.ug.edu.pl\/en\/wp-json\/wp\/v2\/media?parent=46141"}],"wp:term":[{"taxonomy":"journal","embeddable":true,"href":"https:\/\/wydawnictwo.ug.edu.pl\/en\/wp-json\/wp\/v2\/journal?post=46141"},{"taxonomy":"rodzaj","embeddable":true,"href":"https:\/\/wydawnictwo.ug.edu.pl\/en\/wp-json\/wp\/v2\/rodzaj?post=46141"},{"taxonomy":"seria","embeddable":true,"href":"https:\/\/wydawnictwo.ug.edu.pl\/en\/wp-json\/wp\/v2\/seria?post=46141"},{"taxonomy":"product_brand","embeddable":true,"href":"https:\/\/wydawnictwo.ug.edu.pl\/en\/wp-json\/wp\/v2\/product_brand?post=46141"},{"taxonomy":"product_cat","embeddable":true,"href":"https:\/\/wydawnictwo.ug.edu.pl\/en\/wp-json\/wp\/v2\/product_cat?post=46141"},{"taxonomy":"product_tag","embeddable":true,"href":"https:\/\/wydawnictwo.ug.edu.pl\/en\/wp-json\/wp\/v2\/product_tag?post=46141"}],"curies":[{"name":"wp","href":"https:\/\/api.w.org\/{rel}","templated":true}]}}