{"id":46140,"date":"2022-11-03T09:59:17","date_gmt":"2022-11-03T09:59:17","guid":{"rendered":"https:\/\/wydawnictwo.ug.edu.pl\/ksiegarnia-online\/uncategorized\/etyka-na-rynku-finansowym\/"},"modified":"2026-02-11T13:20:41","modified_gmt":"2026-02-11T13:20:41","slug":"etyka-na-rynku-finansowym","status":"publish","type":"product","link":"https:\/\/wydawnictwo.ug.edu.pl\/en\/ksiegarnia-online\/ekonomia\/etyka-na-rynku-finansowym\/","title":{"rendered":"Etyka na rynku finansowym"},"content":{"rendered":"","protected":false},"excerpt":{"rendered":"<p>Recenzowana ksi\u0105\u017cka jest niezwykle warto\u015bciow\u0105, oryginaln\u0105 pozycj\u0105, \u015bwiadcz\u0105c\u0105 o du\u017cym zasobie wiedzy Autorki w zakresie etycznych i nieetycznych zachowa\u0144 uczestnik\u00f3w rynku finansowego. Kompleksowo opisana problematyka konfrontacji koncepcji homo oeconomicus z koncepcj\u0105 <em>homo neuropsychologicus<\/em>, a tak\u017ce <em>homo ethicus<\/em> doskonale wpisuje si\u0119 w istniej\u0105ce trendy na krajowym i zagranicznym rynku wydawniczym. Autorka zaproponowa\u0142a m.in. metod\u0119 etycznej oceny na rynku finansowym i zaprezentowa\u0142a podej\u015bcie do etyki w cyklu zaczynaj\u0105cym si\u0119 od finansowej euforii poprzez panik\u0119 a\u017c do poszukiwania \u0142adu w sektorze finansowym. Niezwykle cennym wk\u0142adem w tym opracowaniu s\u0105 rozwa\u017cania na temat dylemat\u00f3w przeregulowania rynku finansowego, trafny wyb\u00f3r problematyki badawczej, maj\u0105cy na celu syntetyczn\u0105 i wieloaspektow\u0105 prezentacj\u0119 wsp\u00f3\u0142czesnej roli oraz problem\u00f3w etyki i odpowiedzialno\u015bci na rynku finansowym w sytuacji behawioralnych zachowa\u0144 jego uczestnik\u00f3w.<\/p>\n<p><em>Z recenzji prof. dr hab. Anny Szel\u0105gowskiej<\/em><\/p>\n","protected":false},"featured_media":22067,"template":"","meta":{"_acf_changed":false},"journal":[],"rodzaj":[7074],"seria":[],"product_brand":[],"product_cat":[6934],"product_tag":[7496],"class_list":{"0":"post-46140","1":"product","2":"type-product","3":"status-publish","4":"has-post-thumbnail","6":"rodzaj-ksiazki","7":"product_cat-ekonomia","8":"product_tag-elzbieta-ostrowskaelzbieta-ostrowska","9":"pa_rok-wydania-2022-en","11":"first","12":"instock","13":"taxable","14":"shipping-taxable","15":"purchasable","16":"product-type-simple"},"acf":[],"_links":{"self":[{"href":"https:\/\/wydawnictwo.ug.edu.pl\/en\/wp-json\/wp\/v2\/product\/46140","targetHints":{"allow":["GET"]}}],"collection":[{"href":"https:\/\/wydawnictwo.ug.edu.pl\/en\/wp-json\/wp\/v2\/product"}],"about":[{"href":"https:\/\/wydawnictwo.ug.edu.pl\/en\/wp-json\/wp\/v2\/types\/product"}],"wp:featuredmedia":[{"embeddable":true,"href":"https:\/\/wydawnictwo.ug.edu.pl\/en\/wp-json\/wp\/v2\/media\/22067"}],"wp:attachment":[{"href":"https:\/\/wydawnictwo.ug.edu.pl\/en\/wp-json\/wp\/v2\/media?parent=46140"}],"wp:term":[{"taxonomy":"journal","embeddable":true,"href":"https:\/\/wydawnictwo.ug.edu.pl\/en\/wp-json\/wp\/v2\/journal?post=46140"},{"taxonomy":"rodzaj","embeddable":true,"href":"https:\/\/wydawnictwo.ug.edu.pl\/en\/wp-json\/wp\/v2\/rodzaj?post=46140"},{"taxonomy":"seria","embeddable":true,"href":"https:\/\/wydawnictwo.ug.edu.pl\/en\/wp-json\/wp\/v2\/seria?post=46140"},{"taxonomy":"product_brand","embeddable":true,"href":"https:\/\/wydawnictwo.ug.edu.pl\/en\/wp-json\/wp\/v2\/product_brand?post=46140"},{"taxonomy":"product_cat","embeddable":true,"href":"https:\/\/wydawnictwo.ug.edu.pl\/en\/wp-json\/wp\/v2\/product_cat?post=46140"},{"taxonomy":"product_tag","embeddable":true,"href":"https:\/\/wydawnictwo.ug.edu.pl\/en\/wp-json\/wp\/v2\/product_tag?post=46140"}],"curies":[{"name":"wp","href":"https:\/\/api.w.org\/{rel}","templated":true}]}}