{"id":46138,"date":"2022-11-11T13:24:54","date_gmt":"2022-11-11T13:24:54","guid":{"rendered":"https:\/\/wydawnictwo.ug.edu.pl\/ksiegarnia-online\/uncategorized\/przekladoznawstwo-rosyjskie-addenda-1813-2020\/"},"modified":"2026-02-11T13:20:35","modified_gmt":"2026-02-11T13:20:35","slug":"przekladoznawstwo-rosyjskie-addenda-1813-2020","status":"publish","type":"product","link":"https:\/\/wydawnictwo.ug.edu.pl\/en\/ksiegarnia-online\/przekladoznawstwo\/przekladoznawstwo-rosyjskie-addenda-1813-2020\/","title":{"rendered":"Przek\u0142adoznawstwo rosyjskie. Addenda 1813-2020"},"content":{"rendered":"","protected":false},"excerpt":{"rendered":"<p>Niniejsza publikacja jest uzupe\u0142nieniem zainicjowanej w 2016 r. serii bibliograficznej prezentuj\u0105cej dorobek rosyjskoj\u0119zycznych studi\u00f3w nad przek\u0142adem. Ksi\u0105\u017cka powsta\u0142a g\u0142\u00f3wnie z my\u015bl\u0105 o dope\u0142nieniu pierwszego tomu cyklu o autoreferaty dysertacji naukowych wydane w latach 2016-2020. Tym samym <em>Addenda\u00a0<\/em>zamykaj\u0105 ca\u0142o\u015b\u0107 serii na roku 2020. Ponadto rozbudowuj\u0105 panoram\u0119 dyscypliny o inne pozycje z zakresu pi\u015bmiennictwa naukowego, popularnonaukowego, informacyjnego i dydaktycznego z r\u00f3\u017cnych przyczyn nieuj\u0119te w poprzednich woluminach. Do wykazu zosta\u0142 do\u0142\u0105czony indeks nazwisk autor\u00f3w, wsp\u00f3\u0142autor\u00f3w, redaktor\u00f3w i t\u0142umaczy zwi\u0105zanych z przek\u0142adoznawstwem rosyjskoj\u0119zycznym, kt\u00f3rych dorobek zarejestrowano we wszystkich dotychczasowych wydanych tomach serii.<\/p>\n","protected":false},"featured_media":22081,"template":"","meta":{"_acf_changed":false},"journal":[],"rodzaj":[7074,7076],"seria":[7637],"product_brand":[],"product_cat":[6926],"product_tag":[7638],"class_list":{"0":"post-46138","1":"product","2":"type-product","3":"status-publish","4":"has-post-thumbnail","6":"rodzaj-ksiazki","7":"rodzaj-serie-wydawnicze","8":"seria-przekladoznawstwo-rosyjskie","9":"product_cat-przekladoznawstwo","10":"product_tag-ewa-konefal","11":"pa_rok-wydania-2022-en","13":"first","14":"instock","15":"taxable","16":"shipping-taxable","17":"purchasable","18":"product-type-simple"},"acf":[],"_links":{"self":[{"href":"https:\/\/wydawnictwo.ug.edu.pl\/en\/wp-json\/wp\/v2\/product\/46138","targetHints":{"allow":["GET"]}}],"collection":[{"href":"https:\/\/wydawnictwo.ug.edu.pl\/en\/wp-json\/wp\/v2\/product"}],"about":[{"href":"https:\/\/wydawnictwo.ug.edu.pl\/en\/wp-json\/wp\/v2\/types\/product"}],"wp:featuredmedia":[{"embeddable":true,"href":"https:\/\/wydawnictwo.ug.edu.pl\/en\/wp-json\/wp\/v2\/media\/22081"}],"wp:attachment":[{"href":"https:\/\/wydawnictwo.ug.edu.pl\/en\/wp-json\/wp\/v2\/media?parent=46138"}],"wp:term":[{"taxonomy":"journal","embeddable":true,"href":"https:\/\/wydawnictwo.ug.edu.pl\/en\/wp-json\/wp\/v2\/journal?post=46138"},{"taxonomy":"rodzaj","embeddable":true,"href":"https:\/\/wydawnictwo.ug.edu.pl\/en\/wp-json\/wp\/v2\/rodzaj?post=46138"},{"taxonomy":"seria","embeddable":true,"href":"https:\/\/wydawnictwo.ug.edu.pl\/en\/wp-json\/wp\/v2\/seria?post=46138"},{"taxonomy":"product_brand","embeddable":true,"href":"https:\/\/wydawnictwo.ug.edu.pl\/en\/wp-json\/wp\/v2\/product_brand?post=46138"},{"taxonomy":"product_cat","embeddable":true,"href":"https:\/\/wydawnictwo.ug.edu.pl\/en\/wp-json\/wp\/v2\/product_cat?post=46138"},{"taxonomy":"product_tag","embeddable":true,"href":"https:\/\/wydawnictwo.ug.edu.pl\/en\/wp-json\/wp\/v2\/product_tag?post=46138"}],"curies":[{"name":"wp","href":"https:\/\/api.w.org\/{rel}","templated":true}]}}