{"id":46137,"date":"2022-11-20T10:20:20","date_gmt":"2022-11-20T10:20:20","guid":{"rendered":"https:\/\/wydawnictwo.ug.edu.pl\/ksiegarnia-online\/uncategorized\/obiekty-metody-interpretacje-tom-3-swoj-i-obcy-w-jezyku\/"},"modified":"2026-02-11T13:20:32","modified_gmt":"2026-02-11T13:20:32","slug":"obiekty-metody-interpretacje-tom-3-swoj-i-obcy-w-jezyku","status":"publish","type":"product","link":"https:\/\/wydawnictwo.ug.edu.pl\/en\/ksiegarnia-online\/jezykoznawstwo\/obiekty-metody-interpretacje-tom-3-swoj-i-obcy-w-jezyku\/","title":{"rendered":"Obiekty, metody, interpretacje. Tom 3. Sw\u00f3j i obcy w j\u0119zyku"},"content":{"rendered":"","protected":false},"excerpt":{"rendered":"<p>Pomys\u0142 tej\u00a0ksi\u0105\u017cki zrodzi\u0142 si\u0119 w\u00a0trakcie wsp\u00f3\u0142pracy wyk\u0142adowc\u00f3w i\u00a0student\u00f3w z\u00a0r\u00f3\u017cnych kraj\u00f3w w\u00a0ramach programu Erasmus+.\u00a0 Wyk\u0142ady, spotkania, rozmowy, kontakt wyk\u0142adowc\u00f3w-specjalist\u00f3w ze\u00a0studentami udowodni\u0142y szeroki zakres wsp\u00f3\u0142czesnej lingwistyki: r\u00f3\u017cnorodno\u015b\u0107 obiekt\u00f3w badawczych, niejednorodno\u015b\u0107 bazy metodologicznej, oryginalno\u015b\u0107 podej\u015b\u0107 sk\u0142adaj\u0105 si\u0119 na\u00a0poliparadygmatyzm nauki o\u00a0j\u0119zyku.<\/p>\n<p>Ksi\u0105\u017cka ukaza\u0142a si\u0119 w serii wydawniczej Oblicza lingwistyki XXI wieku.<\/p>\n","protected":false},"featured_media":16447,"template":"","meta":{"_acf_changed":false},"journal":[],"rodzaj":[7074,7076],"seria":[7664],"product_brand":[],"product_cat":[6924,6926],"product_tag":[],"class_list":{"0":"post-46137","1":"product","2":"type-product","3":"status-publish","4":"has-post-thumbnail","6":"rodzaj-ksiazki","7":"rodzaj-serie-wydawnicze","8":"seria-oblicza-lingwistyki-xxi-wieku","9":"product_cat-jezykoznawstwo","10":"product_cat-przekladoznawstwo","11":"pa_rok-wydania-2021-en","13":"first","14":"outofstock","15":"taxable","16":"shipping-taxable","17":"purchasable","18":"product-type-simple"},"acf":[],"_links":{"self":[{"href":"https:\/\/wydawnictwo.ug.edu.pl\/en\/wp-json\/wp\/v2\/product\/46137","targetHints":{"allow":["GET"]}}],"collection":[{"href":"https:\/\/wydawnictwo.ug.edu.pl\/en\/wp-json\/wp\/v2\/product"}],"about":[{"href":"https:\/\/wydawnictwo.ug.edu.pl\/en\/wp-json\/wp\/v2\/types\/product"}],"wp:featuredmedia":[{"embeddable":true,"href":"https:\/\/wydawnictwo.ug.edu.pl\/en\/wp-json\/wp\/v2\/media\/16447"}],"wp:attachment":[{"href":"https:\/\/wydawnictwo.ug.edu.pl\/en\/wp-json\/wp\/v2\/media?parent=46137"}],"wp:term":[{"taxonomy":"journal","embeddable":true,"href":"https:\/\/wydawnictwo.ug.edu.pl\/en\/wp-json\/wp\/v2\/journal?post=46137"},{"taxonomy":"rodzaj","embeddable":true,"href":"https:\/\/wydawnictwo.ug.edu.pl\/en\/wp-json\/wp\/v2\/rodzaj?post=46137"},{"taxonomy":"seria","embeddable":true,"href":"https:\/\/wydawnictwo.ug.edu.pl\/en\/wp-json\/wp\/v2\/seria?post=46137"},{"taxonomy":"product_brand","embeddable":true,"href":"https:\/\/wydawnictwo.ug.edu.pl\/en\/wp-json\/wp\/v2\/product_brand?post=46137"},{"taxonomy":"product_cat","embeddable":true,"href":"https:\/\/wydawnictwo.ug.edu.pl\/en\/wp-json\/wp\/v2\/product_cat?post=46137"},{"taxonomy":"product_tag","embeddable":true,"href":"https:\/\/wydawnictwo.ug.edu.pl\/en\/wp-json\/wp\/v2\/product_tag?post=46137"}],"curies":[{"name":"wp","href":"https:\/\/api.w.org\/{rel}","templated":true}]}}