{"id":46136,"date":"2022-11-23T12:17:20","date_gmt":"2022-11-23T12:17:20","guid":{"rendered":"https:\/\/wydawnictwo.ug.edu.pl\/ksiegarnia-online\/uncategorized\/ksiega-doswiadczen-naukowego-kola-chemikow-uniwersytetu-gdanskiego\/"},"modified":"2026-02-11T13:20:28","modified_gmt":"2026-02-11T13:20:28","slug":"ksiega-doswiadczen-naukowego-kola-chemikow-uniwersytetu-gdanskiego","status":"publish","type":"product","link":"https:\/\/wydawnictwo.ug.edu.pl\/en\/ksiegarnia-online\/chemia-i-fizyka\/ksiega-doswiadczen-naukowego-kola-chemikow-uniwersytetu-gdanskiego\/","title":{"rendered":"Ksi\u0119ga do\u015bwiadcze\u0144 Naukowego Ko\u0142a Chemik\u00f3w Uniwersytetu Gda\u0144skiego"},"content":{"rendered":"","protected":false},"excerpt":{"rendered":"<p class=\"elementToProof\">Do\u015bwiadczenia w do\u015bwiadczeniach zebrane zar\u00f3wno przez dawne pokolenia cz\u0142onk\u00f3w Naukowego Ko\u0142a Chemik\u00f3w Uniwersytetu Gda\u0144skiego (NKCh UG), jak i nas samych zaowocowa\u0142y wydaniem tej oto Ksi\u0119gi do\u015bwiadcze\u0144. Jest to skrypt inny ni\u017c wi\u0119kszo\u015b\u0107. Zosta\u0142 on podzielony na dwie cz\u0119\u015bci \u2013 spis niezale\u017cnych eksperyment\u00f3w oraz rozdzia\u0142 zawieraj\u0105cy przyk\u0142adowe scenariusze warsztat\u00f3w i pokaz\u00f3w chemicznych. \u0141\u0105cznie zamie\u015bcili\u015bmy opis 60 do\u015bwiadcze\u0144, w wi\u0119kszo\u015bci opatrzonych autorskimi zdj\u0119ciami i\/lub grafikami. Ksi\u0119ga ma otwart\u0105 formu\u0142\u0119 \u2013 wobec tego zach\u0119camy do zapisywania w niej swoich uwag i spostrze\u017ce\u0144 oraz traktowania jej jako zeszytu laboratoryjnego i swego rodzaju \u015bci\u0105gi. Ksi\u0119g\u0119 opatrzyli\u015bmy r\u00f3wnie\u017c uwagami technicznymi dotycz\u0105cymi poszczeg\u00f3lnych do\u015bwiadcze\u0144, kt\u00f3re nie tylko wskazuj\u0105 na potencjalne ryzyka podczas eksperymentowania, ale r\u00f3wnie\u017c podpowiadaj\u0105 czytelniczce\/czytelnikowi alternatywne sposoby wykonania niekt\u00f3rych do\u015bwiadcze\u0144. W Ksi\u0119dze znajduje si\u0119 te\u017c spis odczynnik\u00f3w oraz obja\u015bnienia piktogram\u00f3w GHS, zgodnie z mi\u0119dzynarodow\u0105 baz\u0105 GESTIS.<\/p>\n<p class=\"elementToProof\">Wydanie Ksi\u0119gi Do\u015bwiadcze\u0144 Naukowego Ko\u0142a Chemik\u00f3w przypada na czas pomi\u0119dzy dwoma jubileuszami \u2013 50-leciem Uniwersytetu Gda\u0144skiego oraz 60-leciem NKCh UG. Z tego wzgl\u0119du w publikacji zamie\u015bcili\u015bmy r\u00f3wnie\u017c skr\u00f3cony rys historyczny Ko\u0142a.<\/p>\n<p class=\"elementToProof\">Kto mo\u017ce by\u0107 odbiorc\u0105 tej ksi\u0105\u017cki? Wszyscy! Zach\u0119camy nauczycieli do si\u0119gni\u0119cia po ni\u0105 w trakcie przygotowywania zaj\u0119\u0107 w szko\u0142ach, uczni\u00f3w chc\u0105cych pod nadzorem osoby doros\u0142ej wykona\u0107 swoje pierwsze do\u015bwiadczenia chemiczne, student\u00f3w, kt\u00f3rzy poszukuj\u0105 odskoczni od sesji albo inspiracji do pracy w ko\u0142ach naukowych, animator\u00f3w edukacyjnych pragn\u0105cych przygotowa\u0107 kreatywne zaj\u0119cia i wszystkich innych g\u0142odnych wiedzy, wybuch\u00f3w, zmiany kolor\u00f3w, zamarzaj\u0105cych kwiat\u00f3w i kolorowych p\u0142omieni!<\/p>\n<p class=\"elementToProof\"><em>Autorzy<\/em><\/p>\n<p>https:\/\/youtu.be\/o4N9AAOZuMs<\/p>\n<p>&nbsp;<\/p>\n","protected":false},"featured_media":22319,"template":"","meta":{"_acf_changed":false},"journal":[],"rodzaj":[2602],"seria":[],"product_brand":[],"product_cat":[277],"product_tag":[2206,2208,2207,2205],"class_list":{"0":"post-46136","1":"product","2":"type-product","3":"status-publish","4":"has-post-thumbnail","6":"rodzaj-ksiazki","7":"product_cat-chemia-i-fizyka","8":"product_tag-agnieszka-manikowska","9":"product_tag-daria-lada","10":"product_tag-elzbieta-adamska","11":"product_tag-tomasz-swebocki","12":"pa_rok-wydania-1179","14":"first","15":"instock","16":"taxable","17":"shipping-taxable","18":"purchasable","19":"product-type-simple"},"acf":[],"_links":{"self":[{"href":"https:\/\/wydawnictwo.ug.edu.pl\/en\/wp-json\/wp\/v2\/product\/46136","targetHints":{"allow":["GET"]}}],"collection":[{"href":"https:\/\/wydawnictwo.ug.edu.pl\/en\/wp-json\/wp\/v2\/product"}],"about":[{"href":"https:\/\/wydawnictwo.ug.edu.pl\/en\/wp-json\/wp\/v2\/types\/product"}],"wp:featuredmedia":[{"embeddable":true,"href":"https:\/\/wydawnictwo.ug.edu.pl\/en\/wp-json\/wp\/v2\/media\/22319"}],"wp:attachment":[{"href":"https:\/\/wydawnictwo.ug.edu.pl\/en\/wp-json\/wp\/v2\/media?parent=46136"}],"wp:term":[{"taxonomy":"journal","embeddable":true,"href":"https:\/\/wydawnictwo.ug.edu.pl\/en\/wp-json\/wp\/v2\/journal?post=46136"},{"taxonomy":"rodzaj","embeddable":true,"href":"https:\/\/wydawnictwo.ug.edu.pl\/en\/wp-json\/wp\/v2\/rodzaj?post=46136"},{"taxonomy":"seria","embeddable":true,"href":"https:\/\/wydawnictwo.ug.edu.pl\/en\/wp-json\/wp\/v2\/seria?post=46136"},{"taxonomy":"product_brand","embeddable":true,"href":"https:\/\/wydawnictwo.ug.edu.pl\/en\/wp-json\/wp\/v2\/product_brand?post=46136"},{"taxonomy":"product_cat","embeddable":true,"href":"https:\/\/wydawnictwo.ug.edu.pl\/en\/wp-json\/wp\/v2\/product_cat?post=46136"},{"taxonomy":"product_tag","embeddable":true,"href":"https:\/\/wydawnictwo.ug.edu.pl\/en\/wp-json\/wp\/v2\/product_tag?post=46136"}],"curies":[{"name":"wp","href":"https:\/\/api.w.org\/{rel}","templated":true}]}}