{"id":46132,"date":"2023-06-11T06:50:12","date_gmt":"2023-06-11T06:50:12","guid":{"rendered":"https:\/\/wydawnictwo.ug.edu.pl\/ksiegarnia-online\/uncategorized\/miedzy-rosja-a-zachodem\/"},"modified":"2026-02-11T13:14:10","modified_gmt":"2026-02-11T13:14:10","slug":"miedzy-rosja-a-zachodem","status":"publish","type":"product","link":"https:\/\/wydawnictwo.ug.edu.pl\/en\/ksiegarnia-online\/varia\/miedzy-rosja-a-zachodem\/","title":{"rendered":"Mi\u0119dzy Rosj\u0105 a Zachodem"},"content":{"rendered":"","protected":false},"excerpt":{"rendered":"<p>Profesor <a href=\"https:\/\/wydawnictwo.ug.edu.pl\/autorzy\/zbigniew-opacki\/\">Zbigniew Opacki<\/a> nale\u017cy do grona historyk\u00f3w zwi\u0105zanych ze \u015brodowiskiem naukowym Uniwersytetu Gda\u0144skiego, kt\u00f3rych zainteresowania badawcze dotycz\u0105 szeroko poj\u0119tej problematyki rosyjskiej. Uko\u0144czy\u0142 studia historyczne na Uniwersytecie Gda\u0144skim ze specjalizacj\u0105 nauczycielsk\u0105, a pierwsze do\u015bwiadczenia zawodowe zdoby\u0142 jako nauczyciel historii i geografii w jednym z gdy\u0144skich technik\u00f3w. Na Uniwersytet Gda\u0144ski powr\u00f3ci\u0142, by obroni\u0107 doktorat, a p\u00f3\u017aniej obj\u0105\u0107 posad\u0119 adiunkta w Instytucie Historii UG. W 2007 roku otrzyma\u0142 tytu\u0142 profesora. Jako wymagaj\u0105cy, ale bardzo zaanga\u017cowany dydaktyk, Profesor wypromowa\u0142 o\u015bmiu doktor\u00f3w, a tak\u017ce by\u0142 promotorem wielu magistr\u00f3w.<\/p>\n<p>Ksi\u0119ga <em>Mi\u0119dzy Rosj\u0105 a Zachodem. Tom jubileuszowy dedykowany Profesorowi Zbigniewowi Opackiemu<\/em>\u00a0stanowi wyraz uznania jej autor\u00f3w: by\u0142ych wsp\u00f3\u0142pracownik\u00f3w, doktorant\u00f3w i przyjaci\u00f3\u0142 dla dzia\u0142alno\u015bci naukowej i dydaktycznej Profesora.<\/p>\n","protected":false},"featured_media":24794,"template":"","meta":{"_acf_changed":false},"journal":[],"rodzaj":[7074],"seria":[],"product_brand":[],"product_cat":[6948],"product_tag":[7359,7655],"class_list":{"0":"post-46132","1":"product","2":"type-product","3":"status-publish","4":"has-post-thumbnail","6":"rodzaj-ksiazki","7":"product_cat-varia","8":"product_tag-bianca-sadowska","9":"product_tag-iwona-sakowicz-tebinka","11":"first","12":"instock","13":"taxable","14":"shipping-taxable","15":"purchasable","16":"product-type-simple"},"acf":[],"_links":{"self":[{"href":"https:\/\/wydawnictwo.ug.edu.pl\/en\/wp-json\/wp\/v2\/product\/46132","targetHints":{"allow":["GET"]}}],"collection":[{"href":"https:\/\/wydawnictwo.ug.edu.pl\/en\/wp-json\/wp\/v2\/product"}],"about":[{"href":"https:\/\/wydawnictwo.ug.edu.pl\/en\/wp-json\/wp\/v2\/types\/product"}],"wp:featuredmedia":[{"embeddable":true,"href":"https:\/\/wydawnictwo.ug.edu.pl\/en\/wp-json\/wp\/v2\/media\/24794"}],"wp:attachment":[{"href":"https:\/\/wydawnictwo.ug.edu.pl\/en\/wp-json\/wp\/v2\/media?parent=46132"}],"wp:term":[{"taxonomy":"journal","embeddable":true,"href":"https:\/\/wydawnictwo.ug.edu.pl\/en\/wp-json\/wp\/v2\/journal?post=46132"},{"taxonomy":"rodzaj","embeddable":true,"href":"https:\/\/wydawnictwo.ug.edu.pl\/en\/wp-json\/wp\/v2\/rodzaj?post=46132"},{"taxonomy":"seria","embeddable":true,"href":"https:\/\/wydawnictwo.ug.edu.pl\/en\/wp-json\/wp\/v2\/seria?post=46132"},{"taxonomy":"product_brand","embeddable":true,"href":"https:\/\/wydawnictwo.ug.edu.pl\/en\/wp-json\/wp\/v2\/product_brand?post=46132"},{"taxonomy":"product_cat","embeddable":true,"href":"https:\/\/wydawnictwo.ug.edu.pl\/en\/wp-json\/wp\/v2\/product_cat?post=46132"},{"taxonomy":"product_tag","embeddable":true,"href":"https:\/\/wydawnictwo.ug.edu.pl\/en\/wp-json\/wp\/v2\/product_tag?post=46132"}],"curies":[{"name":"wp","href":"https:\/\/api.w.org\/{rel}","templated":true}]}}