{"id":46127,"date":"2023-06-20T11:24:27","date_gmt":"2023-06-20T11:24:27","guid":{"rendered":"https:\/\/wydawnictwo.ug.edu.pl\/ksiegarnia-online\/uncategorized\/%d0%bc%d0%be%d0%b9%d1%82%d0%b5-%d0%be%d0%b3%d0%bd%d0%b5%d0%bc-%d0%b8-%d0%b6%d0%b3%d0%b8%d1%82%d0%b5-%d0%b2%d0%be%d0%b4%d0%be%d0%b9-%d1%8d%d0%b7%d0%be%d1%82%d0%b5%d1%80%d0%b8%d1%87%d0%b5\/"},"modified":"2026-02-11T13:13:12","modified_gmt":"2026-02-11T13:13:12","slug":"%d0%bc%d0%be%d0%b9%d1%82%d0%b5-%d0%be%d0%b3%d0%bd%d0%b5%d0%bc-%d0%b8-%d0%b6%d0%b3%d0%b8%d1%82%d0%b5-%d0%b2%d0%be%d0%b4%d0%be%d0%b9-%d1%8d%d0%b7%d0%be%d1%82%d0%b5%d1%80%d0%b8%d1%87%d0%b5","status":"publish","type":"product","link":"https:\/\/wydawnictwo.ug.edu.pl\/en\/ksiegarnia-online\/jezykoznawstwo\/%d0%bc%d0%be%d0%b9%d1%82%d0%b5-%d0%be%d0%b3%d0%bd%d0%b5%d0%bc-%d0%b8-%d0%b6%d0%b3%d0%b8%d1%82%d0%b5-%d0%b2%d0%be%d0%b4%d0%be%d0%b9-%d1%8d%d0%b7%d0%be%d1%82%d0%b5%d1%80%d0%b8%d1%87%d0%b5\/","title":{"rendered":"\u00ab\u041c\u043e\u0439\u0442\u0435 \u043e\u0433\u043d\u0435\u043c \u0438 \u0436\u0433\u0438\u0442\u0435 \u0432\u043e\u0434\u043e\u0439\u00bb. \u042d\u0437\u043e\u0442\u0435\u0440\u0438\u0447\u0435\u0441\u043a\u0438\u0435 \u043c\u043e\u0442\u0438\u0432\u044b \u0432 \u043f\u0440\u043e\u0437\u0435 \u0410\u043b\u0435\u043a\u0441\u0435\u044f \u0421\u043a\u0430\u043b\u0434\u0438\u043d\u0430"},"content":{"rendered":"","protected":false},"excerpt":{"rendered":"<p>\u201eObmywajcie ogniem i palcie wod\u0105\u201d. Motywy ezoteryczne w prozie Aleksieja Ska\u0142dina.<\/p>\n<p>Monografia po\u015bwi\u0119cona jest tw\u00f3rczo\u015bci prozatorskiej niemal zapomnianego rosyjskiego pisarza epoki modernizmu \u2013 Aleksieja Ska\u0142dina. Tre\u015bci, zawarte w utworach pisarza pozwalaj\u0105 s\u0105dzi\u0107, \u017ce by\u0142 on jednym z czo\u0142owych przedstawicieli rosyjskiego symbolizmu, na kt\u00f3rego niew\u0105tpliwie wp\u0142yw wywar\u0142a tradycja ezoteryczna.<\/p>\n<p>Zaproponowana w ksi\u0105\u017cce metoda badawcza opiera si\u0119 na ezoterycznym odczytaniu tw\u00f3rczo\u015bci i element\u00f3w biografii autora. W centrum bada\u0144 znajduje si\u0119 proza, w kt\u00f3rej na r\u00f3\u017cnych poziomach uwidacznia si\u0119 ezoteryczna symbolika oraz motyw drogi inicjacyjnej. Bohaterowie wykreowani przez Sk\u0142adina d\u0105\u017c\u0105 do samodoskonalenia si\u0119, poszerzenia samo\u015bwiadomo\u015bci, a tym samym do transformacji siebie i otaczaj\u0105cego ich \u015bwiata. Kinga Okroj ponadto zauwa\u017ca, \u017ce stworzone przez niego postacie, wydaj\u0105 si\u0119 powtarza\u0107 jego w\u0142asn\u0105 drog\u0119.<\/p>\n<p>Ksi\u0105\u017cka ukaza\u0142a si\u0119 w serii wydawniczej \u015awiat\u0142o i Ciemno\u015b\u0107.<\/p>\n","protected":false},"featured_media":24597,"template":"","meta":{"_acf_changed":false},"journal":[],"rodzaj":[7074,7076],"seria":[7322],"product_brand":[],"product_cat":[6924],"product_tag":[7570],"class_list":{"0":"post-46127","1":"product","2":"type-product","3":"status-publish","4":"has-post-thumbnail","6":"rodzaj-ksiazki","7":"rodzaj-serie-wydawnicze","8":"seria-swiatlo-i-ciemnosc","9":"product_cat-jezykoznawstwo","10":"product_tag-kinga-okroj","12":"first","13":"instock","14":"taxable","15":"shipping-taxable","16":"purchasable","17":"product-type-simple"},"acf":[],"_links":{"self":[{"href":"https:\/\/wydawnictwo.ug.edu.pl\/en\/wp-json\/wp\/v2\/product\/46127","targetHints":{"allow":["GET"]}}],"collection":[{"href":"https:\/\/wydawnictwo.ug.edu.pl\/en\/wp-json\/wp\/v2\/product"}],"about":[{"href":"https:\/\/wydawnictwo.ug.edu.pl\/en\/wp-json\/wp\/v2\/types\/product"}],"wp:featuredmedia":[{"embeddable":true,"href":"https:\/\/wydawnictwo.ug.edu.pl\/en\/wp-json\/wp\/v2\/media\/24597"}],"wp:attachment":[{"href":"https:\/\/wydawnictwo.ug.edu.pl\/en\/wp-json\/wp\/v2\/media?parent=46127"}],"wp:term":[{"taxonomy":"journal","embeddable":true,"href":"https:\/\/wydawnictwo.ug.edu.pl\/en\/wp-json\/wp\/v2\/journal?post=46127"},{"taxonomy":"rodzaj","embeddable":true,"href":"https:\/\/wydawnictwo.ug.edu.pl\/en\/wp-json\/wp\/v2\/rodzaj?post=46127"},{"taxonomy":"seria","embeddable":true,"href":"https:\/\/wydawnictwo.ug.edu.pl\/en\/wp-json\/wp\/v2\/seria?post=46127"},{"taxonomy":"product_brand","embeddable":true,"href":"https:\/\/wydawnictwo.ug.edu.pl\/en\/wp-json\/wp\/v2\/product_brand?post=46127"},{"taxonomy":"product_cat","embeddable":true,"href":"https:\/\/wydawnictwo.ug.edu.pl\/en\/wp-json\/wp\/v2\/product_cat?post=46127"},{"taxonomy":"product_tag","embeddable":true,"href":"https:\/\/wydawnictwo.ug.edu.pl\/en\/wp-json\/wp\/v2\/product_tag?post=46127"}],"curies":[{"name":"wp","href":"https:\/\/api.w.org\/{rel}","templated":true}]}}