{"id":46126,"date":"2023-06-21T07:10:50","date_gmt":"2023-06-21T07:10:50","guid":{"rendered":"https:\/\/wydawnictwo.ug.edu.pl\/ksiegarnia-online\/uncategorized\/rocznik-gdanski-tom-lxxxii-2022\/"},"modified":"2026-02-11T13:12:44","modified_gmt":"2026-02-11T13:12:44","slug":"rocznik-gdanski-tom-lxxxii-2022","status":"publish","type":"product","link":"https:\/\/wydawnictwo.ug.edu.pl\/en\/ksiegarnia-online\/varia\/rocznik-gdanski-tom-lxxxii-2022\/","title":{"rendered":"Rocznik Gda\u0144ski. Tom LXXXII (2022)"},"content":{"rendered":"","protected":false},"excerpt":{"rendered":"<p>\u201eRocznik Gda\u0144ski\u201d jest polskim czasopismem naukowym wydawanym od 1927 roku najpierw przez Towarzystwo Przyjaci\u00f3\u0142 Nauki i Sztuki w Gda\u0144sku, a od 1956 roku przez Gda\u0144skie Towarzystwo Naukowe. Tom LXXXII po\u015bwi\u0119cony jest pomorskim historiom i biografiom w dialogu z wojn\u0105 w tle.<\/p>\n","protected":false},"featured_media":29448,"template":"","meta":{"_acf_changed":false},"journal":[7068],"rodzaj":[7075,7077],"seria":[],"product_brand":[],"product_cat":[6948],"product_tag":[7607],"class_list":{"0":"post-46126","1":"product","2":"type-product","3":"status-publish","4":"has-post-thumbnail","6":"journal-rocznik-gdanski","7":"rodzaj-e-book","8":"rodzaj-czasopismo","9":"product_cat-varia","10":"product_tag-maria-mendelmaria-mendel","12":"first","13":"instock","14":"taxable","15":"shipping-taxable","16":"purchasable","17":"product-type-external"},"acf":[],"_links":{"self":[{"href":"https:\/\/wydawnictwo.ug.edu.pl\/en\/wp-json\/wp\/v2\/product\/46126","targetHints":{"allow":["GET"]}}],"collection":[{"href":"https:\/\/wydawnictwo.ug.edu.pl\/en\/wp-json\/wp\/v2\/product"}],"about":[{"href":"https:\/\/wydawnictwo.ug.edu.pl\/en\/wp-json\/wp\/v2\/types\/product"}],"wp:featuredmedia":[{"embeddable":true,"href":"https:\/\/wydawnictwo.ug.edu.pl\/en\/wp-json\/wp\/v2\/media\/29448"}],"wp:attachment":[{"href":"https:\/\/wydawnictwo.ug.edu.pl\/en\/wp-json\/wp\/v2\/media?parent=46126"}],"wp:term":[{"taxonomy":"journal","embeddable":true,"href":"https:\/\/wydawnictwo.ug.edu.pl\/en\/wp-json\/wp\/v2\/journal?post=46126"},{"taxonomy":"rodzaj","embeddable":true,"href":"https:\/\/wydawnictwo.ug.edu.pl\/en\/wp-json\/wp\/v2\/rodzaj?post=46126"},{"taxonomy":"seria","embeddable":true,"href":"https:\/\/wydawnictwo.ug.edu.pl\/en\/wp-json\/wp\/v2\/seria?post=46126"},{"taxonomy":"product_brand","embeddable":true,"href":"https:\/\/wydawnictwo.ug.edu.pl\/en\/wp-json\/wp\/v2\/product_brand?post=46126"},{"taxonomy":"product_cat","embeddable":true,"href":"https:\/\/wydawnictwo.ug.edu.pl\/en\/wp-json\/wp\/v2\/product_cat?post=46126"},{"taxonomy":"product_tag","embeddable":true,"href":"https:\/\/wydawnictwo.ug.edu.pl\/en\/wp-json\/wp\/v2\/product_tag?post=46126"}],"curies":[{"name":"wp","href":"https:\/\/api.w.org\/{rel}","templated":true}]}}