{"id":46124,"date":"2023-06-27T07:05:00","date_gmt":"2023-06-27T07:05:00","guid":{"rendered":"https:\/\/wydawnictwo.ug.edu.pl\/ksiegarnia-online\/uncategorized\/pierscienie-czasu\/"},"modified":"2026-02-11T13:12:41","modified_gmt":"2026-02-11T13:12:41","slug":"pierscienie-czasu","status":"publish","type":"product","link":"https:\/\/wydawnictwo.ug.edu.pl\/en\/ksiegarnia-online\/varia\/pierscienie-czasu\/","title":{"rendered":"Pier\u015bcienie Czasu"},"content":{"rendered":"","protected":false},"excerpt":{"rendered":"<p>Tematem projektu PIER\u015aCIENIE CZASU\/ Z DOMU jest tw\u00f3rca uwik\u0142any w przemijaj\u0105cy CZAS, jednak w bardzo specjalnym uj\u0119ciu. Problem czasu mo\u017cemy przedstawi\u0107 w dwojaki spos\u00f3b &#8211; w wymiarze kosmologicznym (Arystoteles) oraz duchowym (\u015bw. Augustyn). Nasze \u017cycie jest jednym wielkim PIER\u015aCIENIEM, kt\u00f3ry ma pocz\u0105tek (narodziny) i nieuchronny koniec (\u015bmier\u0107). Ten pier\u015bcie\u0144 sk\u0142ada si\u0119 z dw\u00f3ch warstw: materialnej i duchowej, kt\u00f3re wzajemnie si\u0119 uzupe\u0142niaj\u0105.<\/p>\n<p>Naukowiec i artysta, ci od empirycznego podej\u015bcia do przedmiotu, jak i ci od my\u015blenia zmys\u0142owego spotykaj\u0105 si\u0119 w tym samym punkcie. W poszukiwaniu. Pole ich dzia\u0142ania r\u00f3\u017cne, ale zakres zainteresowania zbie\u017cny. Od tysi\u0105cleci badamy, poszukujemy, zmagamy si\u0119 z materi\u0105 Wszech\u015bwiata i w tych dociekaniach Prawdy zbli\u017camy si\u0119 do siebie, poznajemy, wymieniamy do\u015bwiadczeniami. Arty\u015bci i naukowcy w\u0142a\u015bciwymi dla siebie \u015brodkami m\u00f3wi\u0105 o czasie, przemijaniu, wzajemnych relacjach czasu i miejsca.<\/p>\n<p style=\"text-align: right;\"><em>(fragment wst\u0119pu: Zbigniew Gorlak)<\/em><\/p>\n","protected":false},"featured_media":24989,"template":"","meta":{"_acf_changed":false},"journal":[],"rodzaj":[7074],"seria":[],"product_brand":[],"product_cat":[6948],"product_tag":[7652],"class_list":{"0":"post-46124","1":"product","2":"type-product","3":"status-publish","4":"has-post-thumbnail","6":"rodzaj-ksiazki","7":"product_cat-varia","8":"product_tag-zbigniew-gorlak","10":"first","11":"instock","12":"taxable","13":"shipping-taxable","14":"purchasable","15":"product-type-simple"},"acf":[],"_links":{"self":[{"href":"https:\/\/wydawnictwo.ug.edu.pl\/en\/wp-json\/wp\/v2\/product\/46124","targetHints":{"allow":["GET"]}}],"collection":[{"href":"https:\/\/wydawnictwo.ug.edu.pl\/en\/wp-json\/wp\/v2\/product"}],"about":[{"href":"https:\/\/wydawnictwo.ug.edu.pl\/en\/wp-json\/wp\/v2\/types\/product"}],"wp:featuredmedia":[{"embeddable":true,"href":"https:\/\/wydawnictwo.ug.edu.pl\/en\/wp-json\/wp\/v2\/media\/24989"}],"wp:attachment":[{"href":"https:\/\/wydawnictwo.ug.edu.pl\/en\/wp-json\/wp\/v2\/media?parent=46124"}],"wp:term":[{"taxonomy":"journal","embeddable":true,"href":"https:\/\/wydawnictwo.ug.edu.pl\/en\/wp-json\/wp\/v2\/journal?post=46124"},{"taxonomy":"rodzaj","embeddable":true,"href":"https:\/\/wydawnictwo.ug.edu.pl\/en\/wp-json\/wp\/v2\/rodzaj?post=46124"},{"taxonomy":"seria","embeddable":true,"href":"https:\/\/wydawnictwo.ug.edu.pl\/en\/wp-json\/wp\/v2\/seria?post=46124"},{"taxonomy":"product_brand","embeddable":true,"href":"https:\/\/wydawnictwo.ug.edu.pl\/en\/wp-json\/wp\/v2\/product_brand?post=46124"},{"taxonomy":"product_cat","embeddable":true,"href":"https:\/\/wydawnictwo.ug.edu.pl\/en\/wp-json\/wp\/v2\/product_cat?post=46124"},{"taxonomy":"product_tag","embeddable":true,"href":"https:\/\/wydawnictwo.ug.edu.pl\/en\/wp-json\/wp\/v2\/product_tag?post=46124"}],"curies":[{"name":"wp","href":"https:\/\/api.w.org\/{rel}","templated":true}]}}