{"id":46123,"date":"2023-06-27T10:35:53","date_gmt":"2023-06-27T10:35:53","guid":{"rendered":"https:\/\/wydawnictwo.ug.edu.pl\/ksiegarnia-online\/uncategorized\/e-book-jezyk-polityka-ideologia-tom-1\/"},"modified":"2026-02-11T13:11:09","modified_gmt":"2026-02-11T13:11:09","slug":"e-book-jezyk-polityka-ideologia-tom-1","status":"publish","type":"product","link":"https:\/\/wydawnictwo.ug.edu.pl\/en\/ksiegarnia-online\/socjologia\/e-book-jezyk-polityka-ideologia-tom-1\/","title":{"rendered":"J\u0119zyk \u2013 Polityka \u2013 Ideologia. Tom 1."},"content":{"rendered":"","protected":false},"excerpt":{"rendered":"<p>Pierwszy tom z cyklu J\u0119zyk \u2013 Polityka \u2013 Ideologia. W kontek\u015bcie ostatnich wydarze\u0144 na arenie mi\u0119dzynarodowej i w kraju wybrany obszar tematyczny jest niezwykle aktualny i powa\u017cny. Skomplikowana rzeczywisto\u015b\u0107 znajduje odzwierciedlenie w analizowanych przez autor\u00f3w tomu zjawiskach j\u0119zykowych i kulturowych.<\/p>\n","protected":false},"featured_media":24963,"template":"","meta":{"_acf_changed":false},"journal":[],"rodzaj":[7074,7075],"seria":[],"product_brand":[],"product_cat":[7047,6953],"product_tag":[7913,7472],"class_list":{"0":"post-46123","1":"product","2":"type-product","3":"status-publish","4":"has-post-thumbnail","6":"rodzaj-ksiazki","7":"rodzaj-e-book","8":"product_cat-politologia","9":"product_cat-socjologia","10":"product_tag-marta-noinskamarta-noinska","11":"product_tag-zanna-sladkiewicz","13":"first","14":"instock","15":"taxable","16":"shipping-taxable","17":"purchasable","18":"product-type-external"},"acf":[],"_links":{"self":[{"href":"https:\/\/wydawnictwo.ug.edu.pl\/en\/wp-json\/wp\/v2\/product\/46123","targetHints":{"allow":["GET"]}}],"collection":[{"href":"https:\/\/wydawnictwo.ug.edu.pl\/en\/wp-json\/wp\/v2\/product"}],"about":[{"href":"https:\/\/wydawnictwo.ug.edu.pl\/en\/wp-json\/wp\/v2\/types\/product"}],"wp:featuredmedia":[{"embeddable":true,"href":"https:\/\/wydawnictwo.ug.edu.pl\/en\/wp-json\/wp\/v2\/media\/24963"}],"wp:attachment":[{"href":"https:\/\/wydawnictwo.ug.edu.pl\/en\/wp-json\/wp\/v2\/media?parent=46123"}],"wp:term":[{"taxonomy":"journal","embeddable":true,"href":"https:\/\/wydawnictwo.ug.edu.pl\/en\/wp-json\/wp\/v2\/journal?post=46123"},{"taxonomy":"rodzaj","embeddable":true,"href":"https:\/\/wydawnictwo.ug.edu.pl\/en\/wp-json\/wp\/v2\/rodzaj?post=46123"},{"taxonomy":"seria","embeddable":true,"href":"https:\/\/wydawnictwo.ug.edu.pl\/en\/wp-json\/wp\/v2\/seria?post=46123"},{"taxonomy":"product_brand","embeddable":true,"href":"https:\/\/wydawnictwo.ug.edu.pl\/en\/wp-json\/wp\/v2\/product_brand?post=46123"},{"taxonomy":"product_cat","embeddable":true,"href":"https:\/\/wydawnictwo.ug.edu.pl\/en\/wp-json\/wp\/v2\/product_cat?post=46123"},{"taxonomy":"product_tag","embeddable":true,"href":"https:\/\/wydawnictwo.ug.edu.pl\/en\/wp-json\/wp\/v2\/product_tag?post=46123"}],"curies":[{"name":"wp","href":"https:\/\/api.w.org\/{rel}","templated":true}]}}