{"id":46122,"date":"2023-06-27T10:36:04","date_gmt":"2023-06-27T10:36:04","guid":{"rendered":"https:\/\/wydawnictwo.ug.edu.pl\/ksiegarnia-online\/uncategorized\/e-book-jezyk-polityka-ideologia-tom-2\/"},"modified":"2026-02-11T13:10:32","modified_gmt":"2026-02-11T13:10:32","slug":"e-book-jezyk-polityka-ideologia-tom-2","status":"publish","type":"product","link":"https:\/\/wydawnictwo.ug.edu.pl\/en\/ksiegarnia-online\/socjologia\/e-book-jezyk-polityka-ideologia-tom-2\/","title":{"rendered":"J\u0119zyk \u2013 Polityka \u2013 Ideologia. Tom 2."},"content":{"rendered":"","protected":false},"excerpt":{"rendered":"<p>Badania dyskursu politycznego i ideologicznego pozwalaj\u0105 lepiej zrozumie\u0107 dzia\u0142ania w\u0142adz, decyzje wyborc\u00f3w oraz spos\u00f3b formowania si\u0119 opinii publicznej. Ich interdyscyplinarny charakter wi\u0105\u017ce si\u0119 z potrzeb\u0105 analizy r\u00f3\u017cnorakich czynnik\u00f3w, takich jak kontekst spo\u0142eczny i kulturowy, narz\u0119dzia j\u0119zykowe czy percepcja i interpretacja j\u0119zyka przez odbiorc\u00f3w. Polityka i ideologia nale\u017c\u0105 do sfery zagadnie\u0144 niezmiernie wa\u017cnych dla wsp\u00f3\u0142czesnej przestrzeni komunikacyjnej. O rosn\u0105cej roli komunikacji politycznej w rozpowszechnianiu pogl\u0105d\u00f3w ideologicznych decyduje mi\u0119dzy innymi znaczny wzrost spo\u0142ecznego oddzia\u0142ywania technik cyfrowych. Nowoczesne narz\u0119dzia komunikowania si\u0119, np. media spo\u0142eczno\u015bciowe, umo\u017cliwiaj\u0105 multiplikowanie tekst\u00f3w i szybkie rozprzestrzenianie informacji przeznaczonych dla wybranej grupy odbiorc\u00f3w.<\/p>\n","protected":false},"featured_media":24959,"template":"","meta":{"_acf_changed":false},"journal":[],"rodzaj":[7074,7075],"seria":[],"product_brand":[],"product_cat":[7047,6953],"product_tag":[7913,8274],"class_list":{"0":"post-46122","1":"product","2":"type-product","3":"status-publish","4":"has-post-thumbnail","6":"rodzaj-ksiazki","7":"rodzaj-e-book","8":"product_cat-politologia","9":"product_cat-socjologia","10":"product_tag-marta-noinskamarta-noinska","11":"product_tag-urszula-patocka-siglowa","13":"first","14":"instock","15":"taxable","16":"shipping-taxable","17":"purchasable","18":"product-type-external"},"acf":[],"_links":{"self":[{"href":"https:\/\/wydawnictwo.ug.edu.pl\/en\/wp-json\/wp\/v2\/product\/46122","targetHints":{"allow":["GET"]}}],"collection":[{"href":"https:\/\/wydawnictwo.ug.edu.pl\/en\/wp-json\/wp\/v2\/product"}],"about":[{"href":"https:\/\/wydawnictwo.ug.edu.pl\/en\/wp-json\/wp\/v2\/types\/product"}],"wp:featuredmedia":[{"embeddable":true,"href":"https:\/\/wydawnictwo.ug.edu.pl\/en\/wp-json\/wp\/v2\/media\/24959"}],"wp:attachment":[{"href":"https:\/\/wydawnictwo.ug.edu.pl\/en\/wp-json\/wp\/v2\/media?parent=46122"}],"wp:term":[{"taxonomy":"journal","embeddable":true,"href":"https:\/\/wydawnictwo.ug.edu.pl\/en\/wp-json\/wp\/v2\/journal?post=46122"},{"taxonomy":"rodzaj","embeddable":true,"href":"https:\/\/wydawnictwo.ug.edu.pl\/en\/wp-json\/wp\/v2\/rodzaj?post=46122"},{"taxonomy":"seria","embeddable":true,"href":"https:\/\/wydawnictwo.ug.edu.pl\/en\/wp-json\/wp\/v2\/seria?post=46122"},{"taxonomy":"product_brand","embeddable":true,"href":"https:\/\/wydawnictwo.ug.edu.pl\/en\/wp-json\/wp\/v2\/product_brand?post=46122"},{"taxonomy":"product_cat","embeddable":true,"href":"https:\/\/wydawnictwo.ug.edu.pl\/en\/wp-json\/wp\/v2\/product_cat?post=46122"},{"taxonomy":"product_tag","embeddable":true,"href":"https:\/\/wydawnictwo.ug.edu.pl\/en\/wp-json\/wp\/v2\/product_tag?post=46122"}],"curies":[{"name":"wp","href":"https:\/\/api.w.org\/{rel}","templated":true}]}}