{"id":46117,"date":"2023-07-22T07:42:42","date_gmt":"2023-07-22T07:42:42","guid":{"rendered":"https:\/\/wydawnictwo.ug.edu.pl\/ksiegarnia-online\/uncategorized\/demostenes-dla-prawnikow\/"},"modified":"2026-02-11T13:10:24","modified_gmt":"2026-02-11T13:10:24","slug":"demostenes-dla-prawnikow","status":"publish","type":"product","link":"https:\/\/wydawnictwo.ug.edu.pl\/en\/ksiegarnia-online\/prawo-i-administracja\/demostenes-dla-prawnikow\/","title":{"rendered":"Demostenes dla prawnik\u00f3w"},"content":{"rendered":"","protected":false},"excerpt":{"rendered":"<p style=\"text-align: justify;\">Kardynalne cechy procedur s\u0105dowych, jak bezstronno\u015b\u0107, jawno\u015b\u0107, domniemanie niewinno\u015bci, kontradyktoryjno\u015b\u0107, r\u00f3wno\u015b\u0107 stron, skargowo\u015b\u0107, instancyjno\u015b\u0107, maj\u0105 swoje \u017ar\u00f3d\u0142o w prawie staro\u017cytnych Aten. Badaczy prawa do dzi\u015b inspiruje te\u017c ustr\u00f3j ate\u0144skich s\u0105d\u00f3w i spos\u00f3b sprawowania wymiaru sprawiedliwo\u015bci. (\u2026) Osobliwo\u015bci\u0105, a wr\u0119cz fenomenem prawa ate\u0144skiego by\u0142 niezawodowy (amatorski) charakter wymiaru sprawiedliwo\u015bci. S\u0119dziami byli obywatele Aten, kt\u00f3rzy prawo poznawali na podstawie m\u00f3w wyg\u0142aszanych przez strony procesowe. Autor trafnie wskazuje na potrzeb\u0119 poszerzenia refleksji prawie o dorobek pozostawiony przez staro\u017cytne Ateny. Osoba Demostenesa i napisane przez niego mowy stanowi\u0105 za\u015b dobry materia\u0142 do oceny wsp\u00f3\u0142czesnego prawa, a zw\u0142aszcza autorytarnych zmian dokonanych w polskim prawie. Oceniana praca, razem z wcze\u015bniejsz\u0105 ksi\u0105\u017ck\u0105 <a href=\"https:\/\/wydawnictwo.ug.edu.pl\/produkt\/cyceron-dla-prawnikow\/\"><em>Cyceron dla prawnik\u00f3w<\/em><\/a> (Gda\u0144sk, 2019) obejmuje \u201ez\u0142oty okres\u201d w dziejach rozwoju prawa, w kt\u00f3rym kszta\u0142towa\u0142y si\u0119 podstawowe poj\u0119cia o prawie, dotycz\u0105ce m.in. sprawiedliwo\u015bci i s\u0142uszno\u015bci, cel\u00f3w prawa i jego zwi\u0105zku z moralno\u015bci\u0105, cech i zasad, warto\u015bci podlegaj\u0105cych ochronie prawnej i sposobu ich ochrony. Kwestie te s\u0105 od lat przedmiotem docieka\u0144 historyk\u00f3w, filozof\u00f3w i dogmatyk\u00f3w prawa, gdy\u017c nic nie straci\u0142y ze swej aktualno\u015bci.<\/p>\n<p style=\"text-align: right;\">Z recenzji prof. Jerzego Skorupki<\/p>\n<p>Ksi\u0105\u017cka ukaza\u0142a si\u0119 w serii wydawniczej Studia z Estetyki Prawa.<\/p>\n<p style=\"text-align: left;\">Finansowanie: Naczelna Rada Adwokacka.<\/p>\n<p><img decoding=\"async\" class=\"alignnone wp-image-25601\" src=\"https:\/\/wydawnictwo.ug.edu.pl\/wp-content\/uploads\/2023\/07\/medium_file-apznakpodstawowypantone3435-34738.png\" alt=\"\" width=\"132\" height=\"88\" srcset=\"https:\/\/wydawnictwo.ug.edu.pl\/wp-content\/uploads\/2023\/07\/medium_file-apznakpodstawowypantone3435-34738.png 340w, https:\/\/wydawnictwo.ug.edu.pl\/wp-content\/uploads\/2023\/07\/medium_file-apznakpodstawowypantone3435-34738-300x200.png 300w\" sizes=\"(max-width: 132px) 100vw, 132px\" \/><\/p>\n<p>&nbsp;<\/p>\n","protected":false},"featured_media":25121,"template":"","meta":{"_acf_changed":false},"journal":[],"rodzaj":[7074,7076],"seria":[7083],"product_brand":[],"product_cat":[6932],"product_tag":[7509],"class_list":{"0":"post-46117","1":"product","2":"type-product","3":"status-publish","4":"has-post-thumbnail","6":"rodzaj-ksiazki","7":"rodzaj-serie-wydawnicze","8":"seria-studia-z-estetyki-prawa","9":"product_cat-prawo-i-administracja","10":"product_tag-jerzy-zajadlojerzy-zajadlo","12":"first","13":"instock","14":"taxable","15":"shipping-taxable","16":"purchasable","17":"product-type-simple"},"acf":[],"_links":{"self":[{"href":"https:\/\/wydawnictwo.ug.edu.pl\/en\/wp-json\/wp\/v2\/product\/46117","targetHints":{"allow":["GET"]}}],"collection":[{"href":"https:\/\/wydawnictwo.ug.edu.pl\/en\/wp-json\/wp\/v2\/product"}],"about":[{"href":"https:\/\/wydawnictwo.ug.edu.pl\/en\/wp-json\/wp\/v2\/types\/product"}],"wp:featuredmedia":[{"embeddable":true,"href":"https:\/\/wydawnictwo.ug.edu.pl\/en\/wp-json\/wp\/v2\/media\/25121"}],"wp:attachment":[{"href":"https:\/\/wydawnictwo.ug.edu.pl\/en\/wp-json\/wp\/v2\/media?parent=46117"}],"wp:term":[{"taxonomy":"journal","embeddable":true,"href":"https:\/\/wydawnictwo.ug.edu.pl\/en\/wp-json\/wp\/v2\/journal?post=46117"},{"taxonomy":"rodzaj","embeddable":true,"href":"https:\/\/wydawnictwo.ug.edu.pl\/en\/wp-json\/wp\/v2\/rodzaj?post=46117"},{"taxonomy":"seria","embeddable":true,"href":"https:\/\/wydawnictwo.ug.edu.pl\/en\/wp-json\/wp\/v2\/seria?post=46117"},{"taxonomy":"product_brand","embeddable":true,"href":"https:\/\/wydawnictwo.ug.edu.pl\/en\/wp-json\/wp\/v2\/product_brand?post=46117"},{"taxonomy":"product_cat","embeddable":true,"href":"https:\/\/wydawnictwo.ug.edu.pl\/en\/wp-json\/wp\/v2\/product_cat?post=46117"},{"taxonomy":"product_tag","embeddable":true,"href":"https:\/\/wydawnictwo.ug.edu.pl\/en\/wp-json\/wp\/v2\/product_tag?post=46117"}],"curies":[{"name":"wp","href":"https:\/\/api.w.org\/{rel}","templated":true}]}}