{"id":46116,"date":"2023-07-27T07:37:58","date_gmt":"2023-07-27T07:37:58","guid":{"rendered":"https:\/\/wydawnictwo.ug.edu.pl\/ksiegarnia-online\/uncategorized\/argumenta-historica-2022-nr-9\/"},"modified":"2026-02-11T13:10:20","modified_gmt":"2026-02-11T13:10:20","slug":"argumenta-historica-2022-nr-9","status":"publish","type":"product","link":"https:\/\/wydawnictwo.ug.edu.pl\/en\/ksiegarnia-online\/historia\/argumenta-historica-2022-nr-9\/","title":{"rendered":"Argumenta Historica 2022, nr 9"},"content":{"rendered":"","protected":false},"excerpt":{"rendered":"<p>Na \u0142amach czasopisma \u201eArgumenta Historica\u201d publikowane s\u0105 artyku\u0142y dotycz\u0105ce zar\u00f3wno historii Polski, jak i dziej\u00f3w powszechnych. Prezentowane teksty odnosz\u0105 si\u0119 do r\u00f3\u017cnych dziedzin badawczych z historii i nauk pokrewnych (historia polityczna, gospodarcza, spo\u0142eczna itp.). G\u0142\u00f3wnym celem czasopisma jest upowszechnianie dorobku badawczego doktorant\u00f3w Wydzia\u0142u Historycznego UG.<\/p>\n","protected":false},"featured_media":25166,"template":"","meta":{"_acf_changed":false},"journal":[7541],"rodzaj":[7077],"seria":[],"product_brand":[],"product_cat":[6958],"product_tag":[],"class_list":{"0":"post-46116","1":"product","2":"type-product","3":"status-publish","4":"has-post-thumbnail","6":"journal-argumenta-historica","7":"rodzaj-czasopismo","8":"product_cat-historia","10":"first","11":"instock","12":"taxable","13":"shipping-taxable","14":"purchasable","15":"product-type-simple"},"acf":[],"_links":{"self":[{"href":"https:\/\/wydawnictwo.ug.edu.pl\/en\/wp-json\/wp\/v2\/product\/46116","targetHints":{"allow":["GET"]}}],"collection":[{"href":"https:\/\/wydawnictwo.ug.edu.pl\/en\/wp-json\/wp\/v2\/product"}],"about":[{"href":"https:\/\/wydawnictwo.ug.edu.pl\/en\/wp-json\/wp\/v2\/types\/product"}],"wp:featuredmedia":[{"embeddable":true,"href":"https:\/\/wydawnictwo.ug.edu.pl\/en\/wp-json\/wp\/v2\/media\/25166"}],"wp:attachment":[{"href":"https:\/\/wydawnictwo.ug.edu.pl\/en\/wp-json\/wp\/v2\/media?parent=46116"}],"wp:term":[{"taxonomy":"journal","embeddable":true,"href":"https:\/\/wydawnictwo.ug.edu.pl\/en\/wp-json\/wp\/v2\/journal?post=46116"},{"taxonomy":"rodzaj","embeddable":true,"href":"https:\/\/wydawnictwo.ug.edu.pl\/en\/wp-json\/wp\/v2\/rodzaj?post=46116"},{"taxonomy":"seria","embeddable":true,"href":"https:\/\/wydawnictwo.ug.edu.pl\/en\/wp-json\/wp\/v2\/seria?post=46116"},{"taxonomy":"product_brand","embeddable":true,"href":"https:\/\/wydawnictwo.ug.edu.pl\/en\/wp-json\/wp\/v2\/product_brand?post=46116"},{"taxonomy":"product_cat","embeddable":true,"href":"https:\/\/wydawnictwo.ug.edu.pl\/en\/wp-json\/wp\/v2\/product_cat?post=46116"},{"taxonomy":"product_tag","embeddable":true,"href":"https:\/\/wydawnictwo.ug.edu.pl\/en\/wp-json\/wp\/v2\/product_tag?post=46116"}],"curies":[{"name":"wp","href":"https:\/\/api.w.org\/{rel}","templated":true}]}}