{"id":46112,"date":"2023-07-31T13:20:42","date_gmt":"2023-07-31T13:20:42","guid":{"rendered":"https:\/\/wydawnictwo.ug.edu.pl\/ksiegarnia-online\/uncategorized\/lord-mansfield-sedzia-byc-wyd-2\/"},"modified":"2026-02-11T13:10:12","modified_gmt":"2026-02-11T13:10:12","slug":"lord-mansfield-sedzia-byc-wyd-2","status":"publish","type":"product","link":"https:\/\/wydawnictwo.ug.edu.pl\/en\/ksiegarnia-online\/prawo-i-administracja\/lord-mansfield-sedzia-byc-wyd-2\/","title":{"rendered":"Lord Mansfield. S\u0119dzi\u0105 by\u0107! Wyd. 2"},"content":{"rendered":"","protected":false},"excerpt":{"rendered":"<p>Drugie wydanie ksi\u0105\u017cki <em>Lord Mansfield. S\u0119dzi\u0105 by\u0107!<\/em> Jerzego Zajad\u0142y prowadzi czytelnik\u00f3w przez histori\u0119: prawa, orzecznictwa i polityki Anglii XVIII wieku. W pasjonuj\u0105cy spos\u00f3b Jerzy Zajad\u0142o omawia judykaty s\u0119dziego, dowodz\u0105c s\u0142uszno\u015bci przekonania Edwarda Thurlowa, Lorda Chancellor, twierdz\u0105cego, \u017ce \u201eLord Mansfield by\u0142 rzeczywi\u015bcie zadziwiaj\u0105cy, w dziewi\u0119\u0107dziesi\u0119ciu przypadkach na sto mia\u0142 racj\u0119, a je\u015bli si\u0119 myli\u0142, to zaledwie jeden prawnik na stu by\u0142 to w stanie rozpozna\u0107\u201d. To w\u0142a\u015bnie nad wyraz trafne orzeczenia s\u0119dziego staj\u0105 si\u0119 g\u0142\u00f3wnym bohaterem ksi\u0105\u017cki. Dzi\u0119ki przyst\u0119pnemu j\u0119zykowi profesor Zajad\u0142o przybli\u017ca czytelnikom wiedz\u0119 z zakresu s\u0105d\u00f3w, s\u0105dzenia oraz filozofii prawa. Pierwsze wydanie ksi\u0105\u017cki w j\u0119zyku polskim ukaza\u0142o si\u0119 nak\u0142adem Wydawnictwa Uniwersytetu Gda\u0144skiego w 2019 roku. W kwietniu 2021 roku mia\u0142a miejsce premiera <a href=\"https:\/\/wydawnictwo.ug.edu.pl\/produkt\/lord-mansfield-to-be-a-judge\/\">angloj\u0119zycznej<\/a> wersji.<\/p>\n<p>Zas\u0142ug\u0105 Jerzego Zajad\u0142o jest to, \u017ce pasjonuj\u0105ca opowie\u015b\u0107 o Lordzie Mansfield wzbogaca wiedz\u0119 polskiego czytelnika o s\u0105dach i s\u0105dzeniu: o tym, z czym musi zmaga\u0107 si\u0119 s\u0119dzia przy orzekaniu jako prawnik-fachowiec, o konfrontacji z oczekiwaniami \u2013 spo\u0142ecznymi, politycznymi (nie b\u00f3jmy si\u0119 przyzna\u0107, \u017ce i one wyst\u0119puj\u0105, ale trzeba umie\u0107 sobie z tym radzi\u0107 w zgodzie z etosem zawodowy\u00a0 i rzemios\u0142em). I w tej ostatniej kwestii przypadek bohatera ksi\u0105\u017cki funkcjonuj\u0105cego jako doradca kr\u00f3la i wykazuj\u0105cego z kolei jako s\u0119dzia w\u0142a\u015bciwy dystans i obiektywizm mo\u017ce by\u0107 szczeg\u00f3lnie pouczaj\u0105cy. (\u2026) Charakterystyczna, co uda\u0142o si\u0119 Autorowi dobrze uchwyci\u0107, jest szczeg\u00f3lnie filozofia s\u0105dzenia, jak\u0105 prezentuje bohater. Wyra\u017ca si\u0119 ona w inkluzywno\u015bci podej\u015bcia do prawa i dba\u0142o\u015bci o jego spo\u0142eczne legitymizacyjne zakorzenienie. Tym sposobem Autor i jego bohater prezentuj\u0105 zbie\u017cno\u015b\u0107 postawy poznawczej. Przedstawienie przez Jerzego Zajad\u0142o sylwetki Lorda Mansfield jako takiego w\u0142a\u015bnie prawnika nast\u0119puje poprzez om\u00f3wienie jego judykat\u00f3w b\u0119d\u0105cych w\u0142a\u015bciwym bohaterem ksi\u0105\u017cki; rzadko kiedy kwestie w\u0105tpliwe, sporne, dylematy orzekania bywaj\u0105 zaprezentowane r\u00f3wnie czytelnie.<\/p>\n<p style=\"text-align: right;\">Z recenzji Profesor Ewy \u0141\u0119towskiej<\/p>\n","protected":false},"featured_media":25199,"template":"","meta":{"_acf_changed":false},"journal":[],"rodzaj":[7074],"seria":[],"product_brand":[],"product_cat":[6932],"product_tag":[7509],"class_list":{"0":"post-46112","1":"product","2":"type-product","3":"status-publish","4":"has-post-thumbnail","6":"rodzaj-ksiazki","7":"product_cat-prawo-i-administracja","8":"product_tag-jerzy-zajadlojerzy-zajadlo","10":"first","11":"instock","12":"taxable","13":"shipping-taxable","14":"purchasable","15":"product-type-simple"},"acf":[],"_links":{"self":[{"href":"https:\/\/wydawnictwo.ug.edu.pl\/en\/wp-json\/wp\/v2\/product\/46112","targetHints":{"allow":["GET"]}}],"collection":[{"href":"https:\/\/wydawnictwo.ug.edu.pl\/en\/wp-json\/wp\/v2\/product"}],"about":[{"href":"https:\/\/wydawnictwo.ug.edu.pl\/en\/wp-json\/wp\/v2\/types\/product"}],"wp:featuredmedia":[{"embeddable":true,"href":"https:\/\/wydawnictwo.ug.edu.pl\/en\/wp-json\/wp\/v2\/media\/25199"}],"wp:attachment":[{"href":"https:\/\/wydawnictwo.ug.edu.pl\/en\/wp-json\/wp\/v2\/media?parent=46112"}],"wp:term":[{"taxonomy":"journal","embeddable":true,"href":"https:\/\/wydawnictwo.ug.edu.pl\/en\/wp-json\/wp\/v2\/journal?post=46112"},{"taxonomy":"rodzaj","embeddable":true,"href":"https:\/\/wydawnictwo.ug.edu.pl\/en\/wp-json\/wp\/v2\/rodzaj?post=46112"},{"taxonomy":"seria","embeddable":true,"href":"https:\/\/wydawnictwo.ug.edu.pl\/en\/wp-json\/wp\/v2\/seria?post=46112"},{"taxonomy":"product_brand","embeddable":true,"href":"https:\/\/wydawnictwo.ug.edu.pl\/en\/wp-json\/wp\/v2\/product_brand?post=46112"},{"taxonomy":"product_cat","embeddable":true,"href":"https:\/\/wydawnictwo.ug.edu.pl\/en\/wp-json\/wp\/v2\/product_cat?post=46112"},{"taxonomy":"product_tag","embeddable":true,"href":"https:\/\/wydawnictwo.ug.edu.pl\/en\/wp-json\/wp\/v2\/product_tag?post=46112"}],"curies":[{"name":"wp","href":"https:\/\/api.w.org\/{rel}","templated":true}]}}