{"id":46111,"date":"2023-07-31T16:12:29","date_gmt":"2023-07-31T16:12:29","guid":{"rendered":"https:\/\/wydawnictwo.ug.edu.pl\/ksiegarnia-online\/uncategorized\/karnoprawna-ochrona-dziedzictwa-kultury-w-hiszpanii\/"},"modified":"2026-02-11T13:10:08","modified_gmt":"2026-02-11T13:10:08","slug":"karnoprawna-ochrona-dziedzictwa-kultury-w-hiszpanii","status":"publish","type":"product","link":"https:\/\/wydawnictwo.ug.edu.pl\/en\/ksiegarnia-online\/prawo-i-administracja\/karnoprawna-ochrona-dziedzictwa-kultury-w-hiszpanii\/","title":{"rendered":"Karnoprawna ochrona dziedzictwa kultury w Hiszpanii"},"content":{"rendered":"","protected":false},"excerpt":{"rendered":"<p>\u201eAutorka wskaza\u0142a podobie\u0144stwa i r\u00f3\u017cnice w regulacjach prawnych obowi\u0105zuj\u0105cych w Hiszpanii i Polsce. Przedstawi\u0142a najwa\u017cniejsze problemy zwi\u0105zane z funkcjonowaniem tych regulacji w praktyce, a tak\u017ce \u2014 co jest niezwykle wa\u017cne \u2014 zaproponowa\u0142a wprowadzenie do prawa polskiego pozytywnie ocenianych rozwi\u0105za\u0144 hiszpa\u0144skich. Ksi\u0105\u017cka z punktu widzenia teorii prawa i prawa karnego stanowi cenny materia\u0142 poznawczy i por\u00f3wnawczy. Tak\u017ce bogactwo zg\u0142oszonych propozycji za\u015bwiadcza o wyj\u0105tkowych kompetencjach Autorki i Jej badawczej dociekliwo\u015bci. Co najwa\u017cniejsze, praca zawiera wiele postulat\u00f3w praktycznych. Ich wdro\u017cenie w \u017cycie z ca\u0142\u0105 pewno\u015bci\u0105 usprawni\u0142oby funkcjonuj\u0105ce systemy ochrony dziedzictwa kultury w analizowanych krajach\u201d.<\/p>\n<p style=\"text-align: right;\">Z recenzji prof. Wies\u0142awa P\u0142ywaczewskiego<\/p>\n<p>Ksi\u0105\u017cka ukaza\u0142a si\u0119 w serii wydawniczej Biblioteka Prawa Ochrony Zabytk\u00f3w.<\/p>\n<p>Publikacja dofinansowana przez Narodowy Instytut Dziedzictwa.<\/p>\n<p><img decoding=\"async\" class=\"wp-image-25593 alignleft\" src=\"https:\/\/wydawnictwo.ug.edu.pl\/wp-content\/uploads\/2023\/07\/05_znak_uproszczony_kolor_biale_tlo_RGB-1024x288.png\" alt=\"\" width=\"163\" height=\"46\" srcset=\"https:\/\/wydawnictwo.ug.edu.pl\/wp-content\/uploads\/2023\/07\/05_znak_uproszczony_kolor_biale_tlo_RGB-1024x288.png 1024w, https:\/\/wydawnictwo.ug.edu.pl\/wp-content\/uploads\/2023\/07\/05_znak_uproszczony_kolor_biale_tlo_RGB-600x169.png 600w, https:\/\/wydawnictwo.ug.edu.pl\/wp-content\/uploads\/2023\/07\/05_znak_uproszczony_kolor_biale_tlo_RGB-300x84.png 300w, https:\/\/wydawnictwo.ug.edu.pl\/wp-content\/uploads\/2023\/07\/05_znak_uproszczony_kolor_biale_tlo_RGB-768x216.png 768w, https:\/\/wydawnictwo.ug.edu.pl\/wp-content\/uploads\/2023\/07\/05_znak_uproszczony_kolor_biale_tlo_RGB-1536x432.png 1536w, https:\/\/wydawnictwo.ug.edu.pl\/wp-content\/uploads\/2023\/07\/05_znak_uproszczony_kolor_biale_tlo_RGB-640x180.png 640w, https:\/\/wydawnictwo.ug.edu.pl\/wp-content\/uploads\/2023\/07\/05_znak_uproszczony_kolor_biale_tlo_RGB-400x113.png 400w, https:\/\/wydawnictwo.ug.edu.pl\/wp-content\/uploads\/2023\/07\/05_znak_uproszczony_kolor_biale_tlo_RGB.png 1600w\" sizes=\"(max-width: 163px) 100vw, 163px\" \/><img decoding=\"async\" class=\"wp-image-25734 alignleft\" src=\"https:\/\/wydawnictwo.ug.edu.pl\/wp-content\/uploads\/2023\/07\/nid-3-1-1024x535.png\" alt=\"\" width=\"112\" height=\"59\" srcset=\"https:\/\/wydawnictwo.ug.edu.pl\/wp-content\/uploads\/2023\/07\/nid-3-1-1024x535.png 1024w, https:\/\/wydawnictwo.ug.edu.pl\/wp-content\/uploads\/2023\/07\/nid-3-1-600x314.png 600w, https:\/\/wydawnictwo.ug.edu.pl\/wp-content\/uploads\/2023\/07\/nid-3-1-300x157.png 300w, https:\/\/wydawnictwo.ug.edu.pl\/wp-content\/uploads\/2023\/07\/nid-3-1-768x401.png 768w, https:\/\/wydawnictwo.ug.edu.pl\/wp-content\/uploads\/2023\/07\/nid-3-1-640x334.png 640w, https:\/\/wydawnictwo.ug.edu.pl\/wp-content\/uploads\/2023\/07\/nid-3-1-400x209.png 400w, https:\/\/wydawnictwo.ug.edu.pl\/wp-content\/uploads\/2023\/07\/nid-3-1.png 1200w\" sizes=\"(max-width: 112px) 100vw, 112px\" \/><\/p>\n<div id=\"gtx-trans\" style=\"position: absolute; left: -68px; top: -16.6px;\">\n<div class=\"gtx-trans-icon\"><\/div>\n<\/div>\n","protected":false},"featured_media":25203,"template":"","meta":{"_acf_changed":false},"journal":[],"rodzaj":[7074,7076],"seria":[7078],"product_brand":[],"product_cat":[6932],"product_tag":[7645],"class_list":{"0":"post-46111","1":"product","2":"type-product","3":"status-publish","4":"has-post-thumbnail","6":"rodzaj-ksiazki","7":"rodzaj-serie-wydawnicze","8":"seria-biblioteka-prawa-ochrony-zabytkow","9":"product_cat-prawo-i-administracja","10":"product_tag-anna-lawickaanna-lawicka","12":"first","13":"instock","14":"taxable","15":"shipping-taxable","16":"purchasable","17":"product-type-simple"},"acf":[],"_links":{"self":[{"href":"https:\/\/wydawnictwo.ug.edu.pl\/en\/wp-json\/wp\/v2\/product\/46111","targetHints":{"allow":["GET"]}}],"collection":[{"href":"https:\/\/wydawnictwo.ug.edu.pl\/en\/wp-json\/wp\/v2\/product"}],"about":[{"href":"https:\/\/wydawnictwo.ug.edu.pl\/en\/wp-json\/wp\/v2\/types\/product"}],"wp:featuredmedia":[{"embeddable":true,"href":"https:\/\/wydawnictwo.ug.edu.pl\/en\/wp-json\/wp\/v2\/media\/25203"}],"wp:attachment":[{"href":"https:\/\/wydawnictwo.ug.edu.pl\/en\/wp-json\/wp\/v2\/media?parent=46111"}],"wp:term":[{"taxonomy":"journal","embeddable":true,"href":"https:\/\/wydawnictwo.ug.edu.pl\/en\/wp-json\/wp\/v2\/journal?post=46111"},{"taxonomy":"rodzaj","embeddable":true,"href":"https:\/\/wydawnictwo.ug.edu.pl\/en\/wp-json\/wp\/v2\/rodzaj?post=46111"},{"taxonomy":"seria","embeddable":true,"href":"https:\/\/wydawnictwo.ug.edu.pl\/en\/wp-json\/wp\/v2\/seria?post=46111"},{"taxonomy":"product_brand","embeddable":true,"href":"https:\/\/wydawnictwo.ug.edu.pl\/en\/wp-json\/wp\/v2\/product_brand?post=46111"},{"taxonomy":"product_cat","embeddable":true,"href":"https:\/\/wydawnictwo.ug.edu.pl\/en\/wp-json\/wp\/v2\/product_cat?post=46111"},{"taxonomy":"product_tag","embeddable":true,"href":"https:\/\/wydawnictwo.ug.edu.pl\/en\/wp-json\/wp\/v2\/product_tag?post=46111"}],"curies":[{"name":"wp","href":"https:\/\/api.w.org\/{rel}","templated":true}]}}