{"id":46108,"date":"2023-09-12T00:01:00","date_gmt":"2023-09-12T00:01:00","guid":{"rendered":"https:\/\/wydawnictwo.ug.edu.pl\/ksiegarnia-online\/uncategorized\/estetyka-prawa\/"},"modified":"2026-02-11T13:10:00","modified_gmt":"2026-02-11T13:10:00","slug":"estetyka-prawa","status":"publish","type":"product","link":"https:\/\/wydawnictwo.ug.edu.pl\/en\/ksiegarnia-online\/prawo-i-administracja\/estetyka-prawa\/","title":{"rendered":"Estetyka prawa"},"content":{"rendered":"","protected":false},"excerpt":{"rendered":"<p>Ksi\u0105\u017cka po\u015bwi\u0119cona jest poszukiwaniom pi\u0105tego dzia\u0142u filozofii prawa, kt\u00f3ry \u2013 obok ontologii prawa, epistemologii prawa, logiki i\u00a0etyki prawniczej \u2013 uzupe\u0142nia jej przestrzenie badawcze analogicznie do\u00a0filozofii og\u00f3lnej. Okazuje si\u0119 bowiem, \u017ce\u00a0estetyczne aspekty prawa mog\u0105 mie\u0107 praktyczne znaczenie we\u00a0wszystkich jego pi\u0119ciu fenomenach, czyli: tworzeniu, obowi\u0105zywaniu, przestrzeganiu, stosowaniu i\u00a0wyk\u0142adni. Co wi\u0119cej, estetyka prawa wp\u0142ywa tak\u017ce na\u00a0kszta\u0142towanie \u015bwiadomo\u015bci prawnej i\u00a0postaw wobec prawa. Ca\u0142o\u015b\u0107 wywodu zosta\u0142a uporz\u0105dkowana tak, \u017ce\u00a0wyr\u00f3\u017cniono zewn\u0119trzne i\u00a0wewn\u0119trzne uj\u0119cia estetyki prawa oraz\u00a0zreferowano zagadnienie prawa jako narz\u0119dzia estetyzacji. To wszystko poparte jest wieloma przyk\u0142adami zaczerpni\u0119tymi ze\u00a0\u015bwiata kultury i\u00a0sztuki.<\/p>\n<p>\u201ePrzygotowywana przez wiele lat ksi\u0105\u017cka Kamila Zeidlera stanie si\u0119 wkr\u00f3tce wydarzeniem naukowym\u00a0 w skali interdyscyplinarnej, nie tylko w Polsce. Jej donios\u0142e walory wynikaj\u0105 z szerokich horyzont\u00f3w badawczych autora, jego ogromnej erudycji w zakresie filozofii prawa, estetyki czy dziej\u00f3w sztuki europejskiej. Zdumia\u0142a mnie obfito\u015b\u0107 i jako\u015b\u0107 \u00a0ilustracji skutecznie dope\u0142niaj\u0105cych rozwa\u017cania autora\u201d.<\/p>\n<p style=\"text-align: right;\">Z recenzji prof. Juliusza A. Chro\u015bcickiego<\/p>\n<p>\u201eKsi\u0105\u017cka pozwala czytelnikowi nie tylko dowiedzie\u0107 si\u0119 bardzo wiele o relacji prawa do rozmaitych wymiar\u00f3w kultury i sztuki, lecz przede wszystkim stwarza rzadk\u0105 okazj\u0119, aby towarzyszy\u0107 autorowi w przecieraniu nowych, fascynuj\u0105cych \u015bcie\u017cek filozofii prawa\u201d.<\/p>\n<p style=\"text-align: right;\">z recenzji prof. Tomasza Pietrzykowskiego<\/p>\n<p>Ksi\u0105\u017cka ukaza\u0142a si\u0119 w serii wydawniczej Studia z Estetyki Prawa.<\/p>\n<p><a href=\"https:\/\/audycje.tokfm.pl\/podcast\/78685,Poezja-prawa\" target=\"_blank\" rel=\"noopener\">Audycja o ksi\u0105\u017cce w TOK FM<\/a><\/p>\n<p>Ksi\u0105\u017cka otrzyma\u0142a <a href=\"https:\/\/wydawnictwo.ug.edu.pl\/nominacje-i-nagrody\/nagrody-w-konkursie-academia-2019-dla-ksiazek-dialogi-dziel-dawnych-i-estetyka-prawa\/\" target=\"_blank\" rel=\"noopener\">wyr\u00f3\u017cnienie<\/a> Rektora Uniwersytetu Warszawskiego dla publikacji akademickiej w dziedzinie nauk spo\u0142ecznych i humanistycznych za ksi\u0105\u017ck\u0119 ACADEMIA 2019.<\/p>\n<p><a href=\"https:\/\/wydawnictwo.ug.edu.pl\/wp-content\/uploads\/2021\/07\/PIP_2020_11_Michal-Jaskolski.pdf\">Artyku\u0142 recenzyjny<\/a> w czasopi\u015bmie \u201ePa\u0144stwo i prawo\u201d.<\/p>\n<p><a href=\"file:\/\/\/C:\/Users\/m.szabat\/Downloads\/recenzja%20Estetyka%20prawa.pdf\">Recenzja<\/a> w czasopi\u015bmie \u201eActa Iuris Stetinensis\u201d.<\/p>\n<div id=\"gtx-trans\" style=\"position: absolute; left: -35px; top: -16.6px;\">\n<div class=\"gtx-trans-icon\"><\/div>\n<\/div>\n","protected":false},"featured_media":15141,"template":"","meta":{"_acf_changed":false},"journal":[],"rodzaj":[7074,7076],"seria":[7083],"product_brand":[],"product_cat":[6932],"product_tag":[7413],"class_list":{"0":"post-46108","1":"product","2":"type-product","3":"status-publish","4":"has-post-thumbnail","6":"rodzaj-ksiazki","7":"rodzaj-serie-wydawnicze","8":"seria-studia-z-estetyki-prawa","9":"product_cat-prawo-i-administracja","10":"product_tag-kamil-zeidlerkamil-zeidler","11":"pa_rok-wydania-2018-en","13":"first","14":"instock","15":"taxable","16":"shipping-taxable","17":"purchasable","18":"product-type-simple"},"acf":[],"_links":{"self":[{"href":"https:\/\/wydawnictwo.ug.edu.pl\/en\/wp-json\/wp\/v2\/product\/46108","targetHints":{"allow":["GET"]}}],"collection":[{"href":"https:\/\/wydawnictwo.ug.edu.pl\/en\/wp-json\/wp\/v2\/product"}],"about":[{"href":"https:\/\/wydawnictwo.ug.edu.pl\/en\/wp-json\/wp\/v2\/types\/product"}],"wp:featuredmedia":[{"embeddable":true,"href":"https:\/\/wydawnictwo.ug.edu.pl\/en\/wp-json\/wp\/v2\/media\/15141"}],"wp:attachment":[{"href":"https:\/\/wydawnictwo.ug.edu.pl\/en\/wp-json\/wp\/v2\/media?parent=46108"}],"wp:term":[{"taxonomy":"journal","embeddable":true,"href":"https:\/\/wydawnictwo.ug.edu.pl\/en\/wp-json\/wp\/v2\/journal?post=46108"},{"taxonomy":"rodzaj","embeddable":true,"href":"https:\/\/wydawnictwo.ug.edu.pl\/en\/wp-json\/wp\/v2\/rodzaj?post=46108"},{"taxonomy":"seria","embeddable":true,"href":"https:\/\/wydawnictwo.ug.edu.pl\/en\/wp-json\/wp\/v2\/seria?post=46108"},{"taxonomy":"product_brand","embeddable":true,"href":"https:\/\/wydawnictwo.ug.edu.pl\/en\/wp-json\/wp\/v2\/product_brand?post=46108"},{"taxonomy":"product_cat","embeddable":true,"href":"https:\/\/wydawnictwo.ug.edu.pl\/en\/wp-json\/wp\/v2\/product_cat?post=46108"},{"taxonomy":"product_tag","embeddable":true,"href":"https:\/\/wydawnictwo.ug.edu.pl\/en\/wp-json\/wp\/v2\/product_tag?post=46108"}],"curies":[{"name":"wp","href":"https:\/\/api.w.org\/{rel}","templated":true}]}}